{"id":12401,"date":"2023-11-26T08:54:04","date_gmt":"2023-11-26T08:54:04","guid":{"rendered":"https:\/\/videa.lv\/?page_id=12401"},"modified":"2023-12-16T10:30:50","modified_gmt":"2023-12-16T10:30:50","slug":"lumi-majas","status":"publish","type":"page","link":"https:\/\/videa.lv\/ru\/lumi-majas\/","title":{"rendered":"Daudzdz\u012bvok\u013cu \u0113ka R\u012bgas centr\u0101"},"content":{"rendered":"\t\t<div data-elementor-type=\"wp-page\" data-elementor-id=\"12401\" class=\"elementor elementor-12401\" data-elementor-settings=\"[]\">\n\t\t\t\t\t\t<div class=\"elementor-inner\">\n\t\t\t\t\t\t\t<div class=\"elementor-section-wrap\">\n\t\t\t\t\t\t\t<section class=\"elementor-section elementor-top-section elementor-element elementor-element-d3fa106 elementor-section-height-min-height elementor-section-boxed elementor-section-height-default elementor-section-items-middle\" data-id=\"d3fa106\" data-element_type=\"section\" data-settings=\"{&quot;background_background&quot;:&quot;classic&quot;}\">\n\t\t\t\t\t\t<div class=\"elementor-container elementor-column-gap-default\">\n\t\t\t\t\t\t\t<div class=\"elementor-row\">\n\t\t\t\t\t<div class=\"elementor-column elementor-col-100 elementor-top-column elementor-element elementor-element-f0083e8\" data-id=\"f0083e8\" data-element_type=\"column\">\n\t\t\t<div class=\"elementor-column-wrap elementor-element-populated\">\n\t\t\t\t\t\t\t<div class=\"elementor-widget-wrap\">\n\t\t\t\t\t\t<section class=\"elementor-section elementor-inner-section elementor-element elementor-element-a0d9dd0 elementor-section-boxed elementor-section-height-default elementor-section-height-default\" data-id=\"a0d9dd0\" data-element_type=\"section\">\n\t\t\t\t\t\t<div class=\"elementor-container elementor-column-gap-no\">\n\t\t\t\t\t\t\t<div class=\"elementor-row\">\n\t\t\t\t\t<div class=\"elementor-column elementor-col-50 elementor-inner-column elementor-element elementor-element-09f200b\" data-id=\"09f200b\" data-element_type=\"column\">\n\t\t\t<div class=\"elementor-column-wrap elementor-element-populated\">\n\t\t\t\t\t\t\t<div class=\"elementor-widget-wrap\">\n\t\t\t\t\t\t<div class=\"elementor-element elementor-element-eb1be88 elementor-widget elementor-widget-heading\" data-id=\"eb1be88\" data-element_type=\"widget\" data-widget_type=\"heading.default\">\n\t\t\t\t<div class=\"elementor-widget-container\">\n\t\t\t<h2 class=\"elementor-heading-title elementor-size-default\"><a href=\"http:\/\/HOFT%20House%20of%20the%20Flying%20Trees\">  \"Lumi m\u0101jas\", \u043c\u043d\u043e\u0433\u043e\u043a\u0432\u0430\u0440\u0442\u0438\u0440\u043d\u044b\u0439 \u0434\u043e\u043c<br><\/a><\/h2>\t\t<\/div>\n\t\t\t\t<\/div>\n\t\t\t\t<div class=\"elementor-element elementor-element-be93d0b elementor-widget elementor-widget-heading\" data-id=\"be93d0b\" data-element_type=\"widget\" data-widget_type=\"heading.default\">\n\t\t\t\t<div class=\"elementor-widget-container\">\n\t\t\t<h2 class=\"elementor-heading-title elementor-size-default\">\n<\/h2>\t\t<\/div>\n\t\t\t\t<\/div>\n\t\t\t\t\t\t<\/div>\n\t\t\t\t\t<\/div>\n\t\t<\/div>\n\t\t\t\t<div class=\"elementor-column elementor-col-50 elementor-inner-column elementor-element elementor-element-e12af56\" data-id=\"e12af56\" data-element_type=\"column\">\n\t\t\t<div class=\"elementor-column-wrap elementor-element-populated\">\n\t\t\t\t\t\t\t<div class=\"elementor-widget-wrap\">\n\t\t\t\t\t\t<div class=\"elementor-element elementor-element-831fb7b elementor-widget elementor-widget-text-editor\" data-id=\"831fb7b\" data-element_type=\"widget\" data-widget_type=\"text-editor.default\">\n\t\t\t\t<div class=\"elementor-widget-container\">\n\t\t\t\t\t\t\t\t<div class=\"elementor-text-editor elementor-clearfix\">\n\t\t\t\t<p><\/p><p><\/p><p><span style=\"color: var( --e-global-color-accent ); font-size: 0.8em; background-color: var( --e-global-color-122bf92 );\">\u041f\u0440\u043e\u0435\u043a\u0442: Lumi m\u0101jas , \u0443\u043b.Terbatas 72<\/span><\/p><p>\u0414\u0435\u0432\u0435\u043b\u043e\u043f\u0435\u0440: Lumi Capital, YIT Latvija<\/p><p>\u0410\u0440\u0445\u0438\u0442\u0435\u043a\u0442\u043e\u0440: Ieva Samovi\u010da \u0438\u0437 \u0430\u0440\u0445.\u0431\u044e\u0440\u043e CORE projekts<\/p><p>\u0420\u0435\u0430\u043b\u0438\u0437\u0430\u0446\u0438\u044f: 2023 \u0433\u043e\u0434<\/p><p>\u0414\u043e\u0441\u0442\u0430\u0432\u043a\u0430 \u043f\u043b\u0438\u0442\u043a\u0438 \u0434\u043b\u044f \u043e\u0442\u0434\u0435\u043b\u043a\u0438 \u0444\u0430\u0441\u0430\u0434\u0430, \u0430 \u0442\u0430\u043a\u0436\u0435 \u0441\u0430\u043d.\u0443\u0437\u043b\u043e\u0432.<span style=\"color: var( --e-global-color-accent ); font-size: 0.8em; background-color: var( --e-global-color-122bf92 );\"><\/span><\/p>\t\t\t\t\t<\/div>\n\t\t\t\t\t\t<\/div>\n\t\t\t\t<\/div>\n\t\t\t\t\t\t<\/div>\n\t\t\t\t\t<\/div>\n\t\t<\/div>\n\t\t\t\t\t\t\t\t<\/div>\n\t\t\t\t\t<\/div>\n\t\t<\/section>\n\t\t\t\t<div class=\"elementor-element elementor-element-bb68a5b elementor-widget elementor-widget-gallery\" data-id=\"bb68a5b\" data-element_type=\"widget\" data-settings=\"{&quot;columns_tablet&quot;:3,&quot;columns_mobile&quot;:2,&quot;columns&quot;:5,&quot;aspect_ratio&quot;:&quot;1:1&quot;,&quot;lazyload&quot;:&quot;yes&quot;,&quot;gallery_layout&quot;:&quot;grid&quot;,&quot;gap&quot;:{&quot;unit&quot;:&quot;px&quot;,&quot;size&quot;:10,&quot;sizes&quot;:[]},&quot;gap_tablet&quot;:{&quot;unit&quot;:&quot;px&quot;,&quot;size&quot;:10,&quot;sizes&quot;:[]},&quot;gap_mobile&quot;:{&quot;unit&quot;:&quot;px&quot;,&quot;size&quot;:10,&quot;sizes&quot;:[]},&quot;link_to&quot;:&quot;file&quot;,&quot;overlay_background&quot;:&quot;yes&quot;,&quot;content_hover_animation&quot;:&quot;fade-in&quot;}\" data-widget_type=\"gallery.default\">\n\t\t\t\t<div class=\"elementor-widget-container\">\n\t\t\t\t\t<div class=\"elementor-gallery__container\">\n\t\t\t\t\t\t\t<a class=\"e-gallery-item elementor-gallery-item elementor-animated-content\" href=\"https:\/\/videa.lv\/wp-content\/uploads\/2023\/12\/Terbatas-72_16.png\" data-elementor-open-lightbox=\"yes\" data-elementor-lightbox-slideshow=\"all-bb68a5b\">\n\t\t\t\t\t<div class=\"e-gallery-image elementor-gallery-item__image\" data-thumbnail=\"https:\/\/videa.lv\/wp-content\/uploads\/2023\/12\/Terbatas-72_16.png\" data-width=\"914\" data-height=\"1610\" alt=\"\" ><\/div>\n\t\t\t\t\t\t\t\t\t\t<div class=\"elementor-gallery-item__overlay\"><\/div>\n\t\t\t\t\t\t\t\t\t\t\t\t\t\t<\/a>\n\t\t\t\t\t\t\t<a class=\"e-gallery-item elementor-gallery-item elementor-animated-content\" href=\"https:\/\/videa.lv\/wp-content\/uploads\/2023\/12\/Terbatas-72_13.png\" data-elementor-open-lightbox=\"yes\" data-elementor-lightbox-slideshow=\"all-bb68a5b\">\n\t\t\t\t\t<div class=\"e-gallery-image elementor-gallery-item__image\" data-thumbnail=\"https:\/\/videa.lv\/wp-content\/uploads\/2023\/12\/Terbatas-72_13.png\" data-width=\"1210\" data-height=\"1610\" alt=\"\" ><\/div>\n\t\t\t\t\t\t\t\t\t\t<div class=\"elementor-gallery-item__overlay\"><\/div>\n\t\t\t\t\t\t\t\t\t\t\t\t\t\t<\/a>\n\t\t\t\t\t\t\t<a class=\"e-gallery-item elementor-gallery-item elementor-animated-content\" href=\"https:\/\/videa.lv\/wp-content\/uploads\/2023\/12\/Terbatas-72_1-scaled.jpg\" data-elementor-open-lightbox=\"yes\" data-elementor-lightbox-slideshow=\"all-bb68a5b\">\n\t\t\t\t\t<div class=\"e-gallery-image elementor-gallery-item__image\" data-thumbnail=\"https:\/\/videa.lv\/wp-content\/uploads\/2023\/12\/Terbatas-72_1-scaled.jpg\" data-width=\"1920\" data-height=\"2560\" alt=\"\" ><\/div>\n\t\t\t\t\t\t\t\t\t\t<div class=\"elementor-gallery-item__overlay\"><\/div>\n\t\t\t\t\t\t\t\t\t\t\t\t\t\t<\/a>\n\t\t\t\t\t\t\t<a class=\"e-gallery-item elementor-gallery-item elementor-animated-content\" href=\"https:\/\/videa.lv\/wp-content\/uploads\/2023\/12\/Terbatas-72_15.png\" data-elementor-open-lightbox=\"yes\" data-elementor-lightbox-slideshow=\"all-bb68a5b\">\n\t\t\t\t\t<div class=\"e-gallery-image elementor-gallery-item__image\" data-thumbnail=\"https:\/\/videa.lv\/wp-content\/uploads\/2023\/12\/Terbatas-72_15.png\" data-width=\"1818\" data-height=\"1610\" alt=\"\" ><\/div>\n\t\t\t\t\t\t\t\t\t\t<div class=\"elementor-gallery-item__overlay\"><\/div>\n\t\t\t\t\t\t\t\t\t\t\t\t\t\t<\/a>\n\t\t\t\t\t\t\t<a class=\"e-gallery-item elementor-gallery-item elementor-animated-content\" href=\"https:\/\/videa.lv\/wp-content\/uploads\/2023\/12\/Terbatas-72_14.png\" data-elementor-open-lightbox=\"yes\" data-elementor-lightbox-slideshow=\"all-bb68a5b\">\n\t\t\t\t\t<div class=\"e-gallery-image elementor-gallery-item__image\" data-thumbnail=\"https:\/\/videa.lv\/wp-content\/uploads\/2023\/12\/Terbatas-72_14.png\" data-width=\"914\" data-height=\"1610\" alt=\"\" ><\/div>\n\t\t\t\t\t\t\t\t\t\t<div class=\"elementor-gallery-item__overlay\"><\/div>\n\t\t\t\t\t\t\t\t\t\t\t\t\t\t<\/a>\n\t\t\t\t\t\t\t<a class=\"e-gallery-item elementor-gallery-item elementor-animated-content\" href=\"https:\/\/videa.lv\/wp-content\/uploads\/2023\/12\/Terbatas-72_17-scaled.jpeg\" data-elementor-open-lightbox=\"yes\" data-elementor-lightbox-slideshow=\"all-bb68a5b\">\n\t\t\t\t\t<div class=\"e-gallery-image elementor-gallery-item__image\" data-thumbnail=\"https:\/\/videa.lv\/wp-content\/uploads\/2023\/12\/Terbatas-72_17-scaled.jpeg\" data-width=\"1440\" data-height=\"2560\" alt=\"\" ><\/div>\n\t\t\t\t\t\t\t\t\t\t<div class=\"elementor-gallery-item__overlay\"><\/div>\n\t\t\t\t\t\t\t\t\t\t\t\t\t\t<\/a>\n\t\t\t\t\t<\/div>\n\t\t\t<\/div>\n\t\t\t\t<\/div>\n\t\t\t\t\t\t<\/div>\n\t\t\t\t\t<\/div>\n\t\t<\/div>\n\t\t\t\t\t\t\t\t<\/div>\n\t\t\t\t\t<\/div>\n\t\t<\/section>\n\t\t\t\t\t\t<\/div>\n\t\t\t\t\t\t<\/div>\n\t\t\t\t\t<\/div>\n\t\t","protected":false},"excerpt":{"rendered":"<p>&#171;Lumi m\u0101jas&#187;, \u043c\u043d\u043e\u0433\u043e\u043a\u0432\u0430\u0440\u0442\u0438\u0440\u043d\u044b\u0439 \u0434\u043e\u043c \u041f\u0440\u043e\u0435\u043a\u0442: Lumi m\u0101jas , \u0443\u043b.Terbatas 72 \u0414\u0435\u0432\u0435\u043b\u043e\u043f\u0435\u0440: Lumi Capital, YIT Latvija \u0410\u0440\u0445\u0438\u0442\u0435\u043a\u0442\u043e\u0440: Ieva Samovi\u010da \u0438\u0437 \u0430\u0440\u0445.\u0431\u044e\u0440\u043e CORE projekts \u0420\u0435\u0430\u043b\u0438\u0437\u0430\u0446\u0438\u044f: 2023 \u0433\u043e\u0434 \u0414\u043e\u0441\u0442\u0430\u0432\u043a\u0430 \u043f\u043b\u0438\u0442\u043a\u0438 \u0434\u043b\u044f \u043e\u0442\u0434\u0435\u043b\u043a\u0438 \u0444\u0430\u0441\u0430\u0434\u0430, \u0430 \u0442\u0430\u043a\u0436\u0435 \u0441\u0430\u043d.\u0443\u0437\u043b\u043e\u0432.<\/p>\n","protected":false},"author":1,"featured_media":0,"parent":0,"menu_order":0,"comment_status":"closed","ping_status":"closed","template":"","meta":{"footnotes":""},"class_list":["post-12401","page","type-page","status-publish","hentry"],"_links":{"self":[{"href":"https:\/\/videa.lv\/ru\/wp-json\/wp\/v2\/pages\/12401","targetHints":{"allow":["GET"]}}],"collection":[{"href":"https:\/\/videa.lv\/ru\/wp-json\/wp\/v2\/pages"}],"about":[{"href":"https:\/\/videa.lv\/ru\/wp-json\/wp\/v2\/types\/page"}],"author":[{"embeddable":true,"href":"https:\/\/videa.lv\/ru\/wp-json\/wp\/v2\/users\/1"}],"replies":[{"embeddable":true,"href":"https:\/\/videa.lv\/ru\/wp-json\/wp\/v2\/comments?post=12401"}],"version-history":[{"count":29,"href":"https:\/\/videa.lv\/ru\/wp-json\/wp\/v2\/pages\/12401\/revisions"}],"predecessor-version":[{"id":12778,"href":"https:\/\/videa.lv\/ru\/wp-json\/wp\/v2\/pages\/12401\/revisions\/12778"}],"wp:attachment":[{"href":"https:\/\/videa.lv\/ru\/wp-json\/wp\/v2\/media?parent=12401"}],"curies":[{"name":"wp","href":"https:\/\/api.w.org\/{rel}","templated":true}]}}