{"id":12436,"date":"2023-11-26T09:18:05","date_gmt":"2023-11-26T09:18:05","guid":{"rendered":"https:\/\/videa.lv\/?page_id=12436"},"modified":"2023-11-26T09:18:43","modified_gmt":"2023-11-26T09:18:43","slug":"viesnica-vecriga","status":"publish","type":"page","link":"https:\/\/videa.lv\/ru\/viesnica-vecriga\/","title":{"rendered":"Viesn\u012bca vecr\u012bg\u0101"},"content":{"rendered":"\t\t<div data-elementor-type=\"wp-page\" data-elementor-id=\"12436\" class=\"elementor elementor-12436\" data-elementor-settings=\"[]\">\n\t\t\t\t\t\t<div class=\"elementor-inner\">\n\t\t\t\t\t\t\t<div class=\"elementor-section-wrap\">\n\t\t\t\t\t\t\t<section class=\"elementor-section elementor-top-section elementor-element elementor-element-1ac04fc elementor-section-height-min-height elementor-section-boxed elementor-section-height-default elementor-section-items-middle\" data-id=\"1ac04fc\" data-element_type=\"section\" data-settings=\"{&quot;background_background&quot;:&quot;classic&quot;}\">\n\t\t\t\t\t\t<div class=\"elementor-container elementor-column-gap-default\">\n\t\t\t\t\t\t\t<div class=\"elementor-row\">\n\t\t\t\t\t<div class=\"elementor-column elementor-col-100 elementor-top-column elementor-element elementor-element-f4b3835\" data-id=\"f4b3835\" data-element_type=\"column\">\n\t\t\t<div class=\"elementor-column-wrap elementor-element-populated\">\n\t\t\t\t\t\t\t<div class=\"elementor-widget-wrap\">\n\t\t\t\t\t\t<section class=\"elementor-section elementor-inner-section elementor-element elementor-element-936454f elementor-section-boxed elementor-section-height-default elementor-section-height-default\" data-id=\"936454f\" data-element_type=\"section\">\n\t\t\t\t\t\t<div class=\"elementor-container elementor-column-gap-no\">\n\t\t\t\t\t\t\t<div class=\"elementor-row\">\n\t\t\t\t\t<div class=\"elementor-column elementor-col-50 elementor-inner-column elementor-element elementor-element-d106676\" data-id=\"d106676\" data-element_type=\"column\">\n\t\t\t<div class=\"elementor-column-wrap elementor-element-populated\">\n\t\t\t\t\t\t\t<div class=\"elementor-widget-wrap\">\n\t\t\t\t\t\t<div class=\"elementor-element elementor-element-155756a elementor-widget elementor-widget-heading\" data-id=\"155756a\" data-element_type=\"widget\" data-widget_type=\"heading.default\">\n\t\t\t\t<div class=\"elementor-widget-container\">\n\t\t\t<h2 class=\"elementor-heading-title elementor-size-default\"><a href=\"http:\/\/HOFT%20House%20of%20the%20Flying%20Trees\">   \u041e\u0442\u0435\u043b\u044c \u0432 \u0421\u0442\u0430\u0440\u043e\u0439 \u0420\u0438\u0433\u0435 <\/a><\/h2>\t\t<\/div>\n\t\t\t\t<\/div>\n\t\t\t\t<div class=\"elementor-element elementor-element-0729c58 elementor-widget elementor-widget-heading\" data-id=\"0729c58\" data-element_type=\"widget\" data-widget_type=\"heading.default\">\n\t\t\t\t<div class=\"elementor-widget-container\">\n\t\t\t<h2 class=\"elementor-heading-title elementor-size-default\">\n<\/h2>\t\t<\/div>\n\t\t\t\t<\/div>\n\t\t\t\t\t\t<\/div>\n\t\t\t\t\t<\/div>\n\t\t<\/div>\n\t\t\t\t<div class=\"elementor-column elementor-col-50 elementor-inner-column elementor-element elementor-element-a8b1357\" data-id=\"a8b1357\" data-element_type=\"column\">\n\t\t\t<div class=\"elementor-column-wrap elementor-element-populated\">\n\t\t\t\t\t\t\t<div class=\"elementor-widget-wrap\">\n\t\t\t\t\t\t<div class=\"elementor-element elementor-element-55dcbdf elementor-widget elementor-widget-text-editor\" data-id=\"55dcbdf\" data-element_type=\"widget\" data-widget_type=\"text-editor.default\">\n\t\t\t\t<div class=\"elementor-widget-container\">\n\t\t\t\t\t\t\t\t<div class=\"elementor-text-editor elementor-clearfix\">\n\t\t\t\t<p class=\"p1\"><\/p><p class=\"p1\"> \u041f\u0440\u043e\u0435\u043a\u0442: <span class=\"Apple-converted-space\">HOFT House of the Flying Trees, \u0443\u043b.\u0421\u0442\u0440\u0435\u043b\u043d\u0438\u0435\u043a\u0443 5<\/span><\/p><p class=\"p1\">\u0420\u0430\u0437\u0440\u0430\u0431\u043e\u0442\u0447\u0438\u043a \u043f\u0440\u043e\u0435\u043a\u0442\u0430: <span class=\"Apple-converted-space\">R.evolution City<\/span><\/p><p class=\"p1\">\u0410\u0440\u0445\u0438\u0442\u0435\u043a\u0442\u043e\u0440: <span class=\"Apple-converted-space\">OPEN AD \u0440\u0443\u043a\u043e\u0432\u043e\u0434\u0442\u0435\u043b\u044c \u0431\u044e\u0440\u043e\u00a0 Zane Tetere-\u0160ulce \u0438 Dita Lapi\u0146a \u0438\u0437 \u0430\u0440\u0445\u0438\u0442\u0435\u043a\u0442\u0443\u0440\u043d\u043e\u0433\u043e \u0431\u044e\u0440\u043e KROKS.<\/span><\/p><p class=\"p1\">\u0420\u0435\u0430\u043b\u0438\u0437\u0430\u0446\u0438\u044f: 2021 \u0433.<\/p><p class=\"p1\">\u041f\u0440\u043e\u0438\u0437\u0432\u043e\u0434\u0441\u0442\u0432\u043e \u0438 \u0443\u0441\u0442\u0430\u043d\u043e\u0432\u043a\u0430 \u0441\u0442\u0443\u043f\u0435\u043d\u0435\u0439 \u0438\u0437 \u043a\u0430\u043c\u043d\u044f,\u00a0 \u0434\u043e\u0441\u0442\u0430\u0432\u043a\u0430 \u043f\u043b\u0438\u0442\u043a\u0442\u0438. <\/p>\t\t\t\t\t<\/div>\n\t\t\t\t\t\t<\/div>\n\t\t\t\t<\/div>\n\t\t\t\t\t\t<\/div>\n\t\t\t\t\t<\/div>\n\t\t<\/div>\n\t\t\t\t\t\t\t\t<\/div>\n\t\t\t\t\t<\/div>\n\t\t<\/section>\n\t\t\t\t<div class=\"elementor-element elementor-element-a10f5cb elementor-widget elementor-widget-gallery\" data-id=\"a10f5cb\" data-element_type=\"widget\" data-settings=\"{&quot;columns_tablet&quot;:3,&quot;columns_mobile&quot;:2,&quot;columns&quot;:5,&quot;aspect_ratio&quot;:&quot;1:1&quot;,&quot;lazyload&quot;:&quot;yes&quot;,&quot;gallery_layout&quot;:&quot;grid&quot;,&quot;gap&quot;:{&quot;unit&quot;:&quot;px&quot;,&quot;size&quot;:10,&quot;sizes&quot;:[]},&quot;gap_tablet&quot;:{&quot;unit&quot;:&quot;px&quot;,&quot;size&quot;:10,&quot;sizes&quot;:[]},&quot;gap_mobile&quot;:{&quot;unit&quot;:&quot;px&quot;,&quot;size&quot;:10,&quot;sizes&quot;:[]},&quot;link_to&quot;:&quot;file&quot;,&quot;overlay_background&quot;:&quot;yes&quot;,&quot;content_hover_animation&quot;:&quot;fade-in&quot;}\" data-widget_type=\"gallery.default\">\n\t\t\t\t<div class=\"elementor-widget-container\">\n\t\t\t\t\t<div class=\"elementor-gallery__container\">\n\t\t\t\t\t\t\t<a class=\"e-gallery-item elementor-gallery-item elementor-animated-content\" href=\"https:\/\/videa.lv\/wp-content\/uploads\/2021\/06\/154843485_755549238654340_3227826082109952389_n.jpeg\" data-elementor-open-lightbox=\"yes\" data-elementor-lightbox-slideshow=\"all-a10f5cb\">\n\t\t\t\t\t<div class=\"e-gallery-image elementor-gallery-item__image\" data-thumbnail=\"https:\/\/videa.lv\/wp-content\/uploads\/2021\/06\/154843485_755549238654340_3227826082109952389_n.jpeg\" data-width=\"1250\" data-height=\"1875\" alt=\"\" ><\/div>\n\t\t\t\t\t\t\t\t\t\t<div class=\"elementor-gallery-item__overlay\"><\/div>\n\t\t\t\t\t\t\t\t\t\t\t\t\t\t<\/a>\n\t\t\t\t\t\t\t<a class=\"e-gallery-item elementor-gallery-item elementor-animated-content\" href=\"https:\/\/videa.lv\/wp-content\/uploads\/2021\/06\/173819462_783226259219971_2782876075593977264_n.jpeg\" data-elementor-open-lightbox=\"yes\" data-elementor-lightbox-slideshow=\"all-a10f5cb\">\n\t\t\t\t\t<div class=\"e-gallery-image elementor-gallery-item__image\" data-thumbnail=\"https:\/\/videa.lv\/wp-content\/uploads\/2021\/06\/173819462_783226259219971_2782876075593977264_n.jpeg\" data-width=\"1920\" data-height=\"1280\" alt=\"\" ><\/div>\n\t\t\t\t\t\t\t\t\t\t<div class=\"elementor-gallery-item__overlay\"><\/div>\n\t\t\t\t\t\t\t\t\t\t\t\t\t\t<\/a>\n\t\t\t\t\t\t\t<a class=\"e-gallery-item elementor-gallery-item elementor-animated-content\" href=\"https:\/\/videa.lv\/wp-content\/uploads\/2021\/06\/DGM0066-HDR-copy.jpeg\" data-elementor-open-lightbox=\"yes\" data-elementor-lightbox-slideshow=\"all-a10f5cb\">\n\t\t\t\t\t<div class=\"e-gallery-image elementor-gallery-item__image\" data-thumbnail=\"https:\/\/videa.lv\/wp-content\/uploads\/2021\/06\/DGM0066-HDR-copy.jpeg\" data-width=\"1365\" data-height=\"2048\" alt=\"\" ><\/div>\n\t\t\t\t\t\t\t\t\t\t<div class=\"elementor-gallery-item__overlay\"><\/div>\n\t\t\t\t\t\t\t\t\t\t\t\t\t\t<\/a>\n\t\t\t\t\t\t\t<a class=\"e-gallery-item elementor-gallery-item elementor-animated-content\" href=\"https:\/\/videa.lv\/wp-content\/uploads\/2021\/06\/DGM0081-HDR-copy.jpeg\" data-elementor-open-lightbox=\"yes\" data-elementor-lightbox-slideshow=\"all-a10f5cb\">\n\t\t\t\t\t<div class=\"e-gallery-image elementor-gallery-item__image\" data-thumbnail=\"https:\/\/videa.lv\/wp-content\/uploads\/2021\/06\/DGM0081-HDR-copy.jpeg\" data-width=\"1365\" data-height=\"2048\" alt=\"\" ><\/div>\n\t\t\t\t\t\t\t\t\t\t<div class=\"elementor-gallery-item__overlay\"><\/div>\n\t\t\t\t\t\t\t\t\t\t\t\t\t\t<\/a>\n\t\t\t\t\t\t\t<a class=\"e-gallery-item elementor-gallery-item elementor-animated-content\" href=\"https:\/\/videa.lv\/wp-content\/uploads\/2021\/06\/DGM0047-HDR-copy.jpeg\" data-elementor-open-lightbox=\"yes\" data-elementor-lightbox-slideshow=\"all-a10f5cb\">\n\t\t\t\t\t<div class=\"e-gallery-image elementor-gallery-item__image\" data-thumbnail=\"https:\/\/videa.lv\/wp-content\/uploads\/2021\/06\/DGM0047-HDR-copy.jpeg\" data-width=\"1365\" data-height=\"2048\" alt=\"\" ><\/div>\n\t\t\t\t\t\t\t\t\t\t<div class=\"elementor-gallery-item__overlay\"><\/div>\n\t\t\t\t\t\t\t\t\t\t\t\t\t\t<\/a>\n\t\t\t\t\t\t\t<a class=\"e-gallery-item elementor-gallery-item elementor-animated-content\" href=\"https:\/\/videa.lv\/wp-content\/uploads\/2021\/06\/IMG_4978-copy-scaled.jpg\" data-elementor-open-lightbox=\"yes\" data-elementor-lightbox-slideshow=\"all-a10f5cb\">\n\t\t\t\t\t<div class=\"e-gallery-image elementor-gallery-item__image\" data-thumbnail=\"https:\/\/videa.lv\/wp-content\/uploads\/2021\/06\/IMG_4978-copy-scaled.jpg\" data-width=\"2560\" data-height=\"1707\" alt=\"\" ><\/div>\n\t\t\t\t\t\t\t\t\t\t<div class=\"elementor-gallery-item__overlay\"><\/div>\n\t\t\t\t\t\t\t\t\t\t\t\t\t\t<\/a>\n\t\t\t\t\t\t\t<a class=\"e-gallery-item elementor-gallery-item elementor-animated-content\" href=\"https:\/\/videa.lv\/wp-content\/uploads\/2021\/06\/DGM0056-HDR-copy.jpeg\" data-elementor-open-lightbox=\"yes\" data-elementor-lightbox-slideshow=\"all-a10f5cb\">\n\t\t\t\t\t<div class=\"e-gallery-image elementor-gallery-item__image\" data-thumbnail=\"https:\/\/videa.lv\/wp-content\/uploads\/2021\/06\/DGM0056-HDR-copy.jpeg\" data-width=\"1365\" data-height=\"2048\" alt=\"\" ><\/div>\n\t\t\t\t\t\t\t\t\t\t<div class=\"elementor-gallery-item__overlay\"><\/div>\n\t\t\t\t\t\t\t\t\t\t\t\t\t\t<\/a>\n\t\t\t\t\t\t\t<a class=\"e-gallery-item elementor-gallery-item elementor-animated-content\" href=\"https:\/\/videa.lv\/wp-content\/uploads\/2021\/06\/DGM0022-HDR-copy.jpeg\" data-elementor-open-lightbox=\"yes\" data-elementor-lightbox-slideshow=\"all-a10f5cb\">\n\t\t\t\t\t<div class=\"e-gallery-image elementor-gallery-item__image\" data-thumbnail=\"https:\/\/videa.lv\/wp-content\/uploads\/2021\/06\/DGM0022-HDR-copy.jpeg\" data-width=\"1365\" data-height=\"2048\" alt=\"\" ><\/div>\n\t\t\t\t\t\t\t\t\t\t<div class=\"elementor-gallery-item__overlay\"><\/div>\n\t\t\t\t\t\t\t\t\t\t\t\t\t\t<\/a>\n\t\t\t\t\t<\/div>\n\t\t\t<\/div>\n\t\t\t\t<\/div>\n\t\t\t\t\t\t<\/div>\n\t\t\t\t\t<\/div>\n\t\t<\/div>\n\t\t\t\t\t\t\t\t<\/div>\n\t\t\t\t\t<\/div>\n\t\t<\/section>\n\t\t\t\t\t\t<\/div>\n\t\t\t\t\t\t<\/div>\n\t\t\t\t\t<\/div>\n\t\t","protected":false},"excerpt":{"rendered":"<p>\u041e\u0442\u0435\u043b\u044c \u0432 \u0421\u0442\u0430\u0440\u043e\u0439 \u0420\u0438\u0433\u0435 \u041f\u0440\u043e\u0435\u043a\u0442: HOFT House of the Flying Trees, \u0443\u043b.\u0421\u0442\u0440\u0435\u043b\u043d\u0438\u0435\u043a\u0443 5 \u0420\u0430\u0437\u0440\u0430\u0431\u043e\u0442\u0447\u0438\u043a \u043f\u0440\u043e\u0435\u043a\u0442\u0430: R.evolution City \u0410\u0440\u0445\u0438\u0442\u0435\u043a\u0442\u043e\u0440: OPEN AD \u0440\u0443\u043a\u043e\u0432\u043e\u0434\u0442\u0435\u043b\u044c \u0431\u044e\u0440\u043e\u00a0 Zane Tetere-\u0160ulce \u0438 Dita Lapi\u0146a \u0438\u0437 \u0430\u0440\u0445\u0438\u0442\u0435\u043a\u0442\u0443\u0440\u043d\u043e\u0433\u043e \u0431\u044e\u0440\u043e KROKS. \u0420\u0435\u0430\u043b\u0438\u0437\u0430\u0446\u0438\u044f: 2021 \u0433. \u041f\u0440\u043e\u0438\u0437\u0432\u043e\u0434\u0441\u0442\u0432\u043e \u0438 \u0443\u0441\u0442\u0430\u043d\u043e\u0432\u043a\u0430 \u0441\u0442\u0443\u043f\u0435\u043d\u0435\u0439 \u0438\u0437 \u043a\u0430\u043c\u043d\u044f,\u00a0 \u0434\u043e\u0441\u0442\u0430\u0432\u043a\u0430 \u043f\u043b\u0438\u0442\u043a\u0442\u0438.<\/p>\n","protected":false},"author":1,"featured_media":0,"parent":0,"menu_order":0,"comment_status":"closed","ping_status":"closed","template":"","meta":{"footnotes":""},"class_list":["post-12436","page","type-page","status-publish","hentry"],"_links":{"self":[{"href":"https:\/\/videa.lv\/ru\/wp-json\/wp\/v2\/pages\/12436","targetHints":{"allow":["GET"]}}],"collection":[{"href":"https:\/\/videa.lv\/ru\/wp-json\/wp\/v2\/pages"}],"about":[{"href":"https:\/\/videa.lv\/ru\/wp-json\/wp\/v2\/types\/page"}],"author":[{"embeddable":true,"href":"https:\/\/videa.lv\/ru\/wp-json\/wp\/v2\/users\/1"}],"replies":[{"embeddable":true,"href":"https:\/\/videa.lv\/ru\/wp-json\/wp\/v2\/comments?post=12436"}],"version-history":[{"count":4,"href":"https:\/\/videa.lv\/ru\/wp-json\/wp\/v2\/pages\/12436\/revisions"}],"predecessor-version":[{"id":12440,"href":"https:\/\/videa.lv\/ru\/wp-json\/wp\/v2\/pages\/12436\/revisions\/12440"}],"wp:attachment":[{"href":"https:\/\/videa.lv\/ru\/wp-json\/wp\/v2\/media?parent=12436"}],"curies":[{"name":"wp","href":"https:\/\/api.w.org\/{rel}","templated":true}]}}