{"id":14336,"date":"2025-03-13T17:15:15","date_gmt":"2025-03-13T17:15:15","guid":{"rendered":"https:\/\/videa.lv\/?page_id=14336"},"modified":"2025-04-23T08:15:07","modified_gmt":"2025-04-23T08:15:07","slug":"atlas-concorde-gridas-flizu-visi-katalogi","status":"publish","type":"page","link":"https:\/\/videa.lv\/ru\/atlas-concorde-gridas-flizu-visi-katalogi\/","title":{"rendered":"Atlas Concorde gr\u012bdas fl\u012b\u017eu visi katalogi"},"content":{"rendered":"\t\t<div data-elementor-type=\"wp-page\" data-elementor-id=\"14336\" class=\"elementor elementor-14336\" data-elementor-settings=\"[]\">\n\t\t\t\t\t\t<div class=\"elementor-inner\">\n\t\t\t\t\t\t\t<div class=\"elementor-section-wrap\">\n\t\t\t\t\t\t\t<section class=\"elementor-section elementor-top-section elementor-element elementor-element-1233339 elementor-section-boxed elementor-section-height-default elementor-section-height-default\" data-id=\"1233339\" data-element_type=\"section\">\n\t\t\t\t\t\t<div class=\"elementor-container elementor-column-gap-default\">\n\t\t\t\t\t\t\t<div class=\"elementor-row\">\n\t\t\t\t\t<div class=\"elementor-column elementor-col-100 elementor-top-column elementor-element elementor-element-a34f426\" data-id=\"a34f426\" data-element_type=\"column\">\n\t\t\t<div class=\"elementor-column-wrap elementor-element-populated\">\n\t\t\t\t\t\t\t<div class=\"elementor-widget-wrap\">\n\t\t\t\t\t\t<div class=\"elementor-element elementor-element-9347044 elementor-widget elementor-widget-heading\" data-id=\"9347044\" data-element_type=\"widget\" data-widget_type=\"heading.default\">\n\t\t\t\t<div class=\"elementor-widget-container\">\n\t\t\t<h1 class=\"elementor-heading-title elementor-size-default\">Atlas Concorde gr\u012bdas fl\u012b\u017eu<\/h1>\t\t<\/div>\n\t\t\t\t<\/div>\n\t\t\t\t<div class=\"elementor-element elementor-element-f7b4038 elementor-widget elementor-widget-heading\" data-id=\"f7b4038\" data-element_type=\"widget\" data-widget_type=\"heading.default\">\n\t\t\t\t<div class=\"elementor-widget-container\">\n\t\t\t<h1 class=\"elementor-heading-title elementor-size-default\">  \u043a\u0430\u0442\u0430\u043b\u043e\u0433\u0438 \n<\/h1>\t\t<\/div>\n\t\t\t\t<\/div>\n\t\t\t\t\t\t<\/div>\n\t\t\t\t\t<\/div>\n\t\t<\/div>\n\t\t\t\t\t\t\t\t<\/div>\n\t\t\t\t\t<\/div>\n\t\t<\/section>\n\t\t\t\t<section class=\"elementor-section elementor-top-section elementor-element elementor-element-856e7ea elementor-section-boxed elementor-section-height-default elementor-section-height-default\" data-id=\"856e7ea\" data-element_type=\"section\">\n\t\t\t\t\t\t<div class=\"elementor-container elementor-column-gap-default\">\n\t\t\t\t\t\t\t<div class=\"elementor-row\">\n\t\t\t\t\t<div class=\"elementor-column elementor-col-33 elementor-top-column elementor-element elementor-element-707577a\" data-id=\"707577a\" data-element_type=\"column\">\n\t\t\t<div class=\"elementor-column-wrap elementor-element-populated\">\n\t\t\t\t\t\t\t<div class=\"elementor-widget-wrap\">\n\t\t\t\t\t\t<div class=\"elementor-element elementor-element-3708778 elementor-position-left elementor-vertical-align-top elementor-widget elementor-widget-image-box\" data-id=\"3708778\" data-element_type=\"widget\" data-widget_type=\"image-box.default\">\n\t\t\t\t<div class=\"elementor-widget-container\">\n\t\t\t<div class=\"elementor-image-box-wrapper\"><figure class=\"elementor-image-box-img\"><a href=\"https:\/\/videa.lv\/wp-content\/uploads\/2025\/03\/AtlasConcorde_GeneralCatalog2025_HR.pdf\" target=\"_blank\"><img loading=\"lazy\" decoding=\"async\" width=\"150\" height=\"150\" src=\"https:\/\/videa.lv\/wp-content\/uploads\/2025\/03\/ATLAS-GENERAL-150x150.jpg\" class=\"attachment-thumbnail size-thumbnail\" alt=\"\" \/><\/a><\/figure><div class=\"elementor-image-box-content\"><h3 class=\"elementor-image-box-title\"><a href=\"https:\/\/videa.lv\/wp-content\/uploads\/2025\/03\/AtlasConcorde_GeneralCatalog2025_HR.pdf\" target=\"_blank\">KATALOGS 2025<\/a><\/h3><\/div><\/div>\t\t<\/div>\n\t\t\t\t<\/div>\n\t\t\t\t<div class=\"elementor-element elementor-element-bc73f62 elementor-position-left elementor-vertical-align-top elementor-widget elementor-widget-image-box\" data-id=\"bc73f62\" data-element_type=\"widget\" data-widget_type=\"image-box.default\">\n\t\t\t\t<div class=\"elementor-widget-container\">\n\t\t\t<div class=\"elementor-image-box-wrapper\"><figure class=\"elementor-image-box-img\"><a href=\"https:\/\/videa.lv\/wp-content\/uploads\/2025\/03\/AtlasConcorde_LargeSizesCatalogue_2025_HR.pdf\" target=\"_blank\"><img loading=\"lazy\" decoding=\"async\" width=\"150\" height=\"150\" src=\"https:\/\/videa.lv\/wp-content\/uploads\/2025\/03\/LARGE-SIZES-150x150.jpg\" class=\"attachment-thumbnail size-thumbnail\" alt=\"\" \/><\/a><\/figure><div class=\"elementor-image-box-content\"><h3 class=\"elementor-image-box-title\"><a href=\"https:\/\/videa.lv\/wp-content\/uploads\/2025\/03\/AtlasConcorde_LargeSizesCatalogue_2025_HR.pdf\" target=\"_blank\">KATALOGS LARGE SIZES 2025<\/a><\/h3><\/div><\/div>\t\t<\/div>\n\t\t\t\t<\/div>\n\t\t\t\t\t\t<\/div>\n\t\t\t\t\t<\/div>\n\t\t<\/div>\n\t\t\t\t<div class=\"elementor-column elementor-col-33 elementor-top-column elementor-element elementor-element-62e33e2\" data-id=\"62e33e2\" data-element_type=\"column\">\n\t\t\t<div class=\"elementor-column-wrap elementor-element-populated\">\n\t\t\t\t\t\t\t<div class=\"elementor-widget-wrap\">\n\t\t\t\t\t\t<div class=\"elementor-element elementor-element-c860021 elementor-position-left elementor-vertical-align-top elementor-widget elementor-widget-image-box\" data-id=\"c860021\" data-element_type=\"widget\" data-widget_type=\"image-box.default\">\n\t\t\t\t<div class=\"elementor-widget-container\">\n\t\t\t<div class=\"elementor-image-box-wrapper\"><figure class=\"elementor-image-box-img\"><a href=\"https:\/\/videa.lv\/wp-content\/uploads\/2025\/03\/atlas-plan-colors-book-v7.pdf\" target=\"_blank\"><img loading=\"lazy\" decoding=\"async\" width=\"150\" height=\"150\" src=\"https:\/\/videa.lv\/wp-content\/uploads\/2025\/03\/COLORS-BOOK-150x150.jpg\" class=\"attachment-thumbnail size-thumbnail\" alt=\"\" \/><\/a><\/figure><div class=\"elementor-image-box-content\"><h3 class=\"elementor-image-box-title\"><a href=\"https:\/\/videa.lv\/wp-content\/uploads\/2025\/03\/atlas-plan-colors-book-v7.pdf\" target=\"_blank\">COLORS BOOK<\/a><\/h3><\/div><\/div>\t\t<\/div>\n\t\t\t\t<\/div>\n\t\t\t\t<div class=\"elementor-element elementor-element-b7404d8 elementor-position-left elementor-vertical-align-top elementor-widget elementor-widget-image-box\" data-id=\"b7404d8\" data-element_type=\"widget\" data-widget_type=\"image-box.default\">\n\t\t\t\t<div class=\"elementor-widget-container\">\n\t\t\t<div class=\"elementor-image-box-wrapper\"><figure class=\"elementor-image-box-img\"><a href=\"https:\/\/videa.lv\/wp-content\/uploads\/2025\/03\/atlas-plan-design-book-v7.pdf\" target=\"_blank\"><img loading=\"lazy\" decoding=\"async\" width=\"150\" height=\"150\" src=\"https:\/\/videa.lv\/wp-content\/uploads\/2025\/03\/DESIGN-BOOK-150x150.jpg\" class=\"attachment-thumbnail size-thumbnail\" alt=\"\" \/><\/a><\/figure><div class=\"elementor-image-box-content\"><h3 class=\"elementor-image-box-title\"><a href=\"https:\/\/videa.lv\/wp-content\/uploads\/2025\/03\/atlas-plan-design-book-v7.pdf\" target=\"_blank\">DESIGN BOOK<\/a><\/h3><\/div><\/div>\t\t<\/div>\n\t\t\t\t<\/div>\n\t\t\t\t\t\t<\/div>\n\t\t\t\t\t<\/div>\n\t\t<\/div>\n\t\t\t\t<div class=\"elementor-column elementor-col-33 elementor-top-column elementor-element elementor-element-ec31b03\" data-id=\"ec31b03\" data-element_type=\"column\">\n\t\t\t<div class=\"elementor-column-wrap elementor-element-populated\">\n\t\t\t\t\t\t\t<div class=\"elementor-widget-wrap\">\n\t\t\t\t\t\t<div class=\"elementor-element elementor-element-f4a0aa0 elementor-position-left elementor-vertical-align-top elementor-widget elementor-widget-image-box\" data-id=\"f4a0aa0\" data-element_type=\"widget\" data-widget_type=\"image-box.default\">\n\t\t\t\t<div class=\"elementor-widget-container\">\n\t\t\t<div class=\"elementor-image-box-wrapper\"><figure class=\"elementor-image-box-img\"><a href=\"https:\/\/videa.lv\/wp-content\/uploads\/2025\/03\/MARVEL-WORLD.jpg\" target=\"_blank\"><img loading=\"lazy\" decoding=\"async\" width=\"150\" height=\"150\" src=\"https:\/\/videa.lv\/wp-content\/uploads\/2025\/03\/MARVEL-WORLD-150x150.jpg\" class=\"attachment-thumbnail size-thumbnail\" alt=\"\" \/><\/a><\/figure><div class=\"elementor-image-box-content\"><h3 class=\"elementor-image-box-title\"><a href=\"https:\/\/videa.lv\/wp-content\/uploads\/2025\/03\/MARVEL-WORLD.jpg\" target=\"_blank\">MARVEL WORLD<\/a><\/h3><\/div><\/div>\t\t<\/div>\n\t\t\t\t<\/div>\n\t\t\t\t<div class=\"elementor-element elementor-element-b371b32 elementor-position-left elementor-vertical-align-top elementor-widget elementor-widget-image-box\" data-id=\"b371b32\" data-element_type=\"widget\" data-widget_type=\"image-box.default\">\n\t\t\t\t<div class=\"elementor-widget-container\">\n\t\t\t<div class=\"elementor-image-box-wrapper\"><figure class=\"elementor-image-box-img\"><a href=\"https:\/\/videa.lv\/wp-content\/uploads\/2025\/03\/BOOST-WORLD.jpg\" target=\"_blank\"><img loading=\"lazy\" decoding=\"async\" width=\"150\" height=\"150\" src=\"https:\/\/videa.lv\/wp-content\/uploads\/2025\/03\/BOOST-WORLD-150x150.jpg\" class=\"attachment-thumbnail size-thumbnail\" alt=\"\" \/><\/a><\/figure><div class=\"elementor-image-box-content\"><h3 class=\"elementor-image-box-title\"><a href=\"https:\/\/videa.lv\/wp-content\/uploads\/2025\/03\/BOOST-WORLD.jpg\" target=\"_blank\">BOOST WORLD<\/a><\/h3><\/div><\/div>\t\t<\/div>\n\t\t\t\t<\/div>\n\t\t\t\t\t\t<\/div>\n\t\t\t\t\t<\/div>\n\t\t<\/div>\n\t\t\t\t\t\t\t\t<\/div>\n\t\t\t\t\t<\/div>\n\t\t<\/section>\n\t\t\t\t\t\t<\/div>\n\t\t\t\t\t\t<\/div>\n\t\t\t\t\t<\/div>\n\t\t","protected":false},"excerpt":{"rendered":"<p>Atlas Concorde gr\u012bdas fl\u012b\u017eu \u043a\u0430\u0442\u0430\u043b\u043e\u0433\u0438 KATALOGS 2025 KATALOGS LARGE SIZES 2025 COLORS BOOK DESIGN BOOK MARVEL WORLD BOOST WORLD<\/p>\n","protected":false},"author":1,"featured_media":0,"parent":0,"menu_order":0,"comment_status":"closed","ping_status":"closed","template":"","meta":{"footnotes":""},"class_list":["post-14336","page","type-page","status-publish","hentry"],"_links":{"self":[{"href":"https:\/\/videa.lv\/ru\/wp-json\/wp\/v2\/pages\/14336","targetHints":{"allow":["GET"]}}],"collection":[{"href":"https:\/\/videa.lv\/ru\/wp-json\/wp\/v2\/pages"}],"about":[{"href":"https:\/\/videa.lv\/ru\/wp-json\/wp\/v2\/types\/page"}],"author":[{"embeddable":true,"href":"https:\/\/videa.lv\/ru\/wp-json\/wp\/v2\/users\/1"}],"replies":[{"embeddable":true,"href":"https:\/\/videa.lv\/ru\/wp-json\/wp\/v2\/comments?post=14336"}],"version-history":[{"count":10,"href":"https:\/\/videa.lv\/ru\/wp-json\/wp\/v2\/pages\/14336\/revisions"}],"predecessor-version":[{"id":14609,"href":"https:\/\/videa.lv\/ru\/wp-json\/wp\/v2\/pages\/14336\/revisions\/14609"}],"wp:attachment":[{"href":"https:\/\/videa.lv\/ru\/wp-json\/wp\/v2\/media?parent=14336"}],"curies":[{"name":"wp","href":"https:\/\/api.w.org\/{rel}","templated":true}]}}