{"id":14345,"date":"2025-03-13T17:17:34","date_gmt":"2025-03-13T17:17:34","guid":{"rendered":"https:\/\/videa.lv\/?page_id=14345"},"modified":"2025-04-23T08:16:08","modified_gmt":"2025-04-23T08:16:08","slug":"atlas-concorde-paceltas-gridas-visi-katalogi","status":"publish","type":"page","link":"https:\/\/videa.lv\/ru\/atlas-concorde-paceltas-gridas-visi-katalogi\/","title":{"rendered":"Atlas Concorde pacelt\u0101s gr\u012bdas visi katalogi"},"content":{"rendered":"\t\t<div data-elementor-type=\"wp-page\" data-elementor-id=\"14345\" class=\"elementor elementor-14345\" data-elementor-settings=\"[]\">\n\t\t\t\t\t\t<div class=\"elementor-inner\">\n\t\t\t\t\t\t\t<div class=\"elementor-section-wrap\">\n\t\t\t\t\t\t\t<section class=\"elementor-section elementor-top-section elementor-element elementor-element-d3e2463 elementor-section-boxed elementor-section-height-default elementor-section-height-default\" data-id=\"d3e2463\" data-element_type=\"section\">\n\t\t\t\t\t\t<div class=\"elementor-container elementor-column-gap-default\">\n\t\t\t\t\t\t\t<div class=\"elementor-row\">\n\t\t\t\t\t<div class=\"elementor-column elementor-col-100 elementor-top-column elementor-element elementor-element-e2bb3d1\" data-id=\"e2bb3d1\" data-element_type=\"column\">\n\t\t\t<div class=\"elementor-column-wrap elementor-element-populated\">\n\t\t\t\t\t\t\t<div class=\"elementor-widget-wrap\">\n\t\t\t\t\t\t<div class=\"elementor-element elementor-element-a938d33 elementor-widget elementor-widget-heading\" data-id=\"a938d33\" data-element_type=\"widget\" data-widget_type=\"heading.default\">\n\t\t\t\t<div class=\"elementor-widget-container\">\n\t\t\t<h1 class=\"elementor-heading-title elementor-size-default\">Atlas Concorde pacelt\u0101s gr\u012bdas fl\u012b\u017eu<\/h1>\t\t<\/div>\n\t\t\t\t<\/div>\n\t\t\t\t<div class=\"elementor-element elementor-element-75334e7 elementor-widget elementor-widget-heading\" data-id=\"75334e7\" data-element_type=\"widget\" data-widget_type=\"heading.default\">\n\t\t\t\t<div class=\"elementor-widget-container\">\n\t\t\t<h1 class=\"elementor-heading-title elementor-size-default\">  \u043a\u0430\u0442\u0430\u043b\u043e\u0433\u0438 \n<\/h1>\t\t<\/div>\n\t\t\t\t<\/div>\n\t\t\t\t\t\t<\/div>\n\t\t\t\t\t<\/div>\n\t\t<\/div>\n\t\t\t\t\t\t\t\t<\/div>\n\t\t\t\t\t<\/div>\n\t\t<\/section>\n\t\t\t\t<section class=\"elementor-section elementor-top-section elementor-element elementor-element-4fe75d2 elementor-section-boxed elementor-section-height-default elementor-section-height-default\" data-id=\"4fe75d2\" data-element_type=\"section\">\n\t\t\t\t\t\t<div class=\"elementor-container elementor-column-gap-default\">\n\t\t\t\t\t\t\t<div class=\"elementor-row\">\n\t\t\t\t\t<div class=\"elementor-column elementor-col-33 elementor-top-column elementor-element elementor-element-01da37c\" data-id=\"01da37c\" data-element_type=\"column\">\n\t\t\t<div class=\"elementor-column-wrap elementor-element-populated\">\n\t\t\t\t\t\t\t<div class=\"elementor-widget-wrap\">\n\t\t\t\t\t\t<div class=\"elementor-element elementor-element-5e32d22 elementor-position-left elementor-vertical-align-top elementor-widget elementor-widget-image-box\" data-id=\"5e32d22\" data-element_type=\"widget\" data-widget_type=\"image-box.default\">\n\t\t\t\t<div class=\"elementor-widget-container\">\n\t\t\t<div class=\"elementor-image-box-wrapper\"><figure class=\"elementor-image-box-img\"><a href=\"https:\/\/videa.lv\/wp-content\/uploads\/2025\/03\/ATLAS-GENERAL.jpg\" target=\"_blank\"><img loading=\"lazy\" decoding=\"async\" width=\"150\" height=\"150\" src=\"https:\/\/videa.lv\/wp-content\/uploads\/2025\/03\/ATLAS-GENERAL-150x150.jpg\" class=\"attachment-thumbnail size-thumbnail\" alt=\"\" \/><\/a><\/figure><div class=\"elementor-image-box-content\"><h3 class=\"elementor-image-box-title\"><a href=\"https:\/\/videa.lv\/wp-content\/uploads\/2025\/03\/ATLAS-GENERAL.jpg\" target=\"_blank\">ATLAS CONCORDE<\/a><\/h3><\/div><\/div>\t\t<\/div>\n\t\t\t\t<\/div>\n\t\t\t\t<div class=\"elementor-element elementor-element-30cbf1f elementor-position-left elementor-vertical-align-top elementor-widget elementor-widget-image-box\" data-id=\"30cbf1f\" data-element_type=\"widget\" data-widget_type=\"image-box.default\">\n\t\t\t\t<div class=\"elementor-widget-container\">\n\t\t\t<div class=\"elementor-image-box-wrapper\"><figure class=\"elementor-image-box-img\"><a href=\"https:\/\/videa.lv\/wp-content\/uploads\/2025\/03\/LARGE-SIZES.jpg\" target=\"_blank\"><img loading=\"lazy\" decoding=\"async\" width=\"150\" height=\"150\" src=\"https:\/\/videa.lv\/wp-content\/uploads\/2025\/03\/LARGE-SIZES-150x150.jpg\" class=\"attachment-thumbnail size-thumbnail\" alt=\"\" \/><\/a><\/figure><div class=\"elementor-image-box-content\"><h3 class=\"elementor-image-box-title\"><a href=\"https:\/\/videa.lv\/wp-content\/uploads\/2025\/03\/LARGE-SIZES.jpg\" target=\"_blank\">LARGE SIZES<\/a><\/h3><\/div><\/div>\t\t<\/div>\n\t\t\t\t<\/div>\n\t\t\t\t\t\t<\/div>\n\t\t\t\t\t<\/div>\n\t\t<\/div>\n\t\t\t\t<div class=\"elementor-column elementor-col-33 elementor-top-column elementor-element elementor-element-6b41558\" data-id=\"6b41558\" data-element_type=\"column\">\n\t\t\t<div class=\"elementor-column-wrap elementor-element-populated\">\n\t\t\t\t\t\t\t<div class=\"elementor-widget-wrap\">\n\t\t\t\t\t\t<div class=\"elementor-element elementor-element-85de204 elementor-position-left elementor-vertical-align-top elementor-widget elementor-widget-image-box\" data-id=\"85de204\" data-element_type=\"widget\" data-widget_type=\"image-box.default\">\n\t\t\t\t<div class=\"elementor-widget-container\">\n\t\t\t<div class=\"elementor-image-box-wrapper\"><figure class=\"elementor-image-box-img\"><a href=\"https:\/\/videa.lv\/wp-content\/uploads\/2025\/03\/OUTDOOR.jpg\" target=\"_blank\"><img loading=\"lazy\" decoding=\"async\" width=\"150\" height=\"150\" src=\"https:\/\/videa.lv\/wp-content\/uploads\/2025\/03\/OUTDOOR-150x150.jpg\" class=\"attachment-thumbnail size-thumbnail\" alt=\"\" \/><\/a><\/figure><div class=\"elementor-image-box-content\"><h3 class=\"elementor-image-box-title\"><a href=\"https:\/\/videa.lv\/wp-content\/uploads\/2025\/03\/OUTDOOR.jpg\" target=\"_blank\">OUTDOOR<\/a><\/h3><\/div><\/div>\t\t<\/div>\n\t\t\t\t<\/div>\n\t\t\t\t<div class=\"elementor-element elementor-element-2d564d3 elementor-position-left elementor-vertical-align-top elementor-widget elementor-widget-image-box\" data-id=\"2d564d3\" data-element_type=\"widget\" data-widget_type=\"image-box.default\">\n\t\t\t\t<div class=\"elementor-widget-container\">\n\t\t\t<div class=\"elementor-image-box-wrapper\"><figure class=\"elementor-image-box-img\"><a href=\"https:\/\/videa.lv\/wp-content\/uploads\/2025\/03\/MARVEL-WORLD.jpg\" target=\"_blank\"><img loading=\"lazy\" decoding=\"async\" width=\"150\" height=\"150\" src=\"https:\/\/videa.lv\/wp-content\/uploads\/2025\/03\/MARVEL-WORLD-150x150.jpg\" class=\"attachment-thumbnail size-thumbnail\" alt=\"\" \/><\/a><\/figure><div class=\"elementor-image-box-content\"><h3 class=\"elementor-image-box-title\"><a href=\"https:\/\/videa.lv\/wp-content\/uploads\/2025\/03\/MARVEL-WORLD.jpg\" target=\"_blank\">MARVEL WORLD<\/a><\/h3><\/div><\/div>\t\t<\/div>\n\t\t\t\t<\/div>\n\t\t\t\t\t\t<\/div>\n\t\t\t\t\t<\/div>\n\t\t<\/div>\n\t\t\t\t<div class=\"elementor-column elementor-col-33 elementor-top-column elementor-element elementor-element-49f6d21\" data-id=\"49f6d21\" data-element_type=\"column\">\n\t\t\t<div class=\"elementor-column-wrap elementor-element-populated\">\n\t\t\t\t\t\t\t<div class=\"elementor-widget-wrap\">\n\t\t\t\t\t\t<div class=\"elementor-element elementor-element-0002221 elementor-position-left elementor-vertical-align-top elementor-widget elementor-widget-image-box\" data-id=\"0002221\" data-element_type=\"widget\" data-widget_type=\"image-box.default\">\n\t\t\t\t<div class=\"elementor-widget-container\">\n\t\t\t<div class=\"elementor-image-box-wrapper\"><figure class=\"elementor-image-box-img\"><a href=\"https:\/\/videa.lv\/wp-content\/uploads\/2025\/03\/BOOST-WORLD.jpg\" target=\"_blank\"><img loading=\"lazy\" decoding=\"async\" width=\"150\" height=\"150\" src=\"https:\/\/videa.lv\/wp-content\/uploads\/2025\/03\/BOOST-WORLD-150x150.jpg\" class=\"attachment-thumbnail size-thumbnail\" alt=\"\" \/><\/a><\/figure><div class=\"elementor-image-box-content\"><h3 class=\"elementor-image-box-title\"><a href=\"https:\/\/videa.lv\/wp-content\/uploads\/2025\/03\/BOOST-WORLD.jpg\" target=\"_blank\">BOOST WORLD<\/a><\/h3><\/div><\/div>\t\t<\/div>\n\t\t\t\t<\/div>\n\t\t\t\t\t\t<\/div>\n\t\t\t\t\t<\/div>\n\t\t<\/div>\n\t\t\t\t\t\t\t\t<\/div>\n\t\t\t\t\t<\/div>\n\t\t<\/section>\n\t\t\t\t\t\t<\/div>\n\t\t\t\t\t\t<\/div>\n\t\t\t\t\t<\/div>\n\t\t","protected":false},"excerpt":{"rendered":"<p>Atlas Concorde pacelt\u0101s gr\u012bdas fl\u012b\u017eu \u043a\u0430\u0442\u0430\u043b\u043e\u0433\u0438 ATLAS CONCORDE LARGE SIZES OUTDOOR MARVEL WORLD BOOST WORLD<\/p>\n","protected":false},"author":1,"featured_media":0,"parent":0,"menu_order":0,"comment_status":"closed","ping_status":"closed","template":"","meta":{"footnotes":""},"class_list":["post-14345","page","type-page","status-publish","hentry"],"_links":{"self":[{"href":"https:\/\/videa.lv\/ru\/wp-json\/wp\/v2\/pages\/14345","targetHints":{"allow":["GET"]}}],"collection":[{"href":"https:\/\/videa.lv\/ru\/wp-json\/wp\/v2\/pages"}],"about":[{"href":"https:\/\/videa.lv\/ru\/wp-json\/wp\/v2\/types\/page"}],"author":[{"embeddable":true,"href":"https:\/\/videa.lv\/ru\/wp-json\/wp\/v2\/users\/1"}],"replies":[{"embeddable":true,"href":"https:\/\/videa.lv\/ru\/wp-json\/wp\/v2\/comments?post=14345"}],"version-history":[{"count":13,"href":"https:\/\/videa.lv\/ru\/wp-json\/wp\/v2\/pages\/14345\/revisions"}],"predecessor-version":[{"id":14615,"href":"https:\/\/videa.lv\/ru\/wp-json\/wp\/v2\/pages\/14345\/revisions\/14615"}],"wp:attachment":[{"href":"https:\/\/videa.lv\/ru\/wp-json\/wp\/v2\/media?parent=14345"}],"curies":[{"name":"wp","href":"https:\/\/api.w.org\/{rel}","templated":true}]}}