{"id":3471,"date":"2020-12-14T13:04:54","date_gmt":"2020-12-14T13:04:54","guid":{"rendered":"https:\/\/new.videa.lv\/?page_id=3471"},"modified":"2025-06-27T10:38:19","modified_gmt":"2025-06-27T10:38:19","slug":"forbo-flooring-linoleja-katalogi","status":"publish","type":"page","link":"https:\/\/videa.lv\/ru\/forbo-flooring-linoleja-katalogi\/","title":{"rendered":"FORBO FLOORING linoleja katalogi"},"content":{"rendered":"\t\t<div data-elementor-type=\"wp-page\" data-elementor-id=\"3471\" class=\"elementor elementor-3471\" data-elementor-settings=\"[]\">\n\t\t\t\t\t\t<div class=\"elementor-inner\">\n\t\t\t\t\t\t\t<div class=\"elementor-section-wrap\">\n\t\t\t\t\t\t\t<section class=\"elementor-section elementor-top-section elementor-element elementor-element-292832d6 elementor-section-boxed elementor-section-height-default elementor-section-height-default\" data-id=\"292832d6\" data-element_type=\"section\">\n\t\t\t\t\t\t<div class=\"elementor-container elementor-column-gap-default\">\n\t\t\t\t\t\t\t<div class=\"elementor-row\">\n\t\t\t\t\t<div class=\"elementor-column elementor-col-100 elementor-top-column elementor-element elementor-element-18ae1860\" data-id=\"18ae1860\" data-element_type=\"column\">\n\t\t\t<div class=\"elementor-column-wrap elementor-element-populated\">\n\t\t\t\t\t\t\t<div class=\"elementor-widget-wrap\">\n\t\t\t\t\t\t<div class=\"elementor-element elementor-element-1da50ffd elementor-widget elementor-widget-heading\" data-id=\"1da50ffd\" data-element_type=\"widget\" data-widget_type=\"heading.default\">\n\t\t\t\t<div class=\"elementor-widget-container\">\n\t\t\t<h1 class=\"elementor-heading-title elementor-size-default\">FORBO FLOORING<\/h1>\t\t<\/div>\n\t\t\t\t<\/div>\n\t\t\t\t<div class=\"elementor-element elementor-element-5023658b elementor-widget elementor-widget-heading\" data-id=\"5023658b\" data-element_type=\"widget\" data-widget_type=\"heading.default\">\n\t\t\t\t<div class=\"elementor-widget-container\">\n\t\t\t<h1 class=\"elementor-heading-title elementor-size-default\">ra\u017eot\u0101ja katalogi<\/h1>\t\t<\/div>\n\t\t\t\t<\/div>\n\t\t\t\t\t\t<\/div>\n\t\t\t\t\t<\/div>\n\t\t<\/div>\n\t\t\t\t\t\t\t\t<\/div>\n\t\t\t\t\t<\/div>\n\t\t<\/section>\n\t\t\t\t<section class=\"elementor-section elementor-top-section elementor-element elementor-element-5c974735 elementor-section-boxed elementor-section-height-default elementor-section-height-default\" data-id=\"5c974735\" data-element_type=\"section\">\n\t\t\t\t\t\t<div class=\"elementor-container elementor-column-gap-default\">\n\t\t\t\t\t\t\t<div class=\"elementor-row\">\n\t\t\t\t\t<div class=\"elementor-column elementor-col-33 elementor-top-column elementor-element elementor-element-7d1af0cc\" data-id=\"7d1af0cc\" data-element_type=\"column\">\n\t\t\t<div class=\"elementor-column-wrap elementor-element-populated\">\n\t\t\t\t\t\t\t<div class=\"elementor-widget-wrap\">\n\t\t\t\t\t\t<div class=\"elementor-element elementor-element-386b241 elementor-position-left elementor-vertical-align-top elementor-widget elementor-widget-image-box\" data-id=\"386b241\" data-element_type=\"widget\" data-widget_type=\"image-box.default\">\n\t\t\t\t<div class=\"elementor-widget-container\">\n\t\t\t<div class=\"elementor-image-box-wrapper\"><figure class=\"elementor-image-box-img\"><a href=\"https:\/\/videa.lv\/wp-content\/uploads\/2020\/12\/Colorex_brochure_EN.pdf\" target=\"_blank\"><img loading=\"lazy\" decoding=\"async\" width=\"150\" height=\"150\" src=\"https:\/\/videa.lv\/wp-content\/uploads\/2020\/12\/Screenshot-2020-12-14-at-15.10.33-150x150.png\" class=\"attachment-thumbnail size-thumbnail\" alt=\"\" \/><\/a><\/figure><div class=\"elementor-image-box-content\"><h3 class=\"elementor-image-box-title\"><a href=\"https:\/\/videa.lv\/wp-content\/uploads\/2020\/12\/Colorex_brochure_EN.pdf\" target=\"_blank\">COLOREX<\/a><\/h3><\/div><\/div>\t\t<\/div>\n\t\t\t\t<\/div>\n\t\t\t\t<div class=\"elementor-element elementor-element-7d55c48 elementor-position-left elementor-vertical-align-top elementor-widget elementor-widget-image-box\" data-id=\"7d55c48\" data-element_type=\"widget\" data-widget_type=\"image-box.default\">\n\t\t\t\t<div class=\"elementor-widget-container\">\n\t\t\t<div class=\"elementor-image-box-wrapper\"><figure class=\"elementor-image-box-img\"><a href=\"https:\/\/videa.lv\/wp-content\/uploads\/2025\/06\/Forbo_Step_digital_samplebook_2024.pdf\" target=\"_blank\"><img loading=\"lazy\" decoding=\"async\" width=\"150\" height=\"150\" src=\"https:\/\/videa.lv\/wp-content\/uploads\/2025\/06\/Screenshot-2025-06-27-at-13.24.10-150x150.png\" class=\"attachment-thumbnail size-thumbnail\" alt=\"\" \/><\/a><\/figure><div class=\"elementor-image-box-content\"><h3 class=\"elementor-image-box-title\"><a href=\"https:\/\/videa.lv\/wp-content\/uploads\/2025\/06\/Forbo_Step_digital_samplebook_2024.pdf\" target=\"_blank\">STEP Safety vinil<\/a><\/h3><\/div><\/div>\t\t<\/div>\n\t\t\t\t<\/div>\n\t\t\t\t\t\t<\/div>\n\t\t\t\t\t<\/div>\n\t\t<\/div>\n\t\t\t\t<div class=\"elementor-column elementor-col-33 elementor-top-column elementor-element elementor-element-492ce31a\" data-id=\"492ce31a\" data-element_type=\"column\">\n\t\t\t<div class=\"elementor-column-wrap elementor-element-populated\">\n\t\t\t\t\t\t\t<div class=\"elementor-widget-wrap\">\n\t\t\t\t\t\t<div class=\"elementor-element elementor-element-5e1e533b elementor-position-left elementor-vertical-align-top elementor-widget elementor-widget-image-box\" data-id=\"5e1e533b\" data-element_type=\"widget\" data-widget_type=\"image-box.default\">\n\t\t\t\t<div class=\"elementor-widget-container\">\n\t\t\t<div class=\"elementor-image-box-wrapper\"><figure class=\"elementor-image-box-img\"><a href=\"https:\/\/videa.lv\/wp-content\/uploads\/2025\/06\/Forbo_Furniture-Linoleum_brochure_English.pdf\" target=\"_blank\"><img loading=\"lazy\" decoding=\"async\" width=\"150\" height=\"150\" src=\"https:\/\/videa.lv\/wp-content\/uploads\/2025\/06\/Screenshot-2025-06-27-at-13.25.50-150x150.png\" class=\"attachment-thumbnail size-thumbnail\" alt=\"\" \/><\/a><\/figure><div class=\"elementor-image-box-content\"><h3 class=\"elementor-image-box-title\"><a href=\"https:\/\/videa.lv\/wp-content\/uploads\/2025\/06\/Forbo_Furniture-Linoleum_brochure_English.pdf\" target=\"_blank\">M\u0112BE\u013bU LINOLEJS<\/a><\/h3><\/div><\/div>\t\t<\/div>\n\t\t\t\t<\/div>\n\t\t\t\t<div class=\"elementor-element elementor-element-821a6ea elementor-position-left elementor-vertical-align-top elementor-widget elementor-widget-image-box\" data-id=\"821a6ea\" data-element_type=\"widget\" data-widget_type=\"image-box.default\">\n\t\t\t\t<div class=\"elementor-widget-container\">\n\t\t\t<div class=\"elementor-image-box-wrapper\"><figure class=\"elementor-image-box-img\"><a href=\"https:\/\/videa.lv\/wp-content\/uploads\/2025\/06\/Forbo_BulletinBoard_Brochure_2015_EN-IS_v6.pdf\" target=\"_blank\"><img loading=\"lazy\" decoding=\"async\" width=\"150\" height=\"150\" src=\"https:\/\/videa.lv\/wp-content\/uploads\/2025\/06\/Screenshot-2025-06-27-at-13.26.08-150x150.png\" class=\"attachment-thumbnail size-thumbnail\" alt=\"\" \/><\/a><\/figure><div class=\"elementor-image-box-content\"><h3 class=\"elementor-image-box-title\"><a href=\"https:\/\/videa.lv\/wp-content\/uploads\/2025\/06\/Forbo_BulletinBoard_Brochure_2015_EN-IS_v6.pdf\" target=\"_blank\">BULLETIN BOARD<\/a><\/h3><\/div><\/div>\t\t<\/div>\n\t\t\t\t<\/div>\n\t\t\t\t\t\t<\/div>\n\t\t\t\t\t<\/div>\n\t\t<\/div>\n\t\t\t\t<div class=\"elementor-column elementor-col-33 elementor-top-column elementor-element elementor-element-99402bf\" data-id=\"99402bf\" data-element_type=\"column\">\n\t\t\t<div class=\"elementor-column-wrap elementor-element-populated\">\n\t\t\t\t\t\t\t<div class=\"elementor-widget-wrap\">\n\t\t\t\t\t\t<div class=\"elementor-element elementor-element-eeb6736 elementor-position-left elementor-vertical-align-top elementor-widget elementor-widget-image-box\" data-id=\"eeb6736\" data-element_type=\"widget\" data-widget_type=\"image-box.default\">\n\t\t\t\t<div class=\"elementor-widget-container\">\n\t\t\t<div class=\"elementor-image-box-wrapper\"><figure class=\"elementor-image-box-img\"><a href=\"https:\/\/videa.lv\/wp-content\/uploads\/2025\/06\/Forbo_Marmoleum-brochure_2024_English.pdf\" target=\"_blank\"><img loading=\"lazy\" decoding=\"async\" width=\"150\" height=\"150\" src=\"https:\/\/videa.lv\/wp-content\/uploads\/2025\/06\/Screenshot-2025-06-27-at-13.25.24-150x150.png\" class=\"attachment-thumbnail size-thumbnail\" alt=\"\" \/><\/a><\/figure><div class=\"elementor-image-box-content\"><h3 class=\"elementor-image-box-title\"><a href=\"https:\/\/videa.lv\/wp-content\/uploads\/2025\/06\/Forbo_Marmoleum-brochure_2024_English.pdf\" target=\"_blank\">MARMOLEUM<\/a><\/h3><\/div><\/div>\t\t<\/div>\n\t\t\t\t<\/div>\n\t\t\t\t<div class=\"elementor-element elementor-element-f5780de elementor-position-left elementor-vertical-align-top elementor-widget elementor-widget-image-box\" data-id=\"f5780de\" data-element_type=\"widget\" data-widget_type=\"image-box.default\">\n\t\t\t\t<div class=\"elementor-widget-container\">\n\t\t\t<div class=\"elementor-image-box-wrapper\"><figure class=\"elementor-image-box-img\"><a href=\"https:\/\/videa.lv\/wp-content\/uploads\/2025\/06\/Forbo_Modulup-Sarlon-brochure_English_2025.pdf\" target=\"_blank\"><img loading=\"lazy\" decoding=\"async\" width=\"150\" height=\"150\" src=\"https:\/\/videa.lv\/wp-content\/uploads\/2025\/06\/Screenshot-2025-06-27-at-13.23.46-150x150.png\" class=\"attachment-thumbnail size-thumbnail\" alt=\"\" \/><\/a><\/figure><div class=\"elementor-image-box-content\"><h3 class=\"elementor-image-box-title\"><a href=\"https:\/\/videa.lv\/wp-content\/uploads\/2025\/06\/Forbo_Modulup-Sarlon-brochure_English_2025.pdf\" target=\"_blank\">SARLON<\/a><\/h3><\/div><\/div>\t\t<\/div>\n\t\t\t\t<\/div>\n\t\t\t\t\t\t<\/div>\n\t\t\t\t\t<\/div>\n\t\t<\/div>\n\t\t\t\t\t\t\t\t<\/div>\n\t\t\t\t\t<\/div>\n\t\t<\/section>\n\t\t\t\t\t\t<\/div>\n\t\t\t\t\t\t<\/div>\n\t\t\t\t\t<\/div>\n\t\t","protected":false},"excerpt":{"rendered":"<p>FORBO FLOORING ra\u017eot\u0101ja katalogi COLOREX STEP Safety vinil M\u0112BE\u013bU LINOLEJS BULLETIN BOARD MARMOLEUM SARLON<\/p>\n","protected":false},"author":1,"featured_media":0,"parent":0,"menu_order":0,"comment_status":"closed","ping_status":"closed","template":"","meta":{"footnotes":""},"class_list":["post-3471","page","type-page","status-publish","hentry"],"_links":{"self":[{"href":"https:\/\/videa.lv\/ru\/wp-json\/wp\/v2\/pages\/3471","targetHints":{"allow":["GET"]}}],"collection":[{"href":"https:\/\/videa.lv\/ru\/wp-json\/wp\/v2\/pages"}],"about":[{"href":"https:\/\/videa.lv\/ru\/wp-json\/wp\/v2\/types\/page"}],"author":[{"embeddable":true,"href":"https:\/\/videa.lv\/ru\/wp-json\/wp\/v2\/users\/1"}],"replies":[{"embeddable":true,"href":"https:\/\/videa.lv\/ru\/wp-json\/wp\/v2\/comments?post=3471"}],"version-history":[{"count":34,"href":"https:\/\/videa.lv\/ru\/wp-json\/wp\/v2\/pages\/3471\/revisions"}],"predecessor-version":[{"id":14834,"href":"https:\/\/videa.lv\/ru\/wp-json\/wp\/v2\/pages\/3471\/revisions\/14834"}],"wp:attachment":[{"href":"https:\/\/videa.lv\/ru\/wp-json\/wp\/v2\/media?parent=3471"}],"curies":[{"name":"wp","href":"https:\/\/api.w.org\/{rel}","templated":true}]}}