{"id":3611,"date":"2020-12-14T14:26:42","date_gmt":"2020-12-14T14:26:42","guid":{"rendered":"https:\/\/new.videa.lv\/?page_id=3611"},"modified":"2020-12-16T07:24:56","modified_gmt":"2020-12-16T07:24:56","slug":"graniti-fiandre-terases","status":"publish","type":"page","link":"https:\/\/videa.lv\/ru\/graniti-fiandre-terases\/","title":{"rendered":"GRANITI FIANDRE terases"},"content":{"rendered":"\t\t<div data-elementor-type=\"wp-page\" data-elementor-id=\"3611\" class=\"elementor elementor-3611\" data-elementor-settings=\"[]\">\n\t\t\t\t\t\t<div class=\"elementor-inner\">\n\t\t\t\t\t\t\t<div class=\"elementor-section-wrap\">\n\t\t\t\t\t\t\t<section class=\"elementor-section elementor-top-section elementor-element elementor-element-47d10e26 elementor-section-boxed elementor-section-height-default elementor-section-height-default\" data-id=\"47d10e26\" data-element_type=\"section\">\n\t\t\t\t\t\t<div class=\"elementor-container elementor-column-gap-no\">\n\t\t\t\t\t\t\t<div class=\"elementor-row\">\n\t\t\t\t\t<div class=\"elementor-column elementor-col-100 elementor-top-column elementor-element elementor-element-6f3d195f\" data-id=\"6f3d195f\" data-element_type=\"column\">\n\t\t\t<div class=\"elementor-column-wrap elementor-element-populated\">\n\t\t\t\t\t\t\t<div class=\"elementor-widget-wrap\">\n\t\t\t\t\t\t<section class=\"elementor-section elementor-inner-section elementor-element elementor-element-dbf1484 elementor-section-height-min-height elementor-section-boxed elementor-section-height-default\" data-id=\"dbf1484\" data-element_type=\"section\" data-settings=\"{&quot;background_background&quot;:&quot;classic&quot;}\">\n\t\t\t\t\t\t<div class=\"elementor-container elementor-column-gap-default\">\n\t\t\t\t\t\t\t<div class=\"elementor-row\">\n\t\t\t\t\t<div class=\"elementor-column elementor-col-50 elementor-inner-column elementor-element elementor-element-78b011e0\" data-id=\"78b011e0\" data-element_type=\"column\">\n\t\t\t<div class=\"elementor-column-wrap\">\n\t\t\t\t\t\t\t<div class=\"elementor-widget-wrap\">\n\t\t\t\t\t\t\t\t<\/div>\n\t\t\t\t\t<\/div>\n\t\t<\/div>\n\t\t\t\t<div class=\"elementor-column elementor-col-50 elementor-inner-column elementor-element elementor-element-1592a224\" data-id=\"1592a224\" data-element_type=\"column\" data-settings=\"{&quot;background_background&quot;:&quot;classic&quot;}\">\n\t\t\t<div class=\"elementor-column-wrap elementor-element-populated\">\n\t\t\t\t\t\t\t<div class=\"elementor-widget-wrap\">\n\t\t\t\t\t\t<div class=\"elementor-element elementor-element-3f32e23b elementor-widget elementor-widget-heading\" data-id=\"3f32e23b\" data-element_type=\"widget\" data-widget_type=\"heading.default\">\n\t\t\t\t<div class=\"elementor-widget-container\">\n\t\t\t<h1 class=\"elementor-heading-title elementor-size-default\">GRANITI FIANDRE\n<\/h1>\t\t<\/div>\n\t\t\t\t<\/div>\n\t\t\t\t<div class=\"elementor-element elementor-element-2e686ed3 elementor-widget elementor-widget-text-editor\" data-id=\"2e686ed3\" data-element_type=\"widget\" data-widget_type=\"text-editor.default\">\n\t\t\t\t<div class=\"elementor-widget-container\">\n\t\t\t\t\t\t\t\t<div class=\"elementor-text-editor elementor-clearfix\">\n\t\t\t\t<div class=\"left\"><div class=\"left\"><div>Fiandre \u2013 vado\u0161ais uz\u0146\u0113mums, kas ra\u017eo augstas kvalit\u0101tes pilnas masas porcel\u0101na fl\u012bzes un ir revolucion\u0101rs uzs\u0101kot jaunas paaudzes fl\u012b\u017eu ra\u017eo\u0161anu ar ekolo\u0123iski akt\u012bvo materi\u0101lu Active Clean Air &amp; Antibacterial Ceramic\u2122, kas padara Fiandre pl\u0101ksnes bakteric\u012bdas un notur\u012bgas pret pies\u0101r\u0146ojumu. Fiandre ir izveidojusi neordin\u0101ru izm\u0113ru 150x300cm, liel\u0101ko form\u0101tu, kas jebkad ir rad\u012bts fl\u012b\u017eu pasaul\u0113 un, kas apliecina fl\u012b\u017eu evol\u016bciju un atbilst\u012bbu m\u016bsdienu arhitekt\u016bras pras\u012bb\u0101m. Marmora, gran\u012bta un daudzu citu pasaul\u0113 zin\u0101mu akme\u0146u iedvesmoti Fiandre rada materi\u0101lus m\u016bsdienu arhitekt\u016brai &#8212;\u00a0 industri\u0101lajiem un komercobjektiem, vesel\u012bbas un atp\u016btas nozares projektiem, saloniem un priv\u0101tiem projektiem. Pied\u0101v\u0101jum\u0101 ar\u012b tehnisk\u0101s fl\u012bzes ra\u017eo\u0161anas nozarei, ventil\u0113jam\u0101s fas\u0101des un pacelto gr\u012bdu sist\u0113mas.<\/div><\/div><\/div>\t\t\t\t\t<\/div>\n\t\t\t\t\t\t<\/div>\n\t\t\t\t<\/div>\n\t\t\t\t<div class=\"elementor-element elementor-element-33151196 elementor-widget-divider--view-line elementor-widget elementor-widget-divider\" data-id=\"33151196\" data-element_type=\"widget\" data-widget_type=\"divider.default\">\n\t\t\t\t<div class=\"elementor-widget-container\">\n\t\t\t\t\t<div class=\"elementor-divider\">\n\t\t\t<span class=\"elementor-divider-separator\">\n\t\t\t\t\t\t<\/span>\n\t\t<\/div>\n\t\t\t\t<\/div>\n\t\t\t\t<\/div>\n\t\t\t\t<div class=\"elementor-element elementor-element-210bc629 elementor-align-left elementor-icon-list--layout-traditional elementor-list-item-link-full_width elementor-widget elementor-widget-icon-list\" data-id=\"210bc629\" data-element_type=\"widget\" data-widget_type=\"icon-list.default\">\n\t\t\t\t<div class=\"elementor-widget-container\">\n\t\t\t\t\t<ul class=\"elementor-icon-list-items\">\n\t\t\t\t\t\t\t<li class=\"elementor-icon-list-item\">\n\t\t\t\t\t\t\t\t\t\t\t<a href=\"https:\/\/videa.lv\/wp-content\/uploads\/2020\/12\/Engineering.pdf\" target=\"_blank\">\n\n\t\t\t\t\t\t\t\t\t\t\t<span class=\"elementor-icon-list-text\">Engineering<\/span>\n\t\t\t\t\t\t\t\t\t\t\t<\/a>\n\t\t\t\t\t\t\t\t\t<\/li>\n\t\t\t\t\t\t<\/ul>\n\t\t\t\t<\/div>\n\t\t\t\t<\/div>\n\t\t\t\t<div class=\"elementor-element elementor-element-411122ac elementor-align-left elementor-hidden-desktop elementor-hidden-tablet elementor-hidden-phone elementor-icon-list--layout-traditional elementor-list-item-link-full_width elementor-widget elementor-widget-icon-list\" data-id=\"411122ac\" data-element_type=\"widget\" data-widget_type=\"icon-list.default\">\n\t\t\t\t<div class=\"elementor-widget-container\">\n\t\t\t\t\t<ul class=\"elementor-icon-list-items\">\n\t\t\t\t\t\t\t<li class=\"elementor-icon-list-item\">\n\t\t\t\t\t\t\t\t\t\t\t<a href=\"https:\/\/videa.lv\/aparici-porcelanico-visi-katalogi\/\">\n\n\t\t\t\t\t\t\t\t\t\t\t<span class=\"elementor-icon-list-text\">Visi ra\u017eot\u0101ja katalogi<\/span>\n\t\t\t\t\t\t\t\t\t\t\t<\/a>\n\t\t\t\t\t\t\t\t\t<\/li>\n\t\t\t\t\t\t<\/ul>\n\t\t\t\t<\/div>\n\t\t\t\t<\/div>\n\t\t\t\t<div class=\"elementor-element elementor-element-43d1da67 elementor-align-left elementor-icon-list--layout-traditional elementor-list-item-link-full_width elementor-widget elementor-widget-icon-list\" data-id=\"43d1da67\" data-element_type=\"widget\" data-widget_type=\"icon-list.default\">\n\t\t\t\t<div class=\"elementor-widget-container\">\n\t\t\t\t\t<ul class=\"elementor-icon-list-items\">\n\t\t\t\t\t\t\t<li class=\"elementor-icon-list-item\">\n\t\t\t\t\t\t\t\t\t\t\t<a href=\"http:\/\/www.granitifiandre.com\" target=\"_blank\">\n\n\t\t\t\t\t\t\t\t\t\t\t<span class=\"elementor-icon-list-text\">www.granitifiandre.com<\/span>\n\t\t\t\t\t\t\t\t\t\t\t<\/a>\n\t\t\t\t\t\t\t\t\t<\/li>\n\t\t\t\t\t\t<\/ul>\n\t\t\t\t<\/div>\n\t\t\t\t<\/div>\n\t\t\t\t\t\t<\/div>\n\t\t\t\t\t<\/div>\n\t\t<\/div>\n\t\t\t\t\t\t\t\t<\/div>\n\t\t\t\t\t<\/div>\n\t\t<\/section>\n\t\t\t\t<div class=\"elementor-element elementor-element-4c259fe4 elementor-widget elementor-widget-gallery\" data-id=\"4c259fe4\" data-element_type=\"widget\" data-settings=\"{&quot;gap&quot;:{&quot;unit&quot;:&quot;px&quot;,&quot;size&quot;:3,&quot;sizes&quot;:[]},&quot;gap_tablet&quot;:{&quot;unit&quot;:&quot;px&quot;,&quot;size&quot;:&quot;0&quot;,&quot;sizes&quot;:[]},&quot;columns_tablet&quot;:4,&quot;columns_mobile&quot;:&quot;2&quot;,&quot;gap_mobile&quot;:{&quot;unit&quot;:&quot;px&quot;,&quot;size&quot;:&quot;0&quot;,&quot;sizes&quot;:[]},&quot;gallery_layout&quot;:&quot;grid&quot;,&quot;columns&quot;:4,&quot;link_to&quot;:&quot;file&quot;,&quot;aspect_ratio&quot;:&quot;3:2&quot;,&quot;overlay_background&quot;:&quot;yes&quot;,&quot;content_hover_animation&quot;:&quot;fade-in&quot;}\" data-widget_type=\"gallery.default\">\n\t\t\t\t<div class=\"elementor-widget-container\">\n\t\t\t\t\t<div class=\"elementor-gallery__container\">\n\t\t\t\t\t\t\t<a class=\"e-gallery-item elementor-gallery-item elementor-animated-content\" href=\"https:\/\/videa.lv\/wp-content\/uploads\/2020\/10\/aparici_astoria2.jpg\" data-elementor-open-lightbox=\"yes\" data-elementor-lightbox-slideshow=\"all-4c259fe4\">\n\t\t\t\t\t<div class=\"e-gallery-image elementor-gallery-item__image\" data-thumbnail=\"https:\/\/videa.lv\/wp-content\/uploads\/2020\/10\/aparici_astoria2.jpg\" data-width=\"1181\" data-height=\"1181\" alt=\"\" ><\/div>\n\t\t\t\t\t\t\t\t\t\t<div class=\"elementor-gallery-item__overlay\"><\/div>\n\t\t\t\t\t\t\t\t\t\t\t\t\t\t<\/a>\n\t\t\t\t\t\t\t<a class=\"e-gallery-item elementor-gallery-item elementor-animated-content\" href=\"https:\/\/videa.lv\/wp-content\/uploads\/2020\/10\/587c844b2ad31c9214f06d5ed081f57a.jpg\" data-elementor-open-lightbox=\"yes\" data-elementor-lightbox-slideshow=\"all-4c259fe4\">\n\t\t\t\t\t<div class=\"e-gallery-image elementor-gallery-item__image\" data-thumbnail=\"https:\/\/videa.lv\/wp-content\/uploads\/2020\/10\/587c844b2ad31c9214f06d5ed081f57a.jpg\" data-width=\"1024\" data-height=\"1024\" alt=\"\" ><\/div>\n\t\t\t\t\t\t\t\t\t\t<div class=\"elementor-gallery-item__overlay\"><\/div>\n\t\t\t\t\t\t\t\t\t\t\t\t\t\t<\/a>\n\t\t\t\t\t\t\t<a class=\"e-gallery-item elementor-gallery-item elementor-animated-content\" href=\"https:\/\/videa.lv\/wp-content\/uploads\/2020\/10\/carpet_aparici.jpg\" data-elementor-open-lightbox=\"yes\" data-elementor-lightbox-slideshow=\"all-4c259fe4\">\n\t\t\t\t\t<div class=\"e-gallery-image elementor-gallery-item__image\" data-thumbnail=\"https:\/\/videa.lv\/wp-content\/uploads\/2020\/10\/carpet_aparici.jpg\" data-width=\"1200\" data-height=\"750\" alt=\"\" ><\/div>\n\t\t\t\t\t\t\t\t\t\t<div class=\"elementor-gallery-item__overlay\"><\/div>\n\t\t\t\t\t\t\t\t\t\t\t\t\t\t<\/a>\n\t\t\t\t\t\t\t<a class=\"e-gallery-item elementor-gallery-item elementor-animated-content\" href=\"https:\/\/videa.lv\/wp-content\/uploads\/2020\/10\/1047045-Grunge_Blue_Lappato_-_Aparici.jpg\" data-elementor-open-lightbox=\"yes\" data-elementor-lightbox-slideshow=\"all-4c259fe4\">\n\t\t\t\t\t<div class=\"e-gallery-image elementor-gallery-item__image\" data-thumbnail=\"https:\/\/videa.lv\/wp-content\/uploads\/2020\/10\/1047045-Grunge_Blue_Lappato_-_Aparici.jpg\" data-width=\"1200\" data-height=\"1200\" alt=\"\" ><\/div>\n\t\t\t\t\t\t\t\t\t\t<div class=\"elementor-gallery-item__overlay\"><\/div>\n\t\t\t\t\t\t\t\t\t\t\t\t\t\t<\/a>\n\t\t\t\t\t\t\t<a class=\"e-gallery-item elementor-gallery-item elementor-animated-content\" href=\"https:\/\/videa.lv\/wp-content\/uploads\/2020\/10\/dcf4eee6d9cc199578d22a50f3d887d8f6deeafa.jpeg\" data-elementor-open-lightbox=\"yes\" data-elementor-lightbox-slideshow=\"all-4c259fe4\">\n\t\t\t\t\t<div class=\"e-gallery-image elementor-gallery-item__image\" data-thumbnail=\"https:\/\/videa.lv\/wp-content\/uploads\/2020\/10\/dcf4eee6d9cc199578d22a50f3d887d8f6deeafa.jpeg\" data-width=\"1104\" data-height=\"734\" alt=\"\" ><\/div>\n\t\t\t\t\t\t\t\t\t\t<div class=\"elementor-gallery-item__overlay\"><\/div>\n\t\t\t\t\t\t\t\t\t\t\t\t\t\t<\/a>\n\t\t\t\t\t\t\t<a class=\"e-gallery-item elementor-gallery-item elementor-animated-content\" href=\"https:\/\/videa.lv\/wp-content\/uploads\/2020\/10\/revestimiento_rectificado_pasta_blanca_2975x8946-14849148290.jpg\" data-elementor-open-lightbox=\"yes\" data-elementor-lightbox-slideshow=\"all-4c259fe4\">\n\t\t\t\t\t<div class=\"e-gallery-image elementor-gallery-item__image\" data-thumbnail=\"https:\/\/videa.lv\/wp-content\/uploads\/2020\/10\/revestimiento_rectificado_pasta_blanca_2975x8946-14849148290.jpg\" data-width=\"1024\" data-height=\"905\" alt=\"\" ><\/div>\n\t\t\t\t\t\t\t\t\t\t<div class=\"elementor-gallery-item__overlay\"><\/div>\n\t\t\t\t\t\t\t\t\t\t\t\t\t\t<\/a>\n\t\t\t\t\t\t\t<a class=\"e-gallery-item elementor-gallery-item elementor-animated-content\" href=\"https:\/\/videa.lv\/wp-content\/uploads\/2020\/10\/aparici-cathay-2.jpg\" data-elementor-open-lightbox=\"yes\" data-elementor-lightbox-slideshow=\"all-4c259fe4\">\n\t\t\t\t\t<div class=\"e-gallery-image elementor-gallery-item__image\" data-thumbnail=\"https:\/\/videa.lv\/wp-content\/uploads\/2020\/10\/aparici-cathay-2.jpg\" data-width=\"1080\" data-height=\"767\" alt=\"\" ><\/div>\n\t\t\t\t\t\t\t\t\t\t<div class=\"elementor-gallery-item__overlay\"><\/div>\n\t\t\t\t\t\t\t\t\t\t\t\t\t\t<\/a>\n\t\t\t\t\t\t\t<a class=\"e-gallery-item elementor-gallery-item elementor-animated-content\" href=\"https:\/\/videa.lv\/wp-content\/uploads\/2020\/10\/w1080.jpeg\" data-elementor-open-lightbox=\"yes\" data-elementor-lightbox-slideshow=\"all-4c259fe4\">\n\t\t\t\t\t<div class=\"e-gallery-image elementor-gallery-item__image\" data-thumbnail=\"https:\/\/videa.lv\/wp-content\/uploads\/2020\/10\/w1080.jpeg\" data-width=\"1080\" data-height=\"765\" alt=\"\" ><\/div>\n\t\t\t\t\t\t\t\t\t\t<div class=\"elementor-gallery-item__overlay\"><\/div>\n\t\t\t\t\t\t\t\t\t\t\t\t\t\t<\/a>\n\t\t\t\t\t<\/div>\n\t\t\t<\/div>\n\t\t\t\t<\/div>\n\t\t\t\t\t\t<\/div>\n\t\t\t\t\t<\/div>\n\t\t<\/div>\n\t\t\t\t\t\t\t\t<\/div>\n\t\t\t\t\t<\/div>\n\t\t<\/section>\n\t\t\t\t\t\t<\/div>\n\t\t\t\t\t\t<\/div>\n\t\t\t\t\t<\/div>\n\t\t","protected":false},"excerpt":{"rendered":"<p>GRANITI FIANDRE Fiandre \u2013 vado\u0161ais uz\u0146\u0113mums, kas ra\u017eo augstas kvalit\u0101tes pilnas masas porcel\u0101na fl\u012bzes un ir revolucion\u0101rs uzs\u0101kot jaunas paaudzes fl\u012b\u017eu ra\u017eo\u0161anu ar ekolo\u0123iski akt\u012bvo materi\u0101lu Active Clean Air &amp; Antibacterial Ceramic\u2122, kas padara Fiandre pl\u0101ksnes bakteric\u012bdas un notur\u012bgas pret pies\u0101r\u0146ojumu. Fiandre ir izveidojusi neordin\u0101ru izm\u0113ru 150x300cm, liel\u0101ko form\u0101tu, kas jebkad ir rad\u012bts fl\u012b\u017eu pasaul\u0113 [&hellip;]<\/p>\n","protected":false},"author":1,"featured_media":0,"parent":0,"menu_order":0,"comment_status":"closed","ping_status":"closed","template":"","meta":{"footnotes":""},"class_list":["post-3611","page","type-page","status-publish","hentry"],"_links":{"self":[{"href":"https:\/\/videa.lv\/ru\/wp-json\/wp\/v2\/pages\/3611","targetHints":{"allow":["GET"]}}],"collection":[{"href":"https:\/\/videa.lv\/ru\/wp-json\/wp\/v2\/pages"}],"about":[{"href":"https:\/\/videa.lv\/ru\/wp-json\/wp\/v2\/types\/page"}],"author":[{"embeddable":true,"href":"https:\/\/videa.lv\/ru\/wp-json\/wp\/v2\/users\/1"}],"replies":[{"embeddable":true,"href":"https:\/\/videa.lv\/ru\/wp-json\/wp\/v2\/comments?post=3611"}],"version-history":[{"count":7,"href":"https:\/\/videa.lv\/ru\/wp-json\/wp\/v2\/pages\/3611\/revisions"}],"predecessor-version":[{"id":4484,"href":"https:\/\/videa.lv\/ru\/wp-json\/wp\/v2\/pages\/3611\/revisions\/4484"}],"wp:attachment":[{"href":"https:\/\/videa.lv\/ru\/wp-json\/wp\/v2\/media?parent=3611"}],"curies":[{"name":"wp","href":"https:\/\/api.w.org\/{rel}","templated":true}]}}