{"id":428,"date":"2020-10-28T11:05:10","date_gmt":"2020-10-28T11:05:10","guid":{"rendered":"https:\/\/new.videa.lv\/?page_id=428"},"modified":"2021-03-30T13:20:43","modified_gmt":"2021-03-30T13:20:43","slug":"paceltas-gridas-aksesuari","status":"publish","type":"page","link":"https:\/\/videa.lv\/ru\/paceltas-gridas-aksesuari\/","title":{"rendered":"Pacelt\u0101s gr\u012bdas aksesu\u0101ri"},"content":{"rendered":"\t\t<div data-elementor-type=\"wp-page\" data-elementor-id=\"428\" class=\"elementor elementor-428\" data-elementor-settings=\"[]\">\n\t\t\t\t\t\t<div class=\"elementor-inner\">\n\t\t\t\t\t\t\t<div class=\"elementor-section-wrap\">\n\t\t\t\t\t\t\t<section class=\"elementor-section elementor-top-section elementor-element elementor-element-7b73f409 elementor-section-boxed elementor-section-height-default elementor-section-height-default\" data-id=\"7b73f409\" data-element_type=\"section\">\n\t\t\t\t\t\t<div class=\"elementor-container elementor-column-gap-no\">\n\t\t\t\t\t\t\t<div class=\"elementor-row\">\n\t\t\t\t\t<div class=\"elementor-column elementor-col-100 elementor-top-column elementor-element elementor-element-4a39fdfd\" data-id=\"4a39fdfd\" data-element_type=\"column\">\n\t\t\t<div class=\"elementor-column-wrap elementor-element-populated\">\n\t\t\t\t\t\t\t<div class=\"elementor-widget-wrap\">\n\t\t\t\t\t\t<section class=\"elementor-section elementor-inner-section elementor-element elementor-element-6d259c31 elementor-section-height-min-height elementor-section-boxed elementor-section-height-default\" data-id=\"6d259c31\" data-element_type=\"section\">\n\t\t\t\t\t\t<div class=\"elementor-container elementor-column-gap-default\">\n\t\t\t\t\t\t\t<div class=\"elementor-row\">\n\t\t\t\t\t<div class=\"elementor-column elementor-col-50 elementor-inner-column elementor-element elementor-element-7e0487a3\" data-id=\"7e0487a3\" data-element_type=\"column\" data-settings=\"{&quot;background_background&quot;:&quot;classic&quot;}\">\n\t\t\t<div class=\"elementor-column-wrap\">\n\t\t\t\t\t\t\t<div class=\"elementor-widget-wrap\">\n\t\t\t\t\t\t\t\t<\/div>\n\t\t\t\t\t<\/div>\n\t\t<\/div>\n\t\t\t\t<div class=\"elementor-column elementor-col-50 elementor-inner-column elementor-element elementor-element-638c2f89\" data-id=\"638c2f89\" data-element_type=\"column\" data-settings=\"{&quot;background_background&quot;:&quot;classic&quot;}\">\n\t\t\t<div class=\"elementor-column-wrap elementor-element-populated\">\n\t\t\t\t\t\t\t<div class=\"elementor-widget-wrap\">\n\t\t\t\t\t\t<div class=\"elementor-element elementor-element-200c365a elementor-widget elementor-widget-heading\" data-id=\"200c365a\" data-element_type=\"widget\" data-widget_type=\"heading.default\">\n\t\t\t\t<div class=\"elementor-widget-container\">\n\t\t\t<h1 class=\"elementor-heading-title elementor-size-default\">  \u0410\u043a\u0441\u0435\u0441\u0441\u0443\u0430\u0440\u044b \n<\/h1>\t\t<\/div>\n\t\t\t\t<\/div>\n\t\t\t\t<div class=\"elementor-element elementor-element-3524dff1 elementor-widget elementor-widget-text-editor\" data-id=\"3524dff1\" data-element_type=\"widget\" data-widget_type=\"text-editor.default\">\n\t\t\t\t<div class=\"elementor-widget-container\">\n\t\t\t\t\t\t\t\t<div class=\"elementor-text-editor elementor-clearfix\">\n\t\t\t\t<div class=\"left\"><div class=\"text\"><div class=\"left\"><p class=\"p1\">  \u0421\u0438\u0441\u0442\u0435\u043c\u0430 \u0440\u0435\u0433\u0443\u043b\u0438\u0440\u0443\u0435\u043c\u044b\u0445 \u043f\u043e\u043b\u043e\u0432 &#8212; \u0441\u0430\u043c\u043e\u0435 \u043e\u043f\u0442\u0438\u043c\u0430\u043b\u044c\u043d\u043e\u0435 \u0440\u0435\u0448\u0435\u043d\u0438\u0435 \u0432 \u0441\u0438\u0442\u0443\u0430\u0446\u0438\u044f\u0445, \u043a\u043e\u0433\u0434\u0430 \u043d\u0435\u043e\u0431\u0445\u043e\u0434\u0438\u043c\u043e \u043e\u0431\u0435\u0441\u043f\u0435\u0447\u0438\u0442\u044c \u0431\u044b\u0441\u0442\u0440\u044b\u0439 \u0438 \u0443\u0434\u043e\u0431\u043d\u044b\u0439 \u0434\u043e\u0441\u0442\u0443\u043f \u043a \u043a\u043e\u043c\u043c\u0443\u043d\u0438\u043a\u0430\u0446\u0438\u044f\u043c, \u043a\u043e\u0442\u043e\u0440\u044b\u0435 \u0441\u043f\u0440\u044f\u0442\u0430\u043d\u044b \u043f\u043e\u0434 \u043f\u043e\u043b\u043e\u043c, \u0430 \u0442\u0430\u043a\u0436\u0435 \u0432\u044b\u0440\u0430\u0432\u043d\u0438\u0432\u0430\u043d\u0438\u044f \u0441\u0443\u0449\u0435\u0441\u0442\u0432\u0443\u044e\u0449\u0435\u0433\u043e \u043f\u043e\u043b\u0430. \u0421\u0438\u0441\u0442\u0435\u043c\u0443 \u043f\u043e\u0434\u043d\u044f\u0442\u043e\u0433\u043e \u043f\u043e\u043b\u0430 \u0438\u0441\u043f\u043e\u043b\u044c\u0437\u0443\u044e\u0442 \u0432 \u0441\u0435\u0440\u0432\u0435\u0440\u043d\u044b\u0445 \u0438\u043b\u0438 \u043e\u0444\u0438\u0441\u043d\u044b\u0445 \u043f\u043e\u043c\u0435\u0449\u0435\u043d\u0438\u044f\u0445, \u043d\u0430\u0440\u0443\u0436\u043d\u044b\u0445 \u043f\u043b\u043e\u0449\u0430\u0434\u044f\u0445: \u0442\u0435\u0440\u0440\u0430\u0441\u0430\u0445, \u043d\u0430 \u043a\u0440\u044b\u0448\u0430\u0445 \u0437\u0434\u0430\u043d\u0438\u0439, \u0431\u0430\u043b\u043a\u043e\u043d\u0430\u0445 \u0438 \u0442. \u0434. \u041a\u0430\u043a \u043f\u043e\u043a\u0440\u044b\u0442\u0438\u0435 \u0432\u043e\u0437\u043c\u043e\u0436\u043d\u043e \u0438\u0441\u043f\u043e\u043b\u044c\u0437\u043e\u0432\u0430\u0442\u044c \u043a\u0430\u0444\u0435\u043b\u044c \u0438\u043b\u0438 \u043c\u044f\u0433\u043a\u0438\u0435 \u043d\u0430\u043f\u043e\u043b\u044c\u043d\u044b\u0435 \u043f\u043e\u043a\u0440\u044b\u0442\u0438\u044f \u043b\u044e\u0431\u043e\u0433\u043e \u0432\u0438\u0434\u0430, \u043d\u0430\u0442\u0443\u0440\u0430\u043b\u044c\u043d\u044b\u0439 \u043a\u0430\u043c\u0435\u043d\u044c, \u0431\u0435\u0442\u043e\u043d\u043d\u044b\u0435 \u043f\u043b\u0438\u0442\u044b, \u0442\u0435\u0440\u0440\u0430\u0441\u043d\u044b\u0435 \u0434\u043e\u0441\u043a\u0438 \u0438 \u0434\u0440. \u0414\u043e\u0441\u0442\u0443\u043f\u043d\u044b \u043d\u0435\u0440\u0435\u0433\u0443\u043b\u0438\u0440\u0443\u0435\u043c\u044b\u0435 \u0438 \u0440\u0435\u0433\u0443\u043b\u0438\u0440\u0443\u0435\u043c\u044b\u0435 \u044d\u043b\u0435\u043c\u0435\u043d\u0442\u044b, \u0434\u0440\u0435\u043d\u0430\u0436\u043d\u044b\u0435 \u0441\u0438\u0441\u0442\u0435\u043c\u044b \u0438 \u0434\u0440\u0443\u0433\u0438\u0435 \u0430\u043a\u0441\u0435\u0441\u0441\u0443\u0430\u0440\u044b. <\/p><\/div><\/div><\/div>\t\t\t\t\t<\/div>\n\t\t\t\t\t\t<\/div>\n\t\t\t\t<\/div>\n\t\t\t\t<div class=\"elementor-element elementor-element-360b1e21 elementor-widget-divider--view-line elementor-widget elementor-widget-divider\" data-id=\"360b1e21\" data-element_type=\"widget\" data-widget_type=\"divider.default\">\n\t\t\t\t<div class=\"elementor-widget-container\">\n\t\t\t\t\t<div class=\"elementor-divider\">\n\t\t\t<span class=\"elementor-divider-separator\">\n\t\t\t\t\t\t<\/span>\n\t\t<\/div>\n\t\t\t\t<\/div>\n\t\t\t\t<\/div>\n\t\t\t\t\t\t<\/div>\n\t\t\t\t\t<\/div>\n\t\t<\/div>\n\t\t\t\t\t\t\t\t<\/div>\n\t\t\t\t\t<\/div>\n\t\t<\/section>\n\t\t\t\t<div class=\"elementor-element elementor-element-6c6669f1 elementor-widget elementor-widget-gallery\" data-id=\"6c6669f1\" data-element_type=\"widget\" data-settings=\"{&quot;gap&quot;:{&quot;unit&quot;:&quot;px&quot;,&quot;size&quot;:3,&quot;sizes&quot;:[]},&quot;gap_tablet&quot;:{&quot;unit&quot;:&quot;px&quot;,&quot;size&quot;:&quot;0&quot;,&quot;sizes&quot;:[]},&quot;columns_tablet&quot;:4,&quot;columns_mobile&quot;:&quot;2&quot;,&quot;gap_mobile&quot;:{&quot;unit&quot;:&quot;px&quot;,&quot;size&quot;:2,&quot;sizes&quot;:[]},&quot;columns&quot;:3,&quot;gallery_layout&quot;:&quot;grid&quot;,&quot;link_to&quot;:&quot;file&quot;,&quot;aspect_ratio&quot;:&quot;3:2&quot;,&quot;overlay_background&quot;:&quot;yes&quot;,&quot;content_hover_animation&quot;:&quot;fade-in&quot;}\" data-widget_type=\"gallery.default\">\n\t\t\t\t<div class=\"elementor-widget-container\">\n\t\t\t\t\t<div class=\"elementor-gallery__container\">\n\t\t\t\t\t\t\t<a class=\"e-gallery-item elementor-gallery-item elementor-animated-content\" href=\"https:\/\/videa.lv\/wp-content\/uploads\/2021\/01\/Aksesua\u0304ri1.png\" data-elementor-open-lightbox=\"yes\" data-elementor-lightbox-slideshow=\"all-6c6669f1\">\n\t\t\t\t\t<div class=\"e-gallery-image elementor-gallery-item__image\" data-thumbnail=\"https:\/\/videa.lv\/wp-content\/uploads\/2021\/01\/Aksesua\u0304ri1.png\" data-width=\"564\" data-height=\"534\" alt=\"\" ><\/div>\n\t\t\t\t\t\t\t\t\t\t<div class=\"elementor-gallery-item__overlay\"><\/div>\n\t\t\t\t\t\t\t\t\t\t\t\t\t\t<\/a>\n\t\t\t\t\t\t\t<a class=\"e-gallery-item elementor-gallery-item elementor-animated-content\" href=\"https:\/\/videa.lv\/wp-content\/uploads\/2021\/01\/Aksesua\u0304ri2.png\" data-elementor-open-lightbox=\"yes\" data-elementor-lightbox-slideshow=\"all-6c6669f1\">\n\t\t\t\t\t<div class=\"e-gallery-image elementor-gallery-item__image\" data-thumbnail=\"https:\/\/videa.lv\/wp-content\/uploads\/2021\/01\/Aksesua\u0304ri2.png\" data-width=\"632\" data-height=\"431\" alt=\"\" ><\/div>\n\t\t\t\t\t\t\t\t\t\t<div class=\"elementor-gallery-item__overlay\"><\/div>\n\t\t\t\t\t\t\t\t\t\t\t\t\t\t<\/a>\n\t\t\t\t\t\t\t<a class=\"e-gallery-item elementor-gallery-item elementor-animated-content\" href=\"https:\/\/videa.lv\/wp-content\/uploads\/2021\/01\/Aksesua\u0304ri3.png\" data-elementor-open-lightbox=\"yes\" data-elementor-lightbox-slideshow=\"all-6c6669f1\">\n\t\t\t\t\t<div class=\"e-gallery-image elementor-gallery-item__image\" data-thumbnail=\"https:\/\/videa.lv\/wp-content\/uploads\/2021\/01\/Aksesua\u0304ri3.png\" data-width=\"632\" data-height=\"295\" alt=\"\" ><\/div>\n\t\t\t\t\t\t\t\t\t\t<div class=\"elementor-gallery-item__overlay\"><\/div>\n\t\t\t\t\t\t\t\t\t\t\t\t\t\t<\/a>\n\t\t\t\t\t\t\t<a class=\"e-gallery-item elementor-gallery-item elementor-animated-content\" href=\"https:\/\/videa.lv\/wp-content\/uploads\/2021\/01\/Aksesua\u0304ri4.png\" data-elementor-open-lightbox=\"yes\" data-elementor-lightbox-slideshow=\"all-6c6669f1\">\n\t\t\t\t\t<div class=\"e-gallery-image elementor-gallery-item__image\" data-thumbnail=\"https:\/\/videa.lv\/wp-content\/uploads\/2021\/01\/Aksesua\u0304ri4.png\" data-width=\"632\" data-height=\"596\" alt=\"\" ><\/div>\n\t\t\t\t\t\t\t\t\t\t<div class=\"elementor-gallery-item__overlay\"><\/div>\n\t\t\t\t\t\t\t\t\t\t\t\t\t\t<\/a>\n\t\t\t\t\t\t\t<a class=\"e-gallery-item elementor-gallery-item elementor-animated-content\" href=\"https:\/\/videa.lv\/wp-content\/uploads\/2021\/01\/Aksesua\u0304ri5.png\" data-elementor-open-lightbox=\"yes\" data-elementor-lightbox-slideshow=\"all-6c6669f1\">\n\t\t\t\t\t<div class=\"e-gallery-image elementor-gallery-item__image\" data-thumbnail=\"https:\/\/videa.lv\/wp-content\/uploads\/2021\/01\/Aksesua\u0304ri5.png\" data-width=\"468\" data-height=\"348\" alt=\"\" ><\/div>\n\t\t\t\t\t\t\t\t\t\t<div class=\"elementor-gallery-item__overlay\"><\/div>\n\t\t\t\t\t\t\t\t\t\t\t\t\t\t<\/a>\n\t\t\t\t\t\t\t<a class=\"e-gallery-item elementor-gallery-item elementor-animated-content\" href=\"https:\/\/videa.lv\/wp-content\/uploads\/2021\/01\/Aksesua\u0304ri6.png\" data-elementor-open-lightbox=\"yes\" data-elementor-lightbox-slideshow=\"all-6c6669f1\">\n\t\t\t\t\t<div class=\"e-gallery-image elementor-gallery-item__image\" data-thumbnail=\"https:\/\/videa.lv\/wp-content\/uploads\/2021\/01\/Aksesua\u0304ri6.png\" data-width=\"709\" data-height=\"307\" alt=\"\" ><\/div>\n\t\t\t\t\t\t\t\t\t\t<div class=\"elementor-gallery-item__overlay\"><\/div>\n\t\t\t\t\t\t\t\t\t\t\t\t\t\t<\/a>\n\t\t\t\t\t<\/div>\n\t\t\t<\/div>\n\t\t\t\t<\/div>\n\t\t\t\t\t\t<\/div>\n\t\t\t\t\t<\/div>\n\t\t<\/div>\n\t\t\t\t\t\t\t\t<\/div>\n\t\t\t\t\t<\/div>\n\t\t<\/section>\n\t\t\t\t\t\t<\/div>\n\t\t\t\t\t\t<\/div>\n\t\t\t\t\t<\/div>\n\t\t","protected":false},"excerpt":{"rendered":"<p>\u0410\u043a\u0441\u0435\u0441\u0441\u0443\u0430\u0440\u044b \u0421\u0438\u0441\u0442\u0435\u043c\u0430 \u0440\u0435\u0433\u0443\u043b\u0438\u0440\u0443\u0435\u043c\u044b\u0445 \u043f\u043e\u043b\u043e\u0432 &#8212; \u0441\u0430\u043c\u043e\u0435 \u043e\u043f\u0442\u0438\u043c\u0430\u043b\u044c\u043d\u043e\u0435 \u0440\u0435\u0448\u0435\u043d\u0438\u0435 \u0432 \u0441\u0438\u0442\u0443\u0430\u0446\u0438\u044f\u0445, \u043a\u043e\u0433\u0434\u0430 \u043d\u0435\u043e\u0431\u0445\u043e\u0434\u0438\u043c\u043e \u043e\u0431\u0435\u0441\u043f\u0435\u0447\u0438\u0442\u044c \u0431\u044b\u0441\u0442\u0440\u044b\u0439 \u0438 \u0443\u0434\u043e\u0431\u043d\u044b\u0439 \u0434\u043e\u0441\u0442\u0443\u043f \u043a \u043a\u043e\u043c\u043c\u0443\u043d\u0438\u043a\u0430\u0446\u0438\u044f\u043c, \u043a\u043e\u0442\u043e\u0440\u044b\u0435 \u0441\u043f\u0440\u044f\u0442\u0430\u043d\u044b \u043f\u043e\u0434 \u043f\u043e\u043b\u043e\u043c, \u0430 \u0442\u0430\u043a\u0436\u0435 \u0432\u044b\u0440\u0430\u0432\u043d\u0438\u0432\u0430\u043d\u0438\u044f \u0441\u0443\u0449\u0435\u0441\u0442\u0432\u0443\u044e\u0449\u0435\u0433\u043e \u043f\u043e\u043b\u0430. \u0421\u0438\u0441\u0442\u0435\u043c\u0443 \u043f\u043e\u0434\u043d\u044f\u0442\u043e\u0433\u043e \u043f\u043e\u043b\u0430 \u0438\u0441\u043f\u043e\u043b\u044c\u0437\u0443\u044e\u0442 \u0432 \u0441\u0435\u0440\u0432\u0435\u0440\u043d\u044b\u0445 \u0438\u043b\u0438 \u043e\u0444\u0438\u0441\u043d\u044b\u0445 \u043f\u043e\u043c\u0435\u0449\u0435\u043d\u0438\u044f\u0445, \u043d\u0430\u0440\u0443\u0436\u043d\u044b\u0445 \u043f\u043b\u043e\u0449\u0430\u0434\u044f\u0445: \u0442\u0435\u0440\u0440\u0430\u0441\u0430\u0445, \u043d\u0430 \u043a\u0440\u044b\u0448\u0430\u0445 \u0437\u0434\u0430\u043d\u0438\u0439, \u0431\u0430\u043b\u043a\u043e\u043d\u0430\u0445 \u0438 \u0442. \u0434. \u041a\u0430\u043a \u043f\u043e\u043a\u0440\u044b\u0442\u0438\u0435 \u0432\u043e\u0437\u043c\u043e\u0436\u043d\u043e \u0438\u0441\u043f\u043e\u043b\u044c\u0437\u043e\u0432\u0430\u0442\u044c \u043a\u0430\u0444\u0435\u043b\u044c \u0438\u043b\u0438 \u043c\u044f\u0433\u043a\u0438\u0435 \u043d\u0430\u043f\u043e\u043b\u044c\u043d\u044b\u0435 [&hellip;]<\/p>\n","protected":false},"author":1,"featured_media":0,"parent":0,"menu_order":0,"comment_status":"closed","ping_status":"closed","template":"","meta":{"footnotes":""},"class_list":["post-428","page","type-page","status-publish","hentry"],"_links":{"self":[{"href":"https:\/\/videa.lv\/ru\/wp-json\/wp\/v2\/pages\/428","targetHints":{"allow":["GET"]}}],"collection":[{"href":"https:\/\/videa.lv\/ru\/wp-json\/wp\/v2\/pages"}],"about":[{"href":"https:\/\/videa.lv\/ru\/wp-json\/wp\/v2\/types\/page"}],"author":[{"embeddable":true,"href":"https:\/\/videa.lv\/ru\/wp-json\/wp\/v2\/users\/1"}],"replies":[{"embeddable":true,"href":"https:\/\/videa.lv\/ru\/wp-json\/wp\/v2\/comments?post=428"}],"version-history":[{"count":14,"href":"https:\/\/videa.lv\/ru\/wp-json\/wp\/v2\/pages\/428\/revisions"}],"predecessor-version":[{"id":7462,"href":"https:\/\/videa.lv\/ru\/wp-json\/wp\/v2\/pages\/428\/revisions\/7462"}],"wp:attachment":[{"href":"https:\/\/videa.lv\/ru\/wp-json\/wp\/v2\/media?parent=428"}],"curies":[{"name":"wp","href":"https:\/\/api.w.org\/{rel}","templated":true}]}}