{"id":4679,"date":"2020-12-16T16:59:29","date_gmt":"2020-12-16T16:59:29","guid":{"rendered":"https:\/\/new.videa.lv\/?page_id=4679"},"modified":"2021-04-01T06:39:35","modified_gmt":"2021-04-01T06:39:35","slug":"dzivoklis-kalpaka-bulvari","status":"publish","type":"page","link":"https:\/\/videa.lv\/ru\/dzivoklis-kalpaka-bulvari\/","title":{"rendered":"Dz\u012bvoklis Kalpaka b\u016blv\u0101r\u012b"},"content":{"rendered":"\t\t<div data-elementor-type=\"wp-page\" data-elementor-id=\"4679\" class=\"elementor elementor-4679\" data-elementor-settings=\"[]\">\n\t\t\t\t\t\t<div class=\"elementor-inner\">\n\t\t\t\t\t\t\t<div class=\"elementor-section-wrap\">\n\t\t\t\t\t\t\t<section class=\"elementor-section elementor-top-section elementor-element elementor-element-250df8e6 elementor-section-height-min-height elementor-section-boxed elementor-section-height-default elementor-section-items-middle\" data-id=\"250df8e6\" data-element_type=\"section\" data-settings=\"{&quot;background_background&quot;:&quot;classic&quot;}\">\n\t\t\t\t\t\t<div class=\"elementor-container elementor-column-gap-default\">\n\t\t\t\t\t\t\t<div class=\"elementor-row\">\n\t\t\t\t\t<div class=\"elementor-column elementor-col-100 elementor-top-column elementor-element elementor-element-2dffb2a6\" data-id=\"2dffb2a6\" data-element_type=\"column\">\n\t\t\t<div class=\"elementor-column-wrap elementor-element-populated\">\n\t\t\t\t\t\t\t<div class=\"elementor-widget-wrap\">\n\t\t\t\t\t\t<section class=\"elementor-section elementor-inner-section elementor-element elementor-element-490b04e4 elementor-section-boxed elementor-section-height-default elementor-section-height-default\" data-id=\"490b04e4\" data-element_type=\"section\">\n\t\t\t\t\t\t<div class=\"elementor-container elementor-column-gap-no\">\n\t\t\t\t\t\t\t<div class=\"elementor-row\">\n\t\t\t\t\t<div class=\"elementor-column elementor-col-50 elementor-inner-column elementor-element elementor-element-6ad61f32\" data-id=\"6ad61f32\" data-element_type=\"column\">\n\t\t\t<div class=\"elementor-column-wrap elementor-element-populated\">\n\t\t\t\t\t\t\t<div class=\"elementor-widget-wrap\">\n\t\t\t\t\t\t<div class=\"elementor-element elementor-element-2e4d2750 elementor-widget elementor-widget-heading\" data-id=\"2e4d2750\" data-element_type=\"widget\" data-widget_type=\"heading.default\">\n\t\t\t\t<div class=\"elementor-widget-container\">\n\t\t\t<h2 class=\"elementor-heading-title elementor-size-default\">  \u0427\u0430\u0441\u0442\u043d\u0430\u044f \u043a\u0432\u0430\u0440\u0442\u0438\u0440\u0430 - \u0431\u0443\u043b\u044c\u0432\u0430\u0440  \n<\/h2>\t\t<\/div>\n\t\t\t\t<\/div>\n\t\t\t\t<div class=\"elementor-element elementor-element-79e70d17 elementor-widget elementor-widget-heading\" data-id=\"79e70d17\" data-element_type=\"widget\" data-widget_type=\"heading.default\">\n\t\t\t\t<div class=\"elementor-widget-container\">\n\t\t\t<h2 class=\"elementor-heading-title elementor-size-default\">  \u041a\u0430\u043b\u043f\u0430\u043a\u0430, \u0420\u0438\u0433\u0430 \n<\/h2>\t\t<\/div>\n\t\t\t\t<\/div>\n\t\t\t\t\t\t<\/div>\n\t\t\t\t\t<\/div>\n\t\t<\/div>\n\t\t\t\t<div class=\"elementor-column elementor-col-50 elementor-inner-column elementor-element elementor-element-45e3330\" data-id=\"45e3330\" data-element_type=\"column\">\n\t\t\t<div class=\"elementor-column-wrap elementor-element-populated\">\n\t\t\t\t\t\t\t<div class=\"elementor-widget-wrap\">\n\t\t\t\t\t\t<div class=\"elementor-element elementor-element-d768be8 elementor-widget elementor-widget-text-editor\" data-id=\"d768be8\" data-element_type=\"widget\" data-widget_type=\"text-editor.default\">\n\t\t\t\t<div class=\"elementor-widget-container\">\n\t\t\t\t\t\t\t\t<div class=\"elementor-text-editor elementor-clearfix\">\n\t\t\t\t<p class=\"p1\"> <span class=\"Apple-converted-space\"> \u0427\u0430\u0441\u0442\u043d\u0430\u044f \u043a\u0432\u0430\u0440\u0442\u0438\u0440\u0430 &#8212; \u0431\u0443\u043b\u044c\u0432\u0430\u0440 \u041a\u0430\u043b\u043f\u0430\u043a\u0430, \u0420\u0438\u0433\u0430<br \/>\u0414\u0438\u0437\u0430\u0439\u043d: M\u0101ris Grodums<br \/>\u0420\u0435\u0430\u043b\u0438\u0437\u0430\u0446\u0438\u044f: ViDEA, 2019<br \/>\u041f\u043e\u0441\u0442\u0430\u0432\u043a\u0430 \u0438 \u0443\u0441\u0442\u0430\u043d\u043e\u0432\u043a\u0430 \u043f\u0430\u0440\u043a\u0435\u0442\u0430, \u043f\u043b\u0438\u0442\u043a\u0438 \u0431\u043e\u043b\u044c\u0448\u043e\u0433\u043e \u0444\u043e\u0440\u043c\u0430\u0442\u0430, \u043f\u0440\u043e\u0438\u0437\u0432\u043e\u0434\u0441\u0442\u0432\u043e \u0438 \u0443\u0441\u0442\u0430\u043d\u043e\u0432\u043a\u0430 \u0441\u0442\u043e\u043b\u0435\u0449\u043d\u0438\u0446\u0438\u00a0LAMINAM <\/span><\/p>\t\t\t\t\t<\/div>\n\t\t\t\t\t\t<\/div>\n\t\t\t\t<\/div>\n\t\t\t\t\t\t<\/div>\n\t\t\t\t\t<\/div>\n\t\t<\/div>\n\t\t\t\t\t\t\t\t<\/div>\n\t\t\t\t\t<\/div>\n\t\t<\/section>\n\t\t\t\t<div class=\"elementor-element elementor-element-38c5bf70 elementor-widget elementor-widget-gallery\" data-id=\"38c5bf70\" data-element_type=\"widget\" data-settings=\"{&quot;columns_tablet&quot;:3,&quot;columns_mobile&quot;:2,&quot;columns&quot;:5,&quot;gallery_layout&quot;:&quot;masonry&quot;,&quot;lazyload&quot;:&quot;yes&quot;,&quot;gap&quot;:{&quot;unit&quot;:&quot;px&quot;,&quot;size&quot;:10,&quot;sizes&quot;:[]},&quot;gap_tablet&quot;:{&quot;unit&quot;:&quot;px&quot;,&quot;size&quot;:10,&quot;sizes&quot;:[]},&quot;gap_mobile&quot;:{&quot;unit&quot;:&quot;px&quot;,&quot;size&quot;:10,&quot;sizes&quot;:[]},&quot;link_to&quot;:&quot;file&quot;,&quot;overlay_background&quot;:&quot;yes&quot;,&quot;content_hover_animation&quot;:&quot;fade-in&quot;}\" data-widget_type=\"gallery.default\">\n\t\t\t\t<div class=\"elementor-widget-container\">\n\t\t\t\t\t<div class=\"elementor-gallery__container\">\n\t\t\t\t\t\t\t<a class=\"e-gallery-item elementor-gallery-item elementor-animated-content\" href=\"https:\/\/videa.lv\/wp-content\/uploads\/2020\/12\/Screenshot-2020-12-16-at-19.01.40.png\" data-elementor-open-lightbox=\"yes\" data-elementor-lightbox-slideshow=\"all-38c5bf70\">\n\t\t\t\t\t<div class=\"e-gallery-image elementor-gallery-item__image\" data-thumbnail=\"https:\/\/videa.lv\/wp-content\/uploads\/2020\/12\/Screenshot-2020-12-16-at-19.01.40.png\" data-width=\"550\" data-height=\"992\" alt=\"\" ><\/div>\n\t\t\t\t\t\t\t\t\t\t<div class=\"elementor-gallery-item__overlay\"><\/div>\n\t\t\t\t\t\t\t\t\t\t\t\t\t\t<\/a>\n\t\t\t\t\t\t\t<a class=\"e-gallery-item elementor-gallery-item elementor-animated-content\" href=\"https:\/\/videa.lv\/wp-content\/uploads\/2020\/12\/Screenshot-2020-12-16-at-19.01.49.png\" data-elementor-open-lightbox=\"yes\" data-elementor-lightbox-slideshow=\"all-38c5bf70\">\n\t\t\t\t\t<div class=\"e-gallery-image elementor-gallery-item__image\" data-thumbnail=\"https:\/\/videa.lv\/wp-content\/uploads\/2020\/12\/Screenshot-2020-12-16-at-19.01.49.png\" data-width=\"552\" data-height=\"996\" alt=\"\" ><\/div>\n\t\t\t\t\t\t\t\t\t\t<div class=\"elementor-gallery-item__overlay\"><\/div>\n\t\t\t\t\t\t\t\t\t\t\t\t\t\t<\/a>\n\t\t\t\t\t\t\t<a class=\"e-gallery-item elementor-gallery-item elementor-animated-content\" href=\"https:\/\/videa.lv\/wp-content\/uploads\/2020\/12\/Screenshot-2020-12-16-at-19.01.58.png\" data-elementor-open-lightbox=\"yes\" data-elementor-lightbox-slideshow=\"all-38c5bf70\">\n\t\t\t\t\t<div class=\"e-gallery-image elementor-gallery-item__image\" data-thumbnail=\"https:\/\/videa.lv\/wp-content\/uploads\/2020\/12\/Screenshot-2020-12-16-at-19.01.58.png\" data-width=\"1200\" data-height=\"673\" alt=\"\" ><\/div>\n\t\t\t\t\t\t\t\t\t\t<div class=\"elementor-gallery-item__overlay\"><\/div>\n\t\t\t\t\t\t\t\t\t\t\t\t\t\t<\/a>\n\t\t\t\t\t\t\t<a class=\"e-gallery-item elementor-gallery-item elementor-animated-content\" href=\"https:\/\/videa.lv\/wp-content\/uploads\/2020\/12\/Screenshot-2020-12-16-at-19.01.02.png\" data-elementor-open-lightbox=\"yes\" data-elementor-lightbox-slideshow=\"all-38c5bf70\">\n\t\t\t\t\t<div class=\"e-gallery-image elementor-gallery-item__image\" data-thumbnail=\"https:\/\/videa.lv\/wp-content\/uploads\/2020\/12\/Screenshot-2020-12-16-at-19.01.02.png\" data-width=\"1200\" data-height=\"676\" alt=\"\" ><\/div>\n\t\t\t\t\t\t\t\t\t\t<div class=\"elementor-gallery-item__overlay\"><\/div>\n\t\t\t\t\t\t\t\t\t\t\t\t\t\t<\/a>\n\t\t\t\t\t\t\t<a class=\"e-gallery-item elementor-gallery-item elementor-animated-content\" href=\"https:\/\/videa.lv\/wp-content\/uploads\/2020\/12\/Screenshot-2020-12-16-at-19.01.11.png\" data-elementor-open-lightbox=\"yes\" data-elementor-lightbox-slideshow=\"all-38c5bf70\">\n\t\t\t\t\t<div class=\"e-gallery-image elementor-gallery-item__image\" data-thumbnail=\"https:\/\/videa.lv\/wp-content\/uploads\/2020\/12\/Screenshot-2020-12-16-at-19.01.11.png\" data-width=\"1200\" data-height=\"673\" alt=\"\" ><\/div>\n\t\t\t\t\t\t\t\t\t\t<div class=\"elementor-gallery-item__overlay\"><\/div>\n\t\t\t\t\t\t\t\t\t\t\t\t\t\t<\/a>\n\t\t\t\t\t\t\t<a class=\"e-gallery-item elementor-gallery-item elementor-animated-content\" href=\"https:\/\/videa.lv\/wp-content\/uploads\/2020\/12\/Screenshot-2020-12-16-at-19.01.21.png\" data-elementor-open-lightbox=\"yes\" data-elementor-lightbox-slideshow=\"all-38c5bf70\">\n\t\t\t\t\t<div class=\"e-gallery-image elementor-gallery-item__image\" data-thumbnail=\"https:\/\/videa.lv\/wp-content\/uploads\/2020\/12\/Screenshot-2020-12-16-at-19.01.21.png\" data-width=\"1200\" data-height=\"672\" alt=\"\" ><\/div>\n\t\t\t\t\t\t\t\t\t\t<div class=\"elementor-gallery-item__overlay\"><\/div>\n\t\t\t\t\t\t\t\t\t\t\t\t\t\t<\/a>\n\t\t\t\t\t\t\t<a class=\"e-gallery-item elementor-gallery-item elementor-animated-content\" href=\"https:\/\/videa.lv\/wp-content\/uploads\/2020\/12\/Screenshot-2020-12-16-at-19.01.30.png\" data-elementor-open-lightbox=\"yes\" data-elementor-lightbox-slideshow=\"all-38c5bf70\">\n\t\t\t\t\t<div class=\"e-gallery-image elementor-gallery-item__image\" data-thumbnail=\"https:\/\/videa.lv\/wp-content\/uploads\/2020\/12\/Screenshot-2020-12-16-at-19.01.30.png\" data-width=\"1200\" data-height=\"673\" alt=\"\" ><\/div>\n\t\t\t\t\t\t\t\t\t\t<div class=\"elementor-gallery-item__overlay\"><\/div>\n\t\t\t\t\t\t\t\t\t\t\t\t\t\t<\/a>\n\t\t\t\t\t<\/div>\n\t\t\t<\/div>\n\t\t\t\t<\/div>\n\t\t\t\t\t\t<\/div>\n\t\t\t\t\t<\/div>\n\t\t<\/div>\n\t\t\t\t\t\t\t\t<\/div>\n\t\t\t\t\t<\/div>\n\t\t<\/section>\n\t\t\t\t\t\t<\/div>\n\t\t\t\t\t\t<\/div>\n\t\t\t\t\t<\/div>\n\t\t","protected":false},"excerpt":{"rendered":"<p>\u0427\u0430\u0441\u0442\u043d\u0430\u044f \u043a\u0432\u0430\u0440\u0442\u0438\u0440\u0430 &#8212; \u0431\u0443\u043b\u044c\u0432\u0430\u0440 \u041a\u0430\u043b\u043f\u0430\u043a\u0430, \u0420\u0438\u0433\u0430 \u0427\u0430\u0441\u0442\u043d\u0430\u044f \u043a\u0432\u0430\u0440\u0442\u0438\u0440\u0430 &#8212; \u0431\u0443\u043b\u044c\u0432\u0430\u0440 \u041a\u0430\u043b\u043f\u0430\u043a\u0430, \u0420\u0438\u0433\u0430\u0414\u0438\u0437\u0430\u0439\u043d: M\u0101ris Grodums\u0420\u0435\u0430\u043b\u0438\u0437\u0430\u0446\u0438\u044f: ViDEA, 2019\u041f\u043e\u0441\u0442\u0430\u0432\u043a\u0430 \u0438 \u0443\u0441\u0442\u0430\u043d\u043e\u0432\u043a\u0430 \u043f\u0430\u0440\u043a\u0435\u0442\u0430, \u043f\u043b\u0438\u0442\u043a\u0438 \u0431\u043e\u043b\u044c\u0448\u043e\u0433\u043e \u0444\u043e\u0440\u043c\u0430\u0442\u0430, \u043f\u0440\u043e\u0438\u0437\u0432\u043e\u0434\u0441\u0442\u0432\u043e \u0438 \u0443\u0441\u0442\u0430\u043d\u043e\u0432\u043a\u0430 \u0441\u0442\u043e\u043b\u0435\u0449\u043d\u0438\u0446\u0438\u00a0LAMINAM<\/p>\n","protected":false},"author":1,"featured_media":0,"parent":0,"menu_order":0,"comment_status":"closed","ping_status":"closed","template":"","meta":{"footnotes":""},"class_list":["post-4679","page","type-page","status-publish","hentry"],"_links":{"self":[{"href":"https:\/\/videa.lv\/ru\/wp-json\/wp\/v2\/pages\/4679","targetHints":{"allow":["GET"]}}],"collection":[{"href":"https:\/\/videa.lv\/ru\/wp-json\/wp\/v2\/pages"}],"about":[{"href":"https:\/\/videa.lv\/ru\/wp-json\/wp\/v2\/types\/page"}],"author":[{"embeddable":true,"href":"https:\/\/videa.lv\/ru\/wp-json\/wp\/v2\/users\/1"}],"replies":[{"embeddable":true,"href":"https:\/\/videa.lv\/ru\/wp-json\/wp\/v2\/comments?post=4679"}],"version-history":[{"count":7,"href":"https:\/\/videa.lv\/ru\/wp-json\/wp\/v2\/pages\/4679\/revisions"}],"predecessor-version":[{"id":7716,"href":"https:\/\/videa.lv\/ru\/wp-json\/wp\/v2\/pages\/4679\/revisions\/7716"}],"wp:attachment":[{"href":"https:\/\/videa.lv\/ru\/wp-json\/wp\/v2\/media?parent=4679"}],"curies":[{"name":"wp","href":"https:\/\/api.w.org\/{rel}","templated":true}]}}