{"id":6537,"date":"2021-02-24T07:31:55","date_gmt":"2021-02-24T07:31:55","guid":{"rendered":"https:\/\/new.videa.lv\/?page_id=6537"},"modified":"2021-04-01T07:30:40","modified_gmt":"2021-04-01T07:30:40","slug":"latvijas-nacionalas-bibliotekas-restorans","status":"publish","type":"page","link":"https:\/\/videa.lv\/ru\/latvijas-nacionalas-bibliotekas-restorans\/","title":{"rendered":"Latvijas nacion\u0101l\u0101s bibliot\u0113kas restor\u0101ns"},"content":{"rendered":"\t\t<div data-elementor-type=\"wp-page\" data-elementor-id=\"6537\" class=\"elementor elementor-6537\" data-elementor-settings=\"[]\">\n\t\t\t\t\t\t<div class=\"elementor-inner\">\n\t\t\t\t\t\t\t<div class=\"elementor-section-wrap\">\n\t\t\t\t\t\t\t<section class=\"elementor-section elementor-top-section elementor-element elementor-element-78eac4ce elementor-section-height-min-height elementor-section-boxed elementor-section-height-default elementor-section-items-middle\" data-id=\"78eac4ce\" data-element_type=\"section\" data-settings=\"{&quot;background_background&quot;:&quot;classic&quot;}\">\n\t\t\t\t\t\t<div class=\"elementor-container elementor-column-gap-default\">\n\t\t\t\t\t\t\t<div class=\"elementor-row\">\n\t\t\t\t\t<div class=\"elementor-column elementor-col-100 elementor-top-column elementor-element elementor-element-56ff817f\" data-id=\"56ff817f\" data-element_type=\"column\">\n\t\t\t<div class=\"elementor-column-wrap elementor-element-populated\">\n\t\t\t\t\t\t\t<div class=\"elementor-widget-wrap\">\n\t\t\t\t\t\t<section class=\"elementor-section elementor-inner-section elementor-element elementor-element-5dad7ac elementor-section-boxed elementor-section-height-default elementor-section-height-default\" data-id=\"5dad7ac\" data-element_type=\"section\">\n\t\t\t\t\t\t<div class=\"elementor-container elementor-column-gap-no\">\n\t\t\t\t\t\t\t<div class=\"elementor-row\">\n\t\t\t\t\t<div class=\"elementor-column elementor-col-50 elementor-inner-column elementor-element elementor-element-373b69a3\" data-id=\"373b69a3\" data-element_type=\"column\">\n\t\t\t<div class=\"elementor-column-wrap elementor-element-populated\">\n\t\t\t\t\t\t\t<div class=\"elementor-widget-wrap\">\n\t\t\t\t\t\t<div class=\"elementor-element elementor-element-4ed75ab0 elementor-widget elementor-widget-heading\" data-id=\"4ed75ab0\" data-element_type=\"widget\" data-widget_type=\"heading.default\">\n\t\t\t\t<div class=\"elementor-widget-container\">\n\t\t\t<h2 class=\"elementor-heading-title elementor-size-default\">  \u0420\u0435\u0441\u0442\u043e\u0440\u0430\u043d \u0432 \u041b\u0430\u0442\u0432\u0438\u0439\u0441\u043a\u043e\u0439 \n<\/h2>\t\t<\/div>\n\t\t\t\t<\/div>\n\t\t\t\t<div class=\"elementor-element elementor-element-45e906b2 elementor-widget elementor-widget-heading\" data-id=\"45e906b2\" data-element_type=\"widget\" data-widget_type=\"heading.default\">\n\t\t\t\t<div class=\"elementor-widget-container\">\n\t\t\t<h2 class=\"elementor-heading-title elementor-size-default\">  \u041d\u0430\u0446\u0438\u043e\u043d\u0430\u043b\u044c\u043d\u043e\u0439 \u0431\u0438\u0431\u043b\u0438\u043e\u0442\u0435\u043a\u0435 \n<\/h2>\t\t<\/div>\n\t\t\t\t<\/div>\n\t\t\t\t\t\t<\/div>\n\t\t\t\t\t<\/div>\n\t\t<\/div>\n\t\t\t\t<div class=\"elementor-column elementor-col-50 elementor-inner-column elementor-element elementor-element-cd73b50\" data-id=\"cd73b50\" data-element_type=\"column\">\n\t\t\t<div class=\"elementor-column-wrap elementor-element-populated\">\n\t\t\t\t\t\t\t<div class=\"elementor-widget-wrap\">\n\t\t\t\t\t\t<div class=\"elementor-element elementor-element-3cb5c5c3 elementor-widget elementor-widget-text-editor\" data-id=\"3cb5c5c3\" data-element_type=\"widget\" data-widget_type=\"text-editor.default\">\n\t\t\t\t<div class=\"elementor-widget-container\">\n\t\t\t\t\t\t\t\t<div class=\"elementor-text-editor elementor-clearfix\">\n\t\t\t\t<p class=\"p1\"> <span class=\"Apple-converted-space\"> \u0420\u0435\u0441\u0442\u043e\u0440\u0430\u043d \u0432 \u041b\u0430\u0442\u0432\u0438\u0439\u0441\u043a\u043e\u0439 \u041d\u0430\u0446\u0438\u043e\u043d\u0430\u043b\u044c\u043d\u043e\u0439 \u0431\u0438\u0431\u043b\u0438\u043e\u0442\u0435\u043a\u0435. \u0423\u043b. \u041c\u0443\u043a\u0443\u0441\u0430\u043b\u0430\u0441 3, \u0420\u0438\u0433\u0430.<br \/>\u0420\u0435\u0430\u043b\u0438\u0437\u0430\u0446\u0438\u044f: 2014<br \/>\u041f\u043e\u0441\u0442\u0430\u0432\u043a\u0430 \u0438 \u043c\u043e\u043d\u0442\u0430\u0436 \u0433\u0440\u0430\u043d\u0438\u0442a.<br \/>\u0444\u043e\u0442\u043e: Ilvars Elceris <\/span><\/p>\t\t\t\t\t<\/div>\n\t\t\t\t\t\t<\/div>\n\t\t\t\t<\/div>\n\t\t\t\t\t\t<\/div>\n\t\t\t\t\t<\/div>\n\t\t<\/div>\n\t\t\t\t\t\t\t\t<\/div>\n\t\t\t\t\t<\/div>\n\t\t<\/section>\n\t\t\t\t<div class=\"elementor-element elementor-element-3b2b8e78 elementor-widget elementor-widget-gallery\" data-id=\"3b2b8e78\" data-element_type=\"widget\" data-settings=\"{&quot;columns_tablet&quot;:3,&quot;columns_mobile&quot;:2,&quot;aspect_ratio&quot;:&quot;1:1&quot;,&quot;lazyload&quot;:&quot;yes&quot;,&quot;gallery_layout&quot;:&quot;grid&quot;,&quot;columns&quot;:4,&quot;gap&quot;:{&quot;unit&quot;:&quot;px&quot;,&quot;size&quot;:10,&quot;sizes&quot;:[]},&quot;gap_tablet&quot;:{&quot;unit&quot;:&quot;px&quot;,&quot;size&quot;:10,&quot;sizes&quot;:[]},&quot;gap_mobile&quot;:{&quot;unit&quot;:&quot;px&quot;,&quot;size&quot;:10,&quot;sizes&quot;:[]},&quot;link_to&quot;:&quot;file&quot;,&quot;overlay_background&quot;:&quot;yes&quot;,&quot;content_hover_animation&quot;:&quot;fade-in&quot;}\" data-widget_type=\"gallery.default\">\n\t\t\t\t<div class=\"elementor-widget-container\">\n\t\t\t\t\t<div class=\"elementor-gallery__container\">\n\t\t\t\t\t\t\t<a class=\"e-gallery-item elementor-gallery-item elementor-animated-content\" href=\"https:\/\/videa.lv\/wp-content\/uploads\/2021\/02\/Screenshot-2021-02-24-at-09.30.08.png\" data-elementor-open-lightbox=\"yes\" data-elementor-lightbox-slideshow=\"all-3b2b8e78\">\n\t\t\t\t\t<div class=\"e-gallery-image elementor-gallery-item__image\" data-thumbnail=\"https:\/\/videa.lv\/wp-content\/uploads\/2021\/02\/Screenshot-2021-02-24-at-09.30.08.png\" data-width=\"1200\" data-height=\"792\" alt=\"\" ><\/div>\n\t\t\t\t\t\t\t\t\t\t<div class=\"elementor-gallery-item__overlay\"><\/div>\n\t\t\t\t\t\t\t\t\t\t\t\t\t\t<\/a>\n\t\t\t\t\t\t\t<a class=\"e-gallery-item elementor-gallery-item elementor-animated-content\" href=\"https:\/\/videa.lv\/wp-content\/uploads\/2021\/02\/Screenshot-2021-02-24-at-09.33.11.png\" data-elementor-open-lightbox=\"yes\" data-elementor-lightbox-slideshow=\"all-3b2b8e78\">\n\t\t\t\t\t<div class=\"e-gallery-image elementor-gallery-item__image\" data-thumbnail=\"https:\/\/videa.lv\/wp-content\/uploads\/2021\/02\/Screenshot-2021-02-24-at-09.33.11.png\" data-width=\"1200\" data-height=\"794\" alt=\"\" ><\/div>\n\t\t\t\t\t\t\t\t\t\t<div class=\"elementor-gallery-item__overlay\"><\/div>\n\t\t\t\t\t\t\t\t\t\t\t\t\t\t<\/a>\n\t\t\t\t\t\t\t<a class=\"e-gallery-item elementor-gallery-item elementor-animated-content\" href=\"https:\/\/videa.lv\/wp-content\/uploads\/2021\/02\/Screenshot-2021-02-24-at-09.33.19.png\" data-elementor-open-lightbox=\"yes\" data-elementor-lightbox-slideshow=\"all-3b2b8e78\">\n\t\t\t\t\t<div class=\"e-gallery-image elementor-gallery-item__image\" data-thumbnail=\"https:\/\/videa.lv\/wp-content\/uploads\/2021\/02\/Screenshot-2021-02-24-at-09.33.19.png\" data-width=\"1200\" data-height=\"799\" alt=\"\" ><\/div>\n\t\t\t\t\t\t\t\t\t\t<div class=\"elementor-gallery-item__overlay\"><\/div>\n\t\t\t\t\t\t\t\t\t\t\t\t\t\t<\/a>\n\t\t\t\t\t\t\t<a class=\"e-gallery-item elementor-gallery-item elementor-animated-content\" href=\"https:\/\/videa.lv\/wp-content\/uploads\/2021\/02\/Screenshot-2021-02-24-at-09.33.29.png\" data-elementor-open-lightbox=\"yes\" data-elementor-lightbox-slideshow=\"all-3b2b8e78\">\n\t\t\t\t\t<div class=\"e-gallery-image elementor-gallery-item__image\" data-thumbnail=\"https:\/\/videa.lv\/wp-content\/uploads\/2021\/02\/Screenshot-2021-02-24-at-09.33.29.png\" data-width=\"1200\" data-height=\"799\" alt=\"\" ><\/div>\n\t\t\t\t\t\t\t\t\t\t<div class=\"elementor-gallery-item__overlay\"><\/div>\n\t\t\t\t\t\t\t\t\t\t\t\t\t\t<\/a>\n\t\t\t\t\t<\/div>\n\t\t\t<\/div>\n\t\t\t\t<\/div>\n\t\t\t\t\t\t<\/div>\n\t\t\t\t\t<\/div>\n\t\t<\/div>\n\t\t\t\t\t\t\t\t<\/div>\n\t\t\t\t\t<\/div>\n\t\t<\/section>\n\t\t\t\t\t\t<\/div>\n\t\t\t\t\t\t<\/div>\n\t\t\t\t\t<\/div>\n\t\t","protected":false},"excerpt":{"rendered":"<p>\u0420\u0435\u0441\u0442\u043e\u0440\u0430\u043d \u0432 \u041b\u0430\u0442\u0432\u0438\u0439\u0441\u043a\u043e\u0439 \u041d\u0430\u0446\u0438\u043e\u043d\u0430\u043b\u044c\u043d\u043e\u0439 \u0431\u0438\u0431\u043b\u0438\u043e\u0442\u0435\u043a\u0435 \u0420\u0435\u0441\u0442\u043e\u0440\u0430\u043d \u0432 \u041b\u0430\u0442\u0432\u0438\u0439\u0441\u043a\u043e\u0439 \u041d\u0430\u0446\u0438\u043e\u043d\u0430\u043b\u044c\u043d\u043e\u0439 \u0431\u0438\u0431\u043b\u0438\u043e\u0442\u0435\u043a\u0435. \u0423\u043b. \u041c\u0443\u043a\u0443\u0441\u0430\u043b\u0430\u0441 3, \u0420\u0438\u0433\u0430.\u0420\u0435\u0430\u043b\u0438\u0437\u0430\u0446\u0438\u044f: 2014\u041f\u043e\u0441\u0442\u0430\u0432\u043a\u0430 \u0438 \u043c\u043e\u043d\u0442\u0430\u0436 \u0433\u0440\u0430\u043d\u0438\u0442a.\u0444\u043e\u0442\u043e: Ilvars Elceris<\/p>\n","protected":false},"author":1,"featured_media":0,"parent":0,"menu_order":0,"comment_status":"closed","ping_status":"closed","template":"","meta":{"footnotes":""},"class_list":["post-6537","page","type-page","status-publish","hentry"],"_links":{"self":[{"href":"https:\/\/videa.lv\/ru\/wp-json\/wp\/v2\/pages\/6537","targetHints":{"allow":["GET"]}}],"collection":[{"href":"https:\/\/videa.lv\/ru\/wp-json\/wp\/v2\/pages"}],"about":[{"href":"https:\/\/videa.lv\/ru\/wp-json\/wp\/v2\/types\/page"}],"author":[{"embeddable":true,"href":"https:\/\/videa.lv\/ru\/wp-json\/wp\/v2\/users\/1"}],"replies":[{"embeddable":true,"href":"https:\/\/videa.lv\/ru\/wp-json\/wp\/v2\/comments?post=6537"}],"version-history":[{"count":7,"href":"https:\/\/videa.lv\/ru\/wp-json\/wp\/v2\/pages\/6537\/revisions"}],"predecessor-version":[{"id":7780,"href":"https:\/\/videa.lv\/ru\/wp-json\/wp\/v2\/pages\/6537\/revisions\/7780"}],"wp:attachment":[{"href":"https:\/\/videa.lv\/ru\/wp-json\/wp\/v2\/media?parent=6537"}],"curies":[{"name":"wp","href":"https:\/\/api.w.org\/{rel}","templated":true}]}}