{"id":8109,"date":"2021-04-09T06:17:17","date_gmt":"2021-04-09T06:17:17","guid":{"rendered":"https:\/\/new.videa.lv\/?page_id=8109"},"modified":"2021-05-06T09:00:36","modified_gmt":"2021-05-06T09:00:36","slug":"virtuves-salas-bara-letes-edamgaldi-kafijas-galdini","status":"publish","type":"page","link":"https:\/\/videa.lv\/ru\/virtuves-salas-bara-letes-edamgaldi-kafijas-galdini\/","title":{"rendered":"virtuves salas, b\u0101ra letes, \u0113damgaldi, kafijas galdi\u0146i"},"content":{"rendered":"\t\t<div data-elementor-type=\"wp-page\" data-elementor-id=\"8109\" class=\"elementor elementor-8109\" data-elementor-settings=\"[]\">\n\t\t\t\t\t\t<div class=\"elementor-inner\">\n\t\t\t\t\t\t\t<div class=\"elementor-section-wrap\">\n\t\t\t\t\t\t\t<section class=\"elementor-section elementor-top-section elementor-element elementor-element-7e0c8edd elementor-section-boxed elementor-section-height-default elementor-section-height-default\" data-id=\"7e0c8edd\" data-element_type=\"section\">\n\t\t\t\t\t\t<div class=\"elementor-container elementor-column-gap-no\">\n\t\t\t\t\t\t\t<div class=\"elementor-row\">\n\t\t\t\t\t<div class=\"elementor-column elementor-col-100 elementor-top-column elementor-element elementor-element-e8f1392\" data-id=\"e8f1392\" data-element_type=\"column\">\n\t\t\t<div class=\"elementor-column-wrap elementor-element-populated\">\n\t\t\t\t\t\t\t<div class=\"elementor-widget-wrap\">\n\t\t\t\t\t\t<section class=\"elementor-section elementor-inner-section elementor-element elementor-element-1492dda0 elementor-section-height-min-height elementor-section-boxed elementor-section-height-default\" data-id=\"1492dda0\" data-element_type=\"section\">\n\t\t\t\t\t\t<div class=\"elementor-container elementor-column-gap-default\">\n\t\t\t\t\t\t\t<div class=\"elementor-row\">\n\t\t\t\t\t<div class=\"elementor-column elementor-col-50 elementor-inner-column elementor-element elementor-element-4d6827e0\" data-id=\"4d6827e0\" data-element_type=\"column\" data-settings=\"{&quot;background_background&quot;:&quot;classic&quot;}\">\n\t\t\t<div class=\"elementor-column-wrap elementor-element-populated\">\n\t\t\t\t\t\t\t<div class=\"elementor-widget-wrap\">\n\t\t\t\t\t\t<div class=\"elementor-element elementor-element-414c680 elementor-widget elementor-widget-image\" data-id=\"414c680\" data-element_type=\"widget\" data-widget_type=\"image.default\">\n\t\t\t\t<div class=\"elementor-widget-container\">\n\t\t\t\t\t\t\t\t<div class=\"elementor-image\">\n\t\t\t\t\t\t\t\t\t\t\t\t<img loading=\"lazy\" decoding=\"async\" width=\"800\" height=\"563\" src=\"https:\/\/videa.lv\/wp-content\/uploads\/2021\/04\/2-1024x720.png\" class=\"attachment-large size-large\" alt=\"\" srcset=\"https:\/\/videa.lv\/wp-content\/uploads\/2021\/04\/2-1024x720.png 1024w, https:\/\/videa.lv\/wp-content\/uploads\/2021\/04\/2-300x211.png 300w, https:\/\/videa.lv\/wp-content\/uploads\/2021\/04\/2-768x540.png 768w, https:\/\/videa.lv\/wp-content\/uploads\/2021\/04\/2.png 1041w\" sizes=\"auto, (max-width: 800px) 100vw, 800px\" \/>\t\t\t\t\t\t\t\t\t\t\t\t\t\t<\/div>\n\t\t\t\t\t\t<\/div>\n\t\t\t\t<\/div>\n\t\t\t\t\t\t<\/div>\n\t\t\t\t\t<\/div>\n\t\t<\/div>\n\t\t\t\t<div class=\"elementor-column elementor-col-50 elementor-inner-column elementor-element elementor-element-704fadac\" data-id=\"704fadac\" data-element_type=\"column\" data-settings=\"{&quot;background_background&quot;:&quot;classic&quot;}\">\n\t\t\t<div class=\"elementor-column-wrap elementor-element-populated\">\n\t\t\t\t\t\t\t<div class=\"elementor-widget-wrap\">\n\t\t\t\t\t\t<div class=\"elementor-element elementor-element-3c51d641 elementor-widget elementor-widget-heading\" data-id=\"3c51d641\" data-element_type=\"widget\" data-widget_type=\"heading.default\">\n\t\t\t\t<div class=\"elementor-widget-container\">\n\t\t\t<h1 class=\"elementor-heading-title elementor-size-default\">  \u041a\u0443\u0445\u043e\u043d\u043d\u044b\u0435 \u043e\u0441\u0442\u0440\u043e\u0432\u043a\u0438, \u0431\u0430\u0440\u043d\u044b\u0435 \u0441\u0442\u043e\u0439\u043a\u0438, \u043e\u0431\u0435\u0434\u0435\u043d\u043d\u044b\u0435 \u0441\u0442\u043e\u043b\u044b \u0438 \u043a\u043e\u0444\u0435\u0439\u043d\u044b\u0435 \u0441\u0442\u043e\u043b\u0438\u043a\u0438 <\/h1>\t\t<\/div>\n\t\t\t\t<\/div>\n\t\t\t\t<div class=\"elementor-element elementor-element-3a5abf28 elementor-widget elementor-widget-text-editor\" data-id=\"3a5abf28\" data-element_type=\"widget\" data-widget_type=\"text-editor.default\">\n\t\t\t\t<div class=\"elementor-widget-container\">\n\t\t\t\t\t\t\t\t<div class=\"elementor-text-editor elementor-clearfix\">\n\t\t\t\t<div class=\"left\"><p class=\"p1\"> \u00a0 \u00a0 \u00a0\u041f\u043e\u0432\u0435\u0440\u0445\u043d\u043e\u0441\u0442\u044c \u0438\u0437 \u0438\u0441\u043a\u0443\u0441\u0441\u0442\u0432\u0435\u043d\u043d\u043e\u0433\u043e \u043a\u0430\u043c\u043d\u044f \u043d\u0435 \u0442\u043e\u043b\u044c\u043a\u043e \u0434\u043e\u043b\u0433\u043e\u0432\u0435\u0447\u043d\u0430 \u0438 \u043f\u0440\u043e\u0441\u0442\u0430 \u0432 \u0443\u0445\u043e\u0434\u0435, \u043d\u043e \u0438 \u043f\u0440\u0438\u0434\u0430\u0441\u0442 \u0438\u0437\u044b\u0441\u043a\u0430\u043d\u043d\u044b\u0439 \u0432\u0438\u0434 \u0432\u0430\u0448\u0435\u0439 \u043a\u0443\u0445\u043d\u0435. \u0418\u0441\u043a\u0443\u0441\u0441\u0442\u0432\u0435\u043d\u043d\u044b\u0439 \u043a\u0430\u043c\u0435\u043d\u044c \u0431\u044b\u0432\u0430\u0435\u0442 \u0440\u0430\u0437\u043d\u044b\u0445 \u043e\u0442\u0442\u0435\u043d\u043a\u043e\u0432 \u0441 \u0440\u0430\u0437\u043b\u0438\u0447\u043d\u043e\u0439 \u0441\u0442\u0440\u0443\u043a\u0442\u0443\u0440\u043e\u0439 \u043a\u0430\u043c\u043d\u044f \u0438 \u0438\u043c\u0438\u0442\u0430\u0446\u0438\u0435\u0439, \u043f\u0440\u0435\u043a\u0440\u0430\u0441\u043d\u043e \u0441\u043e\u0447\u0435\u0442\u0430\u0435\u0442\u0441\u044f \u0441 \u0434\u0440\u0443\u0433\u0438\u043c\u0438 \u043c\u0430\u0442\u0435\u0440\u0438\u0430\u043b\u0430\u043c\u0438 &#8212; \u043d\u0435\u0440\u0436\u0430\u0432\u0435\u044e\u0449\u0435\u0439 \u0441\u0442\u0430\u043b\u044c\u044e, \u0434\u0435\u0440\u0435\u0432\u043e\u043c \u0438\u043b\u0438 \u0441\u0442\u0435\u043a\u043b\u043e\u043c.<\/p><p class=\"p1\">\u00a0 \u00a0 \u0418\u0441\u0441\u043a\u0443\u0441\u0442\u0432\u0435\u043d\u043d\u044b\u043c \u043a\u0430\u043c\u043d\u0435\u043c \u043c\u043e\u0436\u043d\u043e \u043e\u0431\u043a\u043b\u0435\u0438\u0432\u0430\u0442\u044c \u043c\u0435\u0431\u0435\u043b\u044c, \u0434\u0432\u0435\u0440\u0438, \u0430 \u0442\u0430\u043a\u0436\u0435 \u0438\u0437\u0433\u043e\u0442\u0430\u0432\u043b\u0438\u0432\u0430\u0442\u044c \u0434\u0435\u043a\u043e\u0440\u0430\u0442\u0438\u0432\u043d\u044b\u0435 \u043a\u0430\u043c\u0435\u043d\u043d\u044b\u0435 \u044d\u043b\u0435\u043c\u0435\u043d\u0442\u044b. \u0411\u043b\u0430\u0433\u043e\u0434\u0430\u0440\u044f \u0448\u0438\u0440\u043e\u043a\u043e\u043c\u0443 \u0432\u044b\u0431\u043e\u0440\u0443 \u043c\u0430\u0442\u0435\u0440\u0438\u0430\u043b\u043e\u0432, \u0435\u0433\u043e \u0441\u0442\u0440\u0443\u043a\u0442\u0443\u0440\u0435 \u0438 \u0440\u0430\u0437\u043d\u043e\u043e\u0431\u0440\u0430\u0437\u0438\u044e \u043f\u043e\u0432\u0435\u0440\u0445\u043d\u043e\u0441\u0442\u0435\u0439, \u0442\u043e \u0446\u0432\u0435\u0442 \u0440\u0430\u0431\u043e\u0447\u0435\u0439 \u043f\u043e\u0432\u0435\u0440\u0445\u043d\u043e\u0441\u0442\u0438 \u043c\u043e\u0436\u0435\u0442 \u0431\u044b\u0442\u044c \u043f\u043e\u0434\u043e\u0431\u0440\u0430\u043d \u043a \u0434\u0438\u0437\u0430\u0439\u043d\u0443 \u043c\u0435\u0431\u0435\u043b\u0438. \u0421\u0430\u043c\u044b\u0439 \u0440\u0430\u0441\u043f\u0440\u043e\u0441\u0442\u0440\u0430\u043d\u0435\u043d\u043d\u044b\u0439 \u0438\u0441\u043a\u0443\u0441\u0441\u0442\u0432\u0435\u043d\u043d\u044b\u0439 \u043a\u0430\u043c\u0435\u043d\u044c &#8212; <strong>Silestone, DECTON, Technistone, Laminam, Santa Margherita.<\/strong> \u0414\u043b\u044f \u0446\u0435\u043d\u0438\u0442\u0435\u043b\u0435\u0439 \u043d\u0430\u0442\u0443\u0440\u0430\u043b\u044c\u043d\u044b\u0445 \u043c\u0430\u0442\u0435\u0440\u0438\u0430\u043b\u043e\u0432 \u043f\u0440\u0435\u0434\u043b\u0430\u0433\u0430\u0435\u043c \u043c\u0440\u0430\u043c\u043e\u0440\u043d\u044b\u0435 \u0438 \u0433\u0440\u0430\u043d\u0438\u0442\u043d\u044b\u0435 \u043f\u043e\u0432\u0435\u0440\u0445\u043d\u043e\u0441\u0442\u0438, \u043e\u043d\u0438\u043a\u0441. \u0421\u0442\u043e\u0438\u043c\u043e\u0441\u0442\u044c \u043a\u0430\u043c\u0435\u043d\u043d\u043e\u0439 \u043f\u043e\u0432\u0435\u0440\u0445\u043d\u043e\u0441\u0442\u0438 \u0437\u0430\u0432\u0438\u0441\u0438\u0442 \u043e\u0442 \u0432\u044b\u0431\u0440\u0430\u043d\u043d\u043e\u0439 \u0442\u043e\u043b\u0449\u0438\u043d\u044b \u043c\u0430\u0442\u0435\u0440\u0438\u0430\u043b\u0430, \u0434\u0438\u0437\u0430\u0439\u043d\u0430 \u0438 \u043f\u0440\u043e\u0438\u0437\u0432\u043e\u0434\u0438\u0442\u0435\u043b\u044f. \u041f\u0440\u0438\u043c\u0435\u043d\u044f\u0435\u043c \u0441\u043a\u0438\u0434\u043a\u0438 \u043d\u0430 \u043e\u0441\u0442\u0430\u0442\u043a\u0438 \u043d\u0430 \u0441\u043a\u043b\u0430\u0434\u0435.<\/p><p class=\"p1\"><strong>\u00a0 \u00a0 \u0412\u0430\u0440\u0438\u0430\u043d\u0442\u044b \u043a\u0443\u0445\u043e\u043d\u043d\u044b\u0445 \u043f\u043e\u0432\u0435\u0440\u0445\u043d\u043e\u0441\u0442\u0435\u0439 \u0438 \u0438\u0445 \u0434\u043e\u043f\u043e\u043b\u043d\u0435\u043d\u0438\u044f:<\/strong><\/p><ul><li><strong>\u041a\u0430\u043c\u0435\u043d\u043d\u044b\u0439 \u0441\u0442\u043e\u043b, \u0431\u0430\u0440\u043d\u044b\u0439 \u0441\u0442\u043e\u043b, \u0436\u0443\u0440\u043d\u0430\u043b\u044c\u043d\u044b\u0439 \u0441\u0442\u043e\u043b\u0438\u043a <\/strong>\u043f\u0440\u0435\u043a\u0440\u0430\u0441\u043d\u043e \u0434\u043e\u043f\u043e\u043b\u043d\u0438\u0442 \u0434\u0438\u0437\u0430\u0439\u043d \u043f\u043e\u043c\u0435\u0449\u0435\u043d\u0438\u044f, \u0433\u0434\u0435 \u043c\u043e\u0436\u043d\u043e \u043f\u043e\u043e\u0431\u0435\u0434\u0430\u0442\u044c \u0432\u0441\u0435\u0439 \u0441\u0435\u043c\u044c\u0435\u0439. \u0421\u0442\u043e\u043b \u0438\u0437 \u043c\u0440\u0430\u043c\u043e\u0440\u0430 \u0438\u043b\u0438 \u0438\u0441\u043a\u0443\u0441\u0441\u0442\u0432\u0435\u043d\u043d\u043e\u0433\u043e \u043a\u0430\u043c\u043d\u044f \u043c\u043e\u0436\u0435\u0442 \u0431\u044b\u0442\u044c \u0434\u043e\u043f\u043e\u043b\u043d\u0435\u043d \u043c\u0435\u0442\u0430\u043b\u043b\u043e\u043c, \u0434\u0435\u0440\u0435\u0432\u043e\u043c \u0438\u043b\u0438 \u0434\u0440\u0443\u0433\u0438\u043c\u0438 \u043c\u0430\u0442\u0435\u0440\u0438\u0430\u043b\u0430\u043c\u0438.<\/li><li><strong>\u041e\u0441\u0442\u0440\u043e\u0432\u043e\u043a \u0438\u0437 \u0438\u0441\u043a\u0443\u0441\u0441\u0442\u0432\u0435\u043d\u043d\u043e\u0433\u043e \u043a\u0430\u043c\u043d\u044f<\/strong> &#8212; \u043f\u0440\u0430\u043a\u0442\u0438\u0447\u043d\u044b\u0439 \u0438 \u0434\u0438\u0437\u0430\u0439\u043d\u0435\u0440\u0441\u043a\u0438\u0439 \u044d\u043b\u0435\u043c\u0435\u043d\u0442 \u043d\u0430 \u043a\u0443\u0445\u043d\u0435, \u0433\u0434\u0435 \u043c\u043e\u0436\u043d\u043e \u0442\u0430\u043a\u0436\u0435 \u0433\u043e\u0442\u043e\u0432\u0438\u0442\u044c.<\/li><li><strong>\u041a\u0430\u043c\u0435\u043d\u043d\u044b\u0435 \u043c\u043e\u0439\u043a\u0438<\/strong>, \u043f\u043e\u043c\u0438\u043c\u043e \u0441\u0442\u0430\u043d\u0434\u0430\u0440\u0442\u043d\u043e\u0433\u043e \u0438\u0441\u043f\u043e\u043b\u043d\u0435\u043d\u0438\u044f, \u043a\u043e\u0433\u0434\u0430 \u043c\u043e\u0439\u043a\u0430 \u0432\u0441\u0442\u0440\u0430\u0438\u0432\u0430\u0435\u0442\u0441\u044f \u0432 \u043f\u043e\u0432\u0435\u0440\u0445\u043d\u043e\u0441\u0442\u044c, \u043c\u043e\u0436\u043d\u043e \u0437\u0430\u043a\u0430\u0437\u0430\u0442\u044c \u0443\u0436\u0435 \u0433\u043e\u0442\u043e\u0432\u0443\u044e \u043c\u043e\u0439\u043a\u0443 \u0438\u0437 \u0438\u0441\u043a\u0443\u0441\u0441\u0442\u0432\u0435\u043d\u043d\u043e\u0433\u043e \u043a\u0430\u043c\u043d\u044f \u0438\u0437 \u0442\u043e\u0433\u043e \u0436\u0435 \u043c\u0430\u0442\u0435\u0440\u0438\u0430\u043b\u0430, \u0447\u0442\u043e \u0438 \u043f\u043e\u0432\u0435\u0440\u0445\u043d\u043e\u0441\u0442\u044c \u0441\u0442\u043e\u043b\u0430, \u043f\u0440\u0438\u043a\u043b\u0435\u0438\u0432\u0430\u044f \u0435\u0451 \u0441\u043d\u0438\u0437\u0443.<\/li><li><strong>\u0421\u043b\u0438\u0432 \u0443 \u0440\u0430\u043a\u043e\u0432\u0438\u043d\u0443 \u2013 \u043a\u0430\u043d\u0430\u0432\u043a\u0438 \u0434\u043b\u044f \u0441\u0442\u043e\u043a\u0430,<\/strong> \u043a\u043e\u0442\u043e\u0440\u044b\u0439 \u043f\u0440\u0435\u0434\u0441\u0442\u0430\u0432\u043b\u044f\u0435\u0442 \u0441\u043e\u0431\u043e\u0439 \u043f\u0440\u043e\u0441\u0442\u043e\u0435 \u0438 \u043f\u0440\u0430\u043a\u0442\u0438\u0447\u043d\u043e\u0435 \u0440\u0435\u0448\u0435\u043d\u0438\u0435, \u043a\u043e\u0442\u043e\u0440\u044b\u0439 \u043e\u0431\u043b\u0435\u0433\u0447\u0430\u0435\u0442 \u043f\u0440\u043e\u0446\u0435\u0441\u0441 \u043e\u0447\u0438\u0441\u0442\u043a\u0438 \u043f\u043e\u0432\u0435\u0440\u0445\u043d\u043e\u0441\u0442\u0438 \u0438 \u043f\u043e\u043c\u043e\u0433\u0430\u0435\u0442 \u043f\u0440\u043e\u0441\u0442\u044b\u043c \u0441\u043f\u043e\u0441\u043e\u0431\u043e\u043c \u0441\u043b\u0438\u0442\u044c \u0431\u0440\u044b\u0437\u0433\u0438 \u0432\u043e\u0434\u044b \u043f\u043e\u0441\u043b\u0435 \u043c\u044b\u0442\u044c\u044f \u043f\u043e\u0441\u0443\u0434\u044b. \u041e\u043d \u0434\u0443\u043c\u0430\u043d \u0434\u043b\u044f \u0442\u043e\u0433\u043e, \u0447\u0442\u043e\u0431\u044b \u0432\u043e\u0434\u0430 \u043a\u043e\u0442\u043e\u0440\u0430\u044f \u0432\u044b\u0442\u0435\u043a\u043b\u0430 \u0438\u0437 \u043f\u043e\u0441\u0443\u0434\u044b \u043c\u043e\u0433\u043b\u0430 \u0441\u0442\u0435\u0447\u044c \u043e\u0431\u0440\u0430\u0442\u043d\u043e \u0432 \u0440\u0430\u043a\u043e\u0432\u0438\u043d\u0443, \u0438 \u043f\u043e\u0441\u0443\u0434\u0430 \u043f\u043e\u043b\u043d\u043e\u0441\u0442\u044c\u044e \u0432\u044b\u0441\u043e\u0445\u043b\u0430.<\/li><li><strong>\u041f\u043e\u0432\u0435\u0440\u0445\u043d\u043e\u0441\u0442\u0438 \u043f\u043b\u0438\u0442\u044b, \u0440\u0430\u0437\u0434\u0438\u0447\u043d\u044b\u0435 \u0441\u043a\u0440\u044b\u0442\u044b\u0435 \u0440\u043e\u0437\u0435\u0442\u043a\u0438, \u043e\u0442\u0441\u0435\u043a \u0434\u043b\u044f \u043c\u0443\u0441\u043e\u0440\u0430, \u0430 \u0442\u0430\u043a\u0436\u0435 \u0438\u0437\u043c\u0435\u043b\u044c\u0447\u0438\u0442\u0435\u043b\u044c<\/strong> &#8212; \u0432\u0441\u0435 \u044d\u0442\u043e \u043c\u043e\u0436\u043d\u043e \u0440\u0430\u0437\u043c\u0435\u0441\u0442\u0438\u0442\u044c \u043d\u0430 \u043e\u0434\u043d\u043e\u043c \u0443\u0440\u043e\u0432\u043d\u0435 \u043a\u0443\u0445\u043e\u043d\u043d\u043e\u0439 \u043f\u043e\u0432\u0435\u0440\u0445\u043d\u043e\u0441\u0442\u0438, \u0447\u0442\u043e \u0441\u0434\u0435\u043b\u0430\u0435\u0442 \u0435\u0435 \u043e\u0441\u043e\u0431\u0435\u043d\u043d\u043e \u043f\u0440\u043e\u0441\u0442\u043e\u0439 \u0432 \u0438\u0441\u043f\u043e\u043b\u044c\u0437\u043e\u0432\u0430\u043d\u0438\u0438 \u0438 \u043b\u0435\u0433\u043a\u043e\u0439 \u0432 \u200b\u200b\u043e\u0447\u0438\u0441\u0442\u043a\u0435.<\/li><\/ul><p class=\"p1\"><\/p><\/div>\t\t\t\t\t<\/div>\n\t\t\t\t\t\t<\/div>\n\t\t\t\t<\/div>\n\t\t\t\t\t\t<\/div>\n\t\t\t\t\t<\/div>\n\t\t<\/div>\n\t\t\t\t\t\t\t\t<\/div>\n\t\t\t\t\t<\/div>\n\t\t<\/section>\n\t\t\t\t\t\t<\/div>\n\t\t\t\t\t<\/div>\n\t\t<\/div>\n\t\t\t\t\t\t\t\t<\/div>\n\t\t\t\t\t<\/div>\n\t\t<\/section>\n\t\t\t\t\t\t<\/div>\n\t\t\t\t\t\t<\/div>\n\t\t\t\t\t<\/div>\n\t\t","protected":false},"excerpt":{"rendered":"<p>\u041a\u0443\u0445\u043e\u043d\u043d\u044b\u0435 \u043e\u0441\u0442\u0440\u043e\u0432\u043a\u0438, \u0431\u0430\u0440\u043d\u044b\u0435 \u0441\u0442\u043e\u0439\u043a\u0438, \u043e\u0431\u0435\u0434\u0435\u043d\u043d\u044b\u0435 \u0441\u0442\u043e\u043b\u044b \u0438 \u043a\u043e\u0444\u0435\u0439\u043d\u044b\u0435 \u0441\u0442\u043e\u043b\u0438\u043a\u0438 \u00a0 \u00a0 \u00a0\u041f\u043e\u0432\u0435\u0440\u0445\u043d\u043e\u0441\u0442\u044c \u0438\u0437 \u0438\u0441\u043a\u0443\u0441\u0441\u0442\u0432\u0435\u043d\u043d\u043e\u0433\u043e \u043a\u0430\u043c\u043d\u044f \u043d\u0435 \u0442\u043e\u043b\u044c\u043a\u043e \u0434\u043e\u043b\u0433\u043e\u0432\u0435\u0447\u043d\u0430 \u0438 \u043f\u0440\u043e\u0441\u0442\u0430 \u0432 \u0443\u0445\u043e\u0434\u0435, \u043d\u043e \u0438 \u043f\u0440\u0438\u0434\u0430\u0441\u0442 \u0438\u0437\u044b\u0441\u043a\u0430\u043d\u043d\u044b\u0439 \u0432\u0438\u0434 \u0432\u0430\u0448\u0435\u0439 \u043a\u0443\u0445\u043d\u0435. \u0418\u0441\u043a\u0443\u0441\u0441\u0442\u0432\u0435\u043d\u043d\u044b\u0439 \u043a\u0430\u043c\u0435\u043d\u044c \u0431\u044b\u0432\u0430\u0435\u0442 \u0440\u0430\u0437\u043d\u044b\u0445 \u043e\u0442\u0442\u0435\u043d\u043a\u043e\u0432 \u0441 \u0440\u0430\u0437\u043b\u0438\u0447\u043d\u043e\u0439 \u0441\u0442\u0440\u0443\u043a\u0442\u0443\u0440\u043e\u0439 \u043a\u0430\u043c\u043d\u044f \u0438 \u0438\u043c\u0438\u0442\u0430\u0446\u0438\u0435\u0439, \u043f\u0440\u0435\u043a\u0440\u0430\u0441\u043d\u043e \u0441\u043e\u0447\u0435\u0442\u0430\u0435\u0442\u0441\u044f \u0441 \u0434\u0440\u0443\u0433\u0438\u043c\u0438 \u043c\u0430\u0442\u0435\u0440\u0438\u0430\u043b\u0430\u043c\u0438 &#8212; \u043d\u0435\u0440\u0436\u0430\u0432\u0435\u044e\u0449\u0435\u0439 \u0441\u0442\u0430\u043b\u044c\u044e, \u0434\u0435\u0440\u0435\u0432\u043e\u043c \u0438\u043b\u0438 \u0441\u0442\u0435\u043a\u043b\u043e\u043c. \u00a0 \u00a0 \u0418\u0441\u0441\u043a\u0443\u0441\u0442\u0432\u0435\u043d\u043d\u044b\u043c \u043a\u0430\u043c\u043d\u0435\u043c [&hellip;]<\/p>\n","protected":false},"author":1,"featured_media":0,"parent":0,"menu_order":0,"comment_status":"closed","ping_status":"closed","template":"","meta":{"footnotes":""},"class_list":["post-8109","page","type-page","status-publish","hentry"],"_links":{"self":[{"href":"https:\/\/videa.lv\/ru\/wp-json\/wp\/v2\/pages\/8109","targetHints":{"allow":["GET"]}}],"collection":[{"href":"https:\/\/videa.lv\/ru\/wp-json\/wp\/v2\/pages"}],"about":[{"href":"https:\/\/videa.lv\/ru\/wp-json\/wp\/v2\/types\/page"}],"author":[{"embeddable":true,"href":"https:\/\/videa.lv\/ru\/wp-json\/wp\/v2\/users\/1"}],"replies":[{"embeddable":true,"href":"https:\/\/videa.lv\/ru\/wp-json\/wp\/v2\/comments?post=8109"}],"version-history":[{"count":37,"href":"https:\/\/videa.lv\/ru\/wp-json\/wp\/v2\/pages\/8109\/revisions"}],"predecessor-version":[{"id":8968,"href":"https:\/\/videa.lv\/ru\/wp-json\/wp\/v2\/pages\/8109\/revisions\/8968"}],"wp:attachment":[{"href":"https:\/\/videa.lv\/ru\/wp-json\/wp\/v2\/media?parent=8109"}],"curies":[{"name":"wp","href":"https:\/\/api.w.org\/{rel}","templated":true}]}}