{"id":8130,"date":"2021-04-09T06:24:07","date_gmt":"2021-04-09T06:24:07","guid":{"rendered":"https:\/\/new.videa.lv\/?page_id=8130"},"modified":"2021-05-06T09:07:57","modified_gmt":"2021-05-06T09:07:57","slug":"dizaina-elementi-no-lielformata-flizes-viesnicu-interjeram-recepcijam-spa-zonam-casino-peldbaseiniem-pirtim-un-saunam","status":"publish","type":"page","link":"https:\/\/videa.lv\/ru\/dizaina-elementi-no-lielformata-flizes-viesnicu-interjeram-recepcijam-spa-zonam-casino-peldbaseiniem-pirtim-un-saunam\/","title":{"rendered":"dizaina elementi no lielform\u0101ta fl\u012bzes \u2013 viesn\u012bcu interjeram, recepcij\u0101m, SPA zon\u0101m, Casino, peldbaseiniem, pirt\u012bm un saun\u0101m;"},"content":{"rendered":"\t\t<div data-elementor-type=\"wp-page\" data-elementor-id=\"8130\" class=\"elementor elementor-8130\" data-elementor-settings=\"[]\">\n\t\t\t\t\t\t<div class=\"elementor-inner\">\n\t\t\t\t\t\t\t<div class=\"elementor-section-wrap\">\n\t\t\t\t\t\t\t<section class=\"elementor-section elementor-top-section elementor-element elementor-element-ddb276a elementor-section-boxed elementor-section-height-default elementor-section-height-default\" data-id=\"ddb276a\" data-element_type=\"section\">\n\t\t\t\t\t\t<div class=\"elementor-container elementor-column-gap-no\">\n\t\t\t\t\t\t\t<div class=\"elementor-row\">\n\t\t\t\t\t<div class=\"elementor-column elementor-col-100 elementor-top-column elementor-element elementor-element-57f6cde9\" data-id=\"57f6cde9\" data-element_type=\"column\">\n\t\t\t<div class=\"elementor-column-wrap elementor-element-populated\">\n\t\t\t\t\t\t\t<div class=\"elementor-widget-wrap\">\n\t\t\t\t\t\t<section class=\"elementor-section elementor-inner-section elementor-element elementor-element-1287be0c elementor-section-height-min-height elementor-section-boxed elementor-section-height-default\" data-id=\"1287be0c\" data-element_type=\"section\">\n\t\t\t\t\t\t<div class=\"elementor-container elementor-column-gap-default\">\n\t\t\t\t\t\t\t<div class=\"elementor-row\">\n\t\t\t\t\t<div class=\"elementor-column elementor-col-50 elementor-inner-column elementor-element elementor-element-7cee2f7c\" data-id=\"7cee2f7c\" data-element_type=\"column\" data-settings=\"{&quot;background_background&quot;:&quot;classic&quot;}\">\n\t\t\t<div class=\"elementor-column-wrap elementor-element-populated\">\n\t\t\t\t\t\t\t<div class=\"elementor-widget-wrap\">\n\t\t\t\t\t\t<div class=\"elementor-element elementor-element-39a68a1 elementor-widget elementor-widget-image\" data-id=\"39a68a1\" data-element_type=\"widget\" data-widget_type=\"image.default\">\n\t\t\t\t<div class=\"elementor-widget-container\">\n\t\t\t\t\t\t\t\t<div class=\"elementor-image\">\n\t\t\t\t\t\t\t\t\t\t\t\t<img loading=\"lazy\" decoding=\"async\" width=\"768\" height=\"1024\" src=\"https:\/\/videa.lv\/wp-content\/uploads\/2021\/04\/5-768x1024.jpg\" class=\"attachment-large size-large\" alt=\"\" srcset=\"https:\/\/videa.lv\/wp-content\/uploads\/2021\/04\/5-768x1024.jpg 768w, https:\/\/videa.lv\/wp-content\/uploads\/2021\/04\/5-225x300.jpg 225w, https:\/\/videa.lv\/wp-content\/uploads\/2021\/04\/5.jpg 960w\" sizes=\"auto, (max-width: 768px) 100vw, 768px\" \/>\t\t\t\t\t\t\t\t\t\t\t\t\t\t<\/div>\n\t\t\t\t\t\t<\/div>\n\t\t\t\t<\/div>\n\t\t\t\t\t\t<\/div>\n\t\t\t\t\t<\/div>\n\t\t<\/div>\n\t\t\t\t<div class=\"elementor-column elementor-col-50 elementor-inner-column elementor-element elementor-element-23e989c2\" data-id=\"23e989c2\" data-element_type=\"column\" data-settings=\"{&quot;background_background&quot;:&quot;classic&quot;}\">\n\t\t\t<div class=\"elementor-column-wrap elementor-element-populated\">\n\t\t\t\t\t\t\t<div class=\"elementor-widget-wrap\">\n\t\t\t\t\t\t<div class=\"elementor-element elementor-element-38b5ec7e elementor-widget elementor-widget-heading\" data-id=\"38b5ec7e\" data-element_type=\"widget\" data-widget_type=\"heading.default\">\n\t\t\t\t<div class=\"elementor-widget-container\">\n\t\t\t<h1 class=\"elementor-heading-title elementor-size-default\">  \u042d\u043b\u0435\u043c\u0435\u043d\u0442\u044b \u0434\u0438\u0437\u0430\u0439\u043d\u0430 \u0438\u0437 \u043a\u0440\u0443\u043f\u043d\u043e\u0444\u043e\u0440\u043c\u0430\u0442\u043d\u043e\u0439 \u043f\u043b\u0438\u0442\u043a\u0438 - \u0434\u043b\u044f \u0438\u043d\u0442\u0435\u0440\u044c\u0435\u0440\u043e\u0432 \u0433\u043e\u0441\u0442\u0438\u043d\u0438\u0446, \u0440\u0435\u0446\u0435\u043f\u0446\u0438\u0439, \u0421\u041f\u0410 \u0437\u043e\u043d, \u043a\u0430\u0437\u0438\u043d\u043e, \u0431\u0430\u0441\u0441\u0435\u0439\u043d\u043e\u0432, \u0440\u0430\u0437\u043b\u0438\u0447\u043d\u044b\u0445 \u0431\u0430\u043d\u044c \u0438 \u0441\u0430\u0443\u043d <\/h1>\t\t<\/div>\n\t\t\t\t<\/div>\n\t\t\t\t<div class=\"elementor-element elementor-element-4c53e49d elementor-widget elementor-widget-text-editor\" data-id=\"4c53e49d\" data-element_type=\"widget\" data-widget_type=\"text-editor.default\">\n\t\t\t\t<div class=\"elementor-widget-container\">\n\t\t\t\t\t\t\t\t<div class=\"elementor-text-editor elementor-clearfix\">\n\t\t\t\t<div class=\"left\"><p class=\"p1\"><\/li><\/ul><p>\u00a0 \u00a0\u00a0 \u042d\u043b\u0435\u043c\u0435\u043d\u0442\u044b \u0434\u0438\u0437\u0430\u0439\u043d\u0430 \u0438\u0437 \u043d\u0430\u0442\u0443\u0440\u0430\u043b\u044c\u043d\u043e\u0433\u043e \u0438\u043b\u0438 \u0438\u0441\u043a\u0443\u0441\u0441\u0442\u0432\u0435\u043d\u043d\u043e\u0433\u043e \u043a\u0430\u043c\u043d\u044f \u0448\u0438\u0440\u043e\u043a\u043e \u0440\u0430\u0441\u043f\u0440\u043e\u0441\u0442\u0440\u0430\u043d\u0435\u043d\u044b \u0432 \u0438\u043d\u0434\u0443\u0441\u0442\u0440\u0438\u0438 \u043a\u0440\u0430\u0441\u043e\u0442\u044b, \u0433\u043e\u0441\u0442\u0438\u043d\u0438\u0447\u043d\u043e\u0433\u043e \u0438 \u0440\u0435\u0441\u0442\u043e\u0440\u0430\u043d\u043d\u043e\u0433\u043e \u0431\u0438\u0437\u043d\u0435\u0441\u0430 (\u043e\u0442\u0435\u043b\u0438, \u0440\u0435\u0441\u0442\u043e\u0440\u0430\u043d\u044b \u0438 \u0431\u0430\u0440\u044b). \u0411\u043b\u0430\u0433\u043e\u0434\u0430\u0440\u044f \u044d\u043b\u0435\u0433\u0430\u043d\u0442\u043d\u043e\u0441\u0442\u0438 \u0438 \u043f\u0440\u043e\u0447\u043d\u043e\u0441\u0442\u0438 \u043c\u0430\u0442\u0435\u0440\u0438\u0430\u043b\u0430 \u0438\u0445 \u0438\u0441\u043f\u043e\u043b\u044c\u0437\u0443\u044e\u0442 \u0442\u0430\u043a\u0436\u0435 \u0434\u043b\u044f \u043f\u043e\u0432\u0435\u0440\u0445\u043d\u043e\u0441\u0442\u0435\u0439 \u0441\u0442\u043e\u043b\u043e\u0432: \u0440\u0435\u0446\u0435\u043f\u0446\u0438\u0438, \u0431\u0430\u0440\u043d\u044b\u0435 \u0441\u0442\u043e\u0439\u043a\u0438, \u043a\u043e\u043b\u043e\u043d\u043d\u044b, \u043e\u0442\u0434\u0435\u043b\u043a\u0430 \u0441\u0442\u0435\u043d \u0438 \u043f\u043e\u043b\u0430, \u0430 \u0442\u0430\u043a\u0436\u0435 \u043e\u0442\u0434\u0435\u043b\u043a\u0430 \u043b\u0438\u0444\u0442\u043e\u0432.<\/p><p>\u00a0 \u00a0 <strong>\u041f\u0440\u0438\u043c\u0435\u043d\u0435\u043d\u0438\u0435 \u043d\u0430\u0442\u0443\u0440\u0430\u043b\u044c\u043d\u043e\u0433\u043e \u043a\u0430\u043c\u043d\u044f \u0438 \u0448\u0438\u0440\u043e\u043a\u043e\u0444\u043e\u0440\u043c\u0430\u0442\u043d\u043e\u0439 \u043f\u043b\u0438\u0442\u043a\u0438:<\/strong><\/p><ul><li>\u0431\u0430\u0440\u043d\u044b\u0435 \u0441\u0442\u043e\u0439\u043a\u0438 &#8212; \u0447\u0430\u0449\u0435 \u0432\u0441\u0435\u0433\u043e \u0438\u0437 \u0438\u0441\u043a\u0443\u0441\u0441\u0442\u0432\u0435\u043d\u043d\u043e\u0433\u043e \u043a\u0430\u043c\u043d\u044f \u0438\u043b\u0438 \u043f\u043b\u0438\u0442\u043a\u0438 \u0431\u043e\u043b\u044c\u0448\u043e\u0433\u043e \u0444\u043e\u0440\u043c\u0430\u0442\u0430;<\/li><li>\u0441\u0442\u043e\u043b\u044b \u0434\u043b\u044f \u0440\u0435\u0446\u0435\u043f\u0446\u0438\u0439, \u0447\u0430\u0449\u0435 \u0432\u0441\u0435\u0433\u043e \u0438\u0437 \u043e\u043d\u0438\u043a\u0441\u0430 \u0438\u043b\u0438 \u043c\u0440\u0430\u043c\u043e\u0440\u0430. \u0411\u043b\u0430\u0433\u043e\u0434\u0430\u0440\u044f \u0440\u0430\u0437\u043c\u0435\u0440\u0430\u043c \u0438 \u043a\u043e\u043d\u0441\u0442\u0440\u0443\u043a\u0446\u0438\u0439 \u043a\u0440\u0443\u043f\u043d\u043e\u0444\u043e\u0440\u043c\u0430\u0442\u043d\u043e\u0439 \u043f\u043b\u0438\u0442\u043a\u0438 \u043f\u0440\u0435\u0434\u043b\u0430\u0433\u0430\u0435\u043c \u0438\u0437\u0433\u043e\u0442\u0430\u0432\u043b\u0438\u0432\u0430\u0442\u044c \u043c\u043e\u043d\u043e\u043b\u0438\u0442\u043d\u044b\u0435 \u0441\u0442\u043e\u043b\u044b \u0434\u043b\u044f \u0440\u0435\u0446\u0435\u043f\u0446\u0438\u0439, \u0444\u043e\u0440\u043c\u0438\u0440\u0443\u044f \u0443\u0433\u043b\u043e\u0432\u044b\u0435 \u0441\u0442\u044b\u043a\u0438 \u043f\u043e\u0434 \u0443\u0433\u043b\u043e\u043c 45 \u0433\u0440\u0430\u0434\u0443\u0441\u043e\u0432;<br \/>\u043a\u0430\u043c\u0435\u043d\u043d\u044b\u0435 \u043a\u043e\u043b\u043e\u043d\u043d\u044b \u0438\u0437\u0433\u043e\u0442\u0430\u0432\u043b\u0438\u0432\u0430\u044e\u0442\u0441\u044f \u0438\u0437 \u043c\u043e\u043d\u043e\u043b\u0438\u0442\u043d\u043e\u0433\u043e \u043a\u0430\u043c\u043d\u044f \u0438\u043b\u0438 \u043f\u0443\u0442\u0435\u043c \u043e\u0431\u043a\u043b\u0435\u0439\u043a\u0438 \u043a\u043e\u043b\u043e\u043d\u043d \u043d\u0430\u0442\u0443\u0440\u0430\u043b\u044c\u043d\u044b\u043c \u043a\u0430\u043c\u043d\u0435\u043c \u0438\u043b\u0438 \u043a\u0440\u0443\u043f\u043d\u043e\u0444\u043e\u0440\u043c\u0430\u0442\u043d\u043e\u0439 \u043f\u043b\u0438\u0442\u043a\u043e\u0439;<\/li><li>\u0432 \u043e\u0442\u0434\u0435\u043b\u043a\u0435 \u0441\u0442\u0435\u043d \u043b\u0438\u0444\u0442\u0430 \u0432 \u043a\u0430\u0447\u0435\u0441\u0442\u0432\u0435 \u043e\u0442\u0434\u0435\u043b\u043e\u0447\u043d\u043e\u0433\u043e \u0438\u043b\u0438 \u0434\u0435\u043a\u043e\u0440\u0430\u0442\u0438\u0432\u043d\u043e\u0433\u043e \u044d\u043b\u0435\u043c\u0435\u043d\u0442\u0430 \u0438\u0441\u043f\u043e\u043b\u044c\u0437\u0443\u0435\u0442\u0441\u044f \u043a\u0440\u0443\u043f\u043d\u043e\u0444\u043e\u0440\u043c\u0430\u0442\u043d\u0430\u044f \u043f\u043b\u0438\u0442\u043a\u0430. \u041f\u0440\u0438 \u043e\u0442\u0434\u0435\u043b\u043a\u0435 \u0443\u0433\u043b\u044b \u043f\u0438\u043b\u044f\u0442\u0441\u044f \u043f\u043e\u0434 45 \u0433\u0440\u0430\u0434\u0443\u0441\u043e\u0432 \u0438\u043b\u0438 \u0432\u0441\u0442\u0440\u0430\u0438\u0432\u0430\u044e\u0442\u0441\u044f \u043f\u043b\u0430\u043d\u043a\u0438 \u0438\u0437 \u043d\u0435\u0440\u0436\u0430\u0432\u0435\u044e\u0449\u0435\u0439 \u0441\u0442\u0430\u043b\u0438, \u0447\u0442\u043e \u0441\u043b\u0443\u0436\u0438\u0442 \u0437\u0430\u0449\u0438\u0442\u043e\u0439 \u0443\u0433\u043b\u043e\u0432 \u043e\u0442 \u0442\u0435\u0445\u043d\u0438\u0447\u0435\u0441\u043a\u0438\u0445 \u043f\u043e\u0432\u0440\u0435\u0436\u0434\u0435\u043d\u0438\u0439;<\/li><li>\u043d\u0430\u0442\u0443\u0440\u0430\u043b\u044c\u043d\u044b\u0439 \u043a\u0430\u043c\u0435\u043d\u044c \u0432 \u043e\u0442\u0435\u043b\u044f\u0445 \u0448\u0438\u0440\u043e\u043a\u043e \u0438\u0441\u043f\u043e\u043b\u044c\u0437\u0443\u0435\u0442\u0441\u044f \u0432 \u0437\u043e\u043d\u0430\u0445 \u043e\u0442\u0434\u044b\u0445\u0430, \u043e\u0444\u043e\u0440\u043c\u043b\u0435\u043d\u0438\u0438 \u043d\u043e\u043c\u0435\u0440\u043e\u0432 \u0438 \u0432\u0430\u043d\u043d\u044b\u0445 \u043a\u043e\u043c\u043d\u0430\u0442;<\/li><li>\u0421\u041f\u0410 \u043e\u0431\u043e\u0440\u0443\u0434\u043e\u0432\u0430\u043d\u0438\u0435 \u0438\u0437 \u043d\u0430\u0442\u0443\u0440\u0430\u043b\u044c\u043d\u043e\u0433\u043e \u043a\u0430\u043c\u043d\u044f, \u043d\u0430\u0442\u0443\u0440\u0430\u043b\u044c\u043d\u043e\u0433\u043e \u043a\u0430\u043c\u043d\u044f \u0448\u0438\u0440\u043e\u043a\u043e \u0438\u0441\u043f\u043e\u043b\u044c\u0437\u0443\u0435\u0442\u0441\u044f \u0432 \u0421\u041f\u0410 \u0437\u043e\u043d\u0430\u0445\u00a0 \u043e\u043a\u043e\u043b\u043e \u0431\u0430\u0441\u0441\u0435\u0439\u043d\u043e\u0432, \u0431\u0430\u0441\u0441\u0435\u0439\u043d\u043e\u0432 \u0438 \u043f\u0430\u0440\u043e\u0432\u044b\u0445 \u0431\u0430\u043d\u044c.<\/li><\/ul><\/div>\t\t\t\t\t<\/div>\n\t\t\t\t\t\t<\/div>\n\t\t\t\t<\/div>\n\t\t\t\t\t\t<\/div>\n\t\t\t\t\t<\/div>\n\t\t<\/div>\n\t\t\t\t\t\t\t\t<\/div>\n\t\t\t\t\t<\/div>\n\t\t<\/section>\n\t\t\t\t\t\t<\/div>\n\t\t\t\t\t<\/div>\n\t\t<\/div>\n\t\t\t\t\t\t\t\t<\/div>\n\t\t\t\t\t<\/div>\n\t\t<\/section>\n\t\t\t\t\t\t<\/div>\n\t\t\t\t\t\t<\/div>\n\t\t\t\t\t<\/div>\n\t\t","protected":false},"excerpt":{"rendered":"<p>\u042d\u043b\u0435\u043c\u0435\u043d\u0442\u044b \u0434\u0438\u0437\u0430\u0439\u043d\u0430 \u0438\u0437 \u043a\u0440\u0443\u043f\u043d\u043e\u0444\u043e\u0440\u043c\u0430\u0442\u043d\u043e\u0439 \u043f\u043b\u0438\u0442\u043a\u0438 &#8212; \u0434\u043b\u044f \u0438\u043d\u0442\u0435\u0440\u044c\u0435\u0440\u043e\u0432 \u0433\u043e\u0441\u0442\u0438\u043d\u0438\u0446, \u0440\u0435\u0446\u0435\u043f\u0446\u0438\u0439, \u0421\u041f\u0410 \u0437\u043e\u043d, \u043a\u0430\u0437\u0438\u043d\u043e, \u0431\u0430\u0441\u0441\u0435\u0439\u043d\u043e\u0432, \u0440\u0430\u0437\u043b\u0438\u0447\u043d\u044b\u0445 \u0431\u0430\u043d\u044c \u0438 \u0441\u0430\u0443\u043d \u00a0 \u00a0\u00a0 \u042d\u043b\u0435\u043c\u0435\u043d\u0442\u044b \u0434\u0438\u0437\u0430\u0439\u043d\u0430 \u0438\u0437 \u043d\u0430\u0442\u0443\u0440\u0430\u043b\u044c\u043d\u043e\u0433\u043e \u0438\u043b\u0438 \u0438\u0441\u043a\u0443\u0441\u0441\u0442\u0432\u0435\u043d\u043d\u043e\u0433\u043e \u043a\u0430\u043c\u043d\u044f \u0448\u0438\u0440\u043e\u043a\u043e \u0440\u0430\u0441\u043f\u0440\u043e\u0441\u0442\u0440\u0430\u043d\u0435\u043d\u044b \u0432 \u0438\u043d\u0434\u0443\u0441\u0442\u0440\u0438\u0438 \u043a\u0440\u0430\u0441\u043e\u0442\u044b, \u0433\u043e\u0441\u0442\u0438\u043d\u0438\u0447\u043d\u043e\u0433\u043e \u0438 \u0440\u0435\u0441\u0442\u043e\u0440\u0430\u043d\u043d\u043e\u0433\u043e \u0431\u0438\u0437\u043d\u0435\u0441\u0430 (\u043e\u0442\u0435\u043b\u0438, \u0440\u0435\u0441\u0442\u043e\u0440\u0430\u043d\u044b \u0438 \u0431\u0430\u0440\u044b). \u0411\u043b\u0430\u0433\u043e\u0434\u0430\u0440\u044f \u044d\u043b\u0435\u0433\u0430\u043d\u0442\u043d\u043e\u0441\u0442\u0438 \u0438 \u043f\u0440\u043e\u0447\u043d\u043e\u0441\u0442\u0438 \u043c\u0430\u0442\u0435\u0440\u0438\u0430\u043b\u0430 \u0438\u0445 \u0438\u0441\u043f\u043e\u043b\u044c\u0437\u0443\u044e\u0442 \u0442\u0430\u043a\u0436\u0435 \u0434\u043b\u044f \u043f\u043e\u0432\u0435\u0440\u0445\u043d\u043e\u0441\u0442\u0435\u0439 \u0441\u0442\u043e\u043b\u043e\u0432: \u0440\u0435\u0446\u0435\u043f\u0446\u0438\u0438, \u0431\u0430\u0440\u043d\u044b\u0435 \u0441\u0442\u043e\u0439\u043a\u0438, \u043a\u043e\u043b\u043e\u043d\u043d\u044b, [&hellip;]<\/p>\n","protected":false},"author":1,"featured_media":0,"parent":0,"menu_order":0,"comment_status":"closed","ping_status":"closed","template":"","meta":{"footnotes":""},"class_list":["post-8130","page","type-page","status-publish","hentry"],"_links":{"self":[{"href":"https:\/\/videa.lv\/ru\/wp-json\/wp\/v2\/pages\/8130","targetHints":{"allow":["GET"]}}],"collection":[{"href":"https:\/\/videa.lv\/ru\/wp-json\/wp\/v2\/pages"}],"about":[{"href":"https:\/\/videa.lv\/ru\/wp-json\/wp\/v2\/types\/page"}],"author":[{"embeddable":true,"href":"https:\/\/videa.lv\/ru\/wp-json\/wp\/v2\/users\/1"}],"replies":[{"embeddable":true,"href":"https:\/\/videa.lv\/ru\/wp-json\/wp\/v2\/comments?post=8130"}],"version-history":[{"count":52,"href":"https:\/\/videa.lv\/ru\/wp-json\/wp\/v2\/pages\/8130\/revisions"}],"predecessor-version":[{"id":8992,"href":"https:\/\/videa.lv\/ru\/wp-json\/wp\/v2\/pages\/8130\/revisions\/8992"}],"wp:attachment":[{"href":"https:\/\/videa.lv\/ru\/wp-json\/wp\/v2\/media?parent=8130"}],"curies":[{"name":"wp","href":"https:\/\/api.w.org\/{rel}","templated":true}]}}