{"id":8135,"date":"2021-04-09T06:25:46","date_gmt":"2021-04-09T06:25:46","guid":{"rendered":"https:\/\/new.videa.lv\/?page_id=8135"},"modified":"2021-05-06T09:10:03","modified_gmt":"2021-05-06T09:10:03","slug":"ventilejamo-fasazu-uzstadisana-dabigais-akmens-lielformata-flizes-laminam-technistone-neobond-alubond-decton-silestone","status":"publish","type":"page","link":"https:\/\/videa.lv\/ru\/ventilejamo-fasazu-uzstadisana-dabigais-akmens-lielformata-flizes-laminam-technistone-neobond-alubond-decton-silestone\/","title":{"rendered":"ventil\u0113jamo fas\u0101\u017eu uzst\u0101d\u012b\u0161ana \u2013 dab\u012bgais akmens, lielform\u0101ta fl\u012bzes, LAMINAM, TECHNISTONE, NEOBOND, ALUBOND, DECTON, Silestone."},"content":{"rendered":"\t\t<div data-elementor-type=\"wp-page\" data-elementor-id=\"8135\" class=\"elementor elementor-8135\" data-elementor-settings=\"[]\">\n\t\t\t\t\t\t<div class=\"elementor-inner\">\n\t\t\t\t\t\t\t<div class=\"elementor-section-wrap\">\n\t\t\t\t\t\t\t<section class=\"elementor-section elementor-top-section elementor-element elementor-element-308a2f6c elementor-section-boxed elementor-section-height-default elementor-section-height-default\" data-id=\"308a2f6c\" data-element_type=\"section\">\n\t\t\t\t\t\t<div class=\"elementor-container elementor-column-gap-no\">\n\t\t\t\t\t\t\t<div class=\"elementor-row\">\n\t\t\t\t\t<div class=\"elementor-column elementor-col-100 elementor-top-column elementor-element elementor-element-37a5c9\" data-id=\"37a5c9\" data-element_type=\"column\">\n\t\t\t<div class=\"elementor-column-wrap elementor-element-populated\">\n\t\t\t\t\t\t\t<div class=\"elementor-widget-wrap\">\n\t\t\t\t\t\t<section class=\"elementor-section elementor-inner-section elementor-element elementor-element-4dffa259 elementor-section-height-min-height elementor-section-boxed elementor-section-height-default\" data-id=\"4dffa259\" data-element_type=\"section\">\n\t\t\t\t\t\t<div class=\"elementor-container elementor-column-gap-default\">\n\t\t\t\t\t\t\t<div class=\"elementor-row\">\n\t\t\t\t\t<div class=\"elementor-column elementor-col-50 elementor-inner-column elementor-element elementor-element-168ecc71\" data-id=\"168ecc71\" data-element_type=\"column\" data-settings=\"{&quot;background_background&quot;:&quot;classic&quot;}\">\n\t\t\t<div class=\"elementor-column-wrap elementor-element-populated\">\n\t\t\t\t\t\t\t<div class=\"elementor-widget-wrap\">\n\t\t\t\t\t\t<div class=\"elementor-element elementor-element-5ba3525 elementor-widget elementor-widget-image\" data-id=\"5ba3525\" data-element_type=\"widget\" data-widget_type=\"image.default\">\n\t\t\t\t<div class=\"elementor-widget-container\">\n\t\t\t\t\t\t\t\t<div class=\"elementor-image\">\n\t\t\t\t\t\t\t\t\t\t\t\t<img loading=\"lazy\" decoding=\"async\" width=\"800\" height=\"534\" src=\"https:\/\/videa.lv\/wp-content\/uploads\/2021\/04\/IMG_3703-1024x683.jpg\" class=\"attachment-large size-large\" alt=\"\" srcset=\"https:\/\/videa.lv\/wp-content\/uploads\/2021\/04\/IMG_3703-1024x683.jpg 1024w, https:\/\/videa.lv\/wp-content\/uploads\/2021\/04\/IMG_3703-300x200.jpg 300w, https:\/\/videa.lv\/wp-content\/uploads\/2021\/04\/IMG_3703-768x512.jpg 768w, https:\/\/videa.lv\/wp-content\/uploads\/2021\/04\/IMG_3703-1536x1024.jpg 1536w, https:\/\/videa.lv\/wp-content\/uploads\/2021\/04\/IMG_3703-2048x1365.jpg 2048w\" sizes=\"auto, (max-width: 800px) 100vw, 800px\" \/>\t\t\t\t\t\t\t\t\t\t\t\t\t\t<\/div>\n\t\t\t\t\t\t<\/div>\n\t\t\t\t<\/div>\n\t\t\t\t\t\t<\/div>\n\t\t\t\t\t<\/div>\n\t\t<\/div>\n\t\t\t\t<div class=\"elementor-column elementor-col-50 elementor-inner-column elementor-element elementor-element-13abd803\" data-id=\"13abd803\" data-element_type=\"column\" data-settings=\"{&quot;background_background&quot;:&quot;classic&quot;}\">\n\t\t\t<div class=\"elementor-column-wrap elementor-element-populated\">\n\t\t\t\t\t\t\t<div class=\"elementor-widget-wrap\">\n\t\t\t\t\t\t<div class=\"elementor-element elementor-element-70e8130f elementor-widget elementor-widget-heading\" data-id=\"70e8130f\" data-element_type=\"widget\" data-widget_type=\"heading.default\">\n\t\t\t\t<div class=\"elementor-widget-container\">\n\t\t\t<h1 class=\"elementor-heading-title elementor-size-default\">  <\/h1>\t\t<\/div>\n\t\t\t\t<\/div>\n\t\t\t\t<div class=\"elementor-element elementor-element-69a31d55 elementor-widget elementor-widget-text-editor\" data-id=\"69a31d55\" data-element_type=\"widget\" data-widget_type=\"text-editor.default\">\n\t\t\t\t<div class=\"elementor-widget-container\">\n\t\t\t\t\t\t\t\t<div class=\"elementor-text-editor elementor-clearfix\">\n\t\t\t\t<div class=\"left\"><p class=\"p1\"> <\/li><\/ul><p>\u00a0 \u00a0 \u0412\u0435\u043d\u0442\u0438\u043b\u0438\u0440\u0443\u0435\u043c\u044b\u0435 \u0444\u0430\u0441\u0430\u0434\u044b (\u0438\u043d\u043e\u0433\u0434\u0430 \u043d\u0430\u0437\u044b\u0432\u0430\u0435\u043c\u044b\u0435 \u043d\u0430\u0432\u0435\u0441\u043d\u044b\u043c\u0438 \u0444\u0430\u0441\u0430\u0434\u0430\u043c\u0438) &#8212; \u044d\u0442\u043e \u0444\u0430\u0441\u0430\u0434\u043d\u0430\u044f \u0441\u0438\u0441\u0442\u0435\u043c\u0430, \u0441\u043e\u0441\u0442\u043e\u044f\u0449\u0430\u044f \u0438\u0437 \u043e\u0442\u0434\u0435\u043b\u043e\u0447\u043d\u043e\u0433\u043e \u043c\u0430\u0442\u0435\u0440\u0438\u0430\u043b\u0430, \u043a\u043e\u0442\u043e\u0440\u044b\u0439 \u043a\u0440\u0435\u043f\u0438\u0442\u0441\u044f \u043a \u0430\u043b\u044e\u043c\u0438\u043d\u0438\u0435\u0432\u043e\u043c\u0443 \u043a\u0430\u0440\u043a\u0430\u0441\u0443. \u0412 \u043a\u0430\u0447\u0435\u0441\u0442\u0432\u0435 \u043e\u0442\u0434\u0435\u043b\u043e\u0447\u043d\u043e\u0433\u043e \u043c\u0430\u0442\u0435\u0440\u0438\u0430\u043b\u0430 \u0438\u0441\u043f\u043e\u043b\u044c\u0437\u0443\u0435\u0442\u0441\u044f \u043a\u043e\u043c\u043f\u043e\u0437\u0438\u0442\u043d\u044b\u0439 \u043c\u0430\u0442\u0435\u0440\u0438\u0430\u043b, \u043a\u0440\u0443\u043f\u043d\u043e\u0444\u043e\u0440\u043c\u0430\u0442\u043d\u0430\u044f \u043f\u043b\u0438\u0442\u043a\u0430 \u0438\u043b\u0438 \u0430\u043b\u044e\u043c\u0438\u043d\u0438\u0435\u0432\u044b\u0439 \u043a\u043e\u043c\u043f\u043e\u0437\u0438\u0442. \u041e\u0441\u043d\u043e\u0432\u043d\u043e\u0435 \u043e\u0442\u043b\u0438\u0447\u0438\u0435 \u0432\u0435\u043d\u0442\u0438\u043b\u0438\u0440\u0443\u0435\u043c\u043e\u0433\u043e \u0444\u0430\u0441\u0430\u0434\u0430 \u043e\u0442 \u043e\u0431\u044b\u0447\u043d\u043e\u0433\u043e \u043e\u0448\u0442\u0443\u043a\u0430\u0442\u0443\u0440\u0435\u043d\u043d\u043e\u0433\u043e \u0444\u0430\u0441\u0430\u0434\u0430 \u0437\u0430\u043a\u043b\u044e\u0447\u0430\u0435\u0442\u0441\u044f \u0432 \u0442\u043e\u043c, \u0447\u0442\u043e \u0432\u043e\u0437\u0434\u0443\u0445 \u0441\u0432\u043e\u0431\u043e\u0434\u043d\u043e \u0446\u0438\u0440\u043a\u0443\u043b\u0438\u0440\u0443\u0435\u0442 \u043c\u0435\u0436\u0434\u0443 \u043e\u0442\u0434\u0435\u043b\u043e\u0447\u043d\u044b\u043c \u043c\u0430\u0442\u0435\u0440\u0438\u0430\u043b\u043e\u043c \u0438 \u0441\u0442\u0435\u043d\u043e\u0439, \u0447\u0442\u043e \u043f\u0440\u0435\u0434\u043e\u0442\u0432\u0440\u0430\u0449\u0430\u0435\u0442 \u043e\u0431\u0440\u0430\u0437\u043e\u0432\u0430\u043d\u0438\u0435 \u043a\u043e\u043d\u0434\u0435\u043d\u0441\u0430\u0442\u0430 \u0438 \u0432\u043b\u0430\u0433\u0438 \u043d\u0430 \u0438\u0445 \u043a\u043e\u043d\u0441\u0442\u0440\u0443\u043a\u0446\u0438\u044f\u0445 \u0438 \u0438\u0445 \u0432\u0435\u043d\u0442\u0438\u043b\u0438\u0440\u0443\u0435\u0442. \u042d\u043b\u0435\u043c\u0435\u043d\u0442\u044b \u043a\u0440\u0435\u043f\u043b\u0435\u043d\u0438\u044f \u0444\u0430\u0441\u0430\u0434\u043e\u0432 \u0443\u043d\u0438\u0432\u0435\u0440\u0441\u0430\u043b\u044c\u043d\u044b, \u0447\u0442\u043e \u043f\u043e\u0437\u0432\u043e\u043b\u044f\u0435\u0442 \u0441\u043e\u0437\u0434\u0430\u0432\u0430\u0442\u044c \u0442\u0430\u043a\u0436\u0435 \u0441\u043b\u043e\u0436\u043d\u044b\u0435 \u0430\u0440\u0445\u0438\u0442\u0435\u043a\u0442\u0443\u0440\u043d\u044b\u0435 \u0444\u043e\u0440\u043c\u044b: \u043e\u0442 \u043a\u043b\u0430\u0441\u0441\u0438\u0447\u0435\u0441\u043a\u0438\u0445 \u0434\u043e \u0443\u043b\u044c\u0442\u0440\u0430\u0441\u043e\u0432\u0440\u0435\u043c\u0435\u043d\u043d\u044b\u0445. \u0414\u043b\u044f \u0434\u043e\u043f\u043e\u043b\u043d\u0438\u0442\u0435\u043b\u044c\u043d\u043e\u0439 \u0442\u0435\u043f\u043b\u043e\u0438\u0437\u043e\u043b\u044f\u0446\u0438\u0438 \u043c\u043e\u0436\u043d\u043e \u0438\u0441\u043f\u043e\u043b\u044c\u0437\u043e\u0432\u0430\u0442\u044c \u0442\u0435\u043f\u043b\u043e\u0438\u0437\u043e\u043b\u044f\u0446\u0438\u043e\u043d\u043d\u044b\u0439 \u043c\u0430\u0442\u0435\u0440\u0438\u0430\u043b. \u0417\u0430\u0437\u043e\u0440 \u043c\u0435\u0436\u0434\u0443 \u0442\u0435\u043f\u043b\u043e\u0438\u0437\u043e\u043b\u044f\u0446\u0438\u0435\u0439 \u0438 \u0444\u0430\u0441\u0430\u0434\u043e\u043c \u0437\u0434\u0430\u043d\u0438\u044f \u0434\u043e\u043b\u0436\u0435\u043d \u0441\u043e\u0441\u0442\u0430\u0432\u043b\u044f\u0442\u044c \u043e\u0442 20 \u0434\u043e 50 \u043c\u043c. \u042d\u0442\u043e \u0440\u0430\u0441\u0441\u0442\u043e\u044f\u043d\u0438\u0435 \u043f\u043e\u0437\u0432\u043e\u043b\u044f\u0435\u0442 \u0442\u0451\u043f\u043b\u043e\u043c\u0443 \u0432\u043e\u0437\u0434\u0443\u0445\u0443 \u0446\u0438\u0440\u043a\u0443\u043b\u0438\u0440\u043e\u0432\u0430\u0442\u044c \u043c\u0435\u0436\u0434\u0443 \u043e\u0442\u0434\u0435\u043b\u043e\u0447\u043d\u044b\u043c \u043c\u0430\u0442\u0435\u0440\u0438\u0430\u043b\u043e\u043c \u0438 \u0441\u0442\u0435\u043d\u043e\u0439 \u0437\u0434\u0430\u043d\u0438\u044f, \u0430 \u0442\u0430\u043a\u0436\u0435 \u043f\u0440\u043e\u0441\u0443\u0448\u0438\u0432\u0430\u0442\u044c \u0442\u0435\u043f\u043b\u043e\u0438\u0437\u043e\u043b\u044f\u0446\u0438\u043e\u043d\u043d\u044b\u0439 \u043c\u0430\u0442\u0435\u0440\u0438\u0430\u043b \u0432 \u0441\u043b\u0443\u0447\u0430\u0435 \u043f\u043e\u043f\u0430\u0434\u0430\u043d\u0438\u044f \u043d\u0430 \u043d\u0435\u0433\u043e \u0432\u043b\u0430\u0433\u0438. \u0421\u0438\u0441\u0442\u0435\u043c\u0430 \u0432\u0435\u043d\u0442\u0438\u043b\u0438\u0440\u0443\u0435\u043c\u044b\u0445 (\u043d\u0430\u0432\u0435\u0441\u043d\u044b\u0445) \u0444\u0430\u0441\u0430\u0434\u043e\u0432 \u0441\u043e\u0445\u0440\u0430\u043d\u044f\u0435\u0442 \u0432 \u0442\u0435\u043f\u043b\u043e \u0432 \u0437\u0434\u0430\u043d\u0438\u0438 \u0438 \u043f\u0440\u0435\u0434\u043e\u0442\u0432\u0440\u0430\u0449\u0430\u0435\u0442 \u043f\u043e\u044f\u0432\u043b\u0435\u043d\u0438\u0435 \u0432\u043b\u0430\u0433\u0438.<\/p><p>\u00a0 \u00a0 \u041e\u0441\u043d\u043e\u0432\u043d\u044b\u0435 \u043f\u0440\u0435\u0438\u043c\u0443\u0449\u0435\u0441\u0442\u0432\u0430 \u0432\u0435\u043d\u0442\u0438\u043b\u0438\u0440\u0443\u0435\u043c\u043e\u0433\u043e \u0444\u0430\u0441\u0430\u0434\u0430 &#8212; \u0434\u043e\u043b\u0433\u043e\u0432\u0435\u0447\u043d\u043e\u0441\u0442\u044c, \u0443\u0441\u0442\u043e\u0439\u0447\u0438\u0432\u043e\u0441\u0442\u044c \u043a \u0430\u0442\u043c\u043e\u0441\u0444\u0435\u0440\u043d\u044b\u043c \u0432\u043e\u0437\u0434\u0435\u0439\u0441\u0442\u0432\u0438\u044f\u043c, \u0431\u044b\u0441\u0442\u0440\u044b\u0439 \u043c\u043e\u043d\u0442\u0430\u0436, \u043a\u043e\u0442\u043e\u0440\u044b\u0439 \u0432\u043e\u0437\u043c\u043e\u0436\u0435\u043d \u0432 \u043b\u044e\u0431\u043e\u0435 \u0432\u0440\u0435\u043c\u044f \u0433\u043e\u0434\u0430. \u0418\u0441\u043f\u043e\u043b\u044c\u0437\u0443\u044f \u0432\u0435\u043d\u0442\u0438\u043b\u0438\u0440\u0443\u0435\u043c\u044b\u0439 \u0444\u0430\u0441\u0430\u0434, \u043c\u043e\u0436\u043d\u043e \u043e\u0442\u043d\u043e\u0441\u0438\u0442\u0435\u043b\u044c\u043d\u043e \u0431\u044b\u0441\u0442\u0440\u043e \u0432\u043e\u0441\u0441\u0442\u0430\u043d\u043e\u0432\u0438\u0442\u044c \u0432\u043d\u0435\u0448\u043d\u0438\u0439 \u0432\u0438\u0434 \u0437\u0434\u0430\u043d\u0438\u044f \u0438 \u043f\u0440\u0438 \u043d\u0435\u043e\u0431\u0445\u043e\u0434\u0438\u043c\u043e\u0441\u0442\u0438 \u0432\u044b\u043f\u043e\u043b\u043d\u0438\u0442\u044c \u0434\u043e\u043f\u043e\u043b\u043d\u0438\u0442\u0435\u043b\u044c\u043d\u0443\u044e \u0438\u0437\u043e\u043b\u044f\u0446\u0438\u044e \u0441\u0430\u043c\u043e\u0433\u043e \u0437\u0434\u0430\u043d\u0438\u044f. \u0415\u0441\u043b\u0438 \u043f\u0440\u0438 \u0440\u0435\u043a\u043e\u043d\u0441\u0442\u0440\u0443\u043a\u0446\u0438\u0438 \u0437\u0434\u0430\u043d\u0438\u044f \u043f\u043b\u0430\u043d\u0438\u0440\u0443\u0435\u0442\u0441\u044f \u0438\u0441\u043f\u043e\u043b\u044c\u0437\u043e\u0432\u0430\u0442\u044c \u043d\u0430\u0432\u0435\u0441\u043d\u043e\u0439 \u0444\u0430\u0441\u0430\u0434, \u043d\u0430\u043f\u0440\u0438\u043c\u0435\u0440 \u0434\u043b\u044f \u043c\u043d\u043e\u0433\u043e\u044d\u0442\u0430\u0436\u043d\u043e\u0433\u043e \u0437\u0434\u0430\u043d\u0438\u044f, \u043c\u044b \u0440\u0435\u043a\u043e\u043c\u0435\u043d\u0434\u0443\u0435\u043c \u043f\u0440\u043e\u0432\u0435\u0441\u0442\u0438 \u043e\u0446\u0435\u043d\u043a\u0443 \u0442\u0435\u0445\u043d\u0438\u0447\u0435\u0441\u043a\u043e\u0433\u043e \u0441\u043e\u0441\u0442\u043e\u044f\u043d\u0438\u044f \u0441\u0442\u0440\u043e\u0438\u0442\u0435\u043b\u044c\u043d\u044b\u0445 \u043a\u043e\u043d\u0441\u0442\u0440\u0443\u043a\u0446\u0438\u0439, \u043f\u0440\u0438 \u043d\u0435\u043e\u0431\u0445\u043e\u0434\u0438\u043c\u043e\u0441\u0442\u0438 \u043f\u0440\u043e\u0438\u0437\u0432\u0435\u0441\u0442\u0438 \u0438\u0445 \u0443\u0441\u0438\u043b\u0435\u043d\u0438\u0435, \u0442\u0430\u043a \u043a\u0430\u043a \u0432\u0435\u043d\u0442\u0438\u043b\u0438\u0440\u0443\u0435\u043c\u044b\u0439 \u0444\u0430\u0441\u0430\u0434 \u0441\u043e\u0437\u0434\u0430\u0441\u0442 \u0434\u043e\u043f\u043e\u043b\u043d\u0438\u0442\u0435\u043b\u044c\u043d\u0443\u044e \u043d\u0430\u0433\u0440\u0443\u0437\u043a\u0443 \u043d\u0430 \u043d\u0435\u0441\u0443\u0449\u0438\u0435 \u043a\u043e\u043d\u0441\u0442\u0440\u0443\u043a\u0446\u0438\u0438 \u0438 \u0444\u0443\u043d\u0434\u0430\u043c\u0435\u043d\u0442 \u0437\u0434\u0430\u043d\u0438\u044f. \u041f\u0440\u0435\u0438\u043c\u0443\u0449\u0435\u0441\u0442\u0432\u0430 \u0441\u0438\u0441\u0442\u0435\u043c\u044b: \u0432\u043e\u0437\u043c\u043e\u0436\u043d\u043e\u0441\u0442\u044c \u0438\u0441\u043f\u043e\u043b\u044c\u0437\u043e\u0432\u0430\u0442\u044c \u0440\u0430\u0437\u043b\u0438\u0447\u043d\u044b\u0435 \u043e\u0442\u0434\u0435\u043b\u043e\u0447\u043d\u044b\u0435 \u043c\u0430\u0442\u0435\u0440\u0438\u0430\u043b\u044b, \u0438\u0441\u043f\u043e\u043b\u044c\u0437\u043e\u0432\u0430\u0442\u044c \u0448\u0438\u0440\u043e\u043a\u0443\u044e \u0446\u0432\u0435\u0442\u043e\u0432\u0443\u044e \u0433\u0430\u043c\u043c\u0443. \u0421\u0438\u0441\u0442\u0435\u043c\u044b \u043f\u043e\u0434\u0432\u0435\u0441\u043d\u044b\u0445 (\u0432\u0435\u043d\u0442\u0438\u043b\u0438\u0440\u0443\u0435\u043c\u044b\u0445) \u0444\u0430\u0441\u0430\u0434\u043e\u0432 \u043e\u0431\u043b\u0430\u0434\u0430\u044e\u0442 \u0432\u044b\u0441\u043e\u043a\u0438\u043c\u0438 \u043f\u043e\u043a\u0430\u0437\u0430\u0442\u0435\u043b\u044f\u043c\u0438 \u0442\u0435\u043f\u043b\u043e \u0438 \u0437\u0432\u0443\u043a\u043e\u0438\u0437\u043e\u043b\u044f\u0446\u0438\u0438, \u043e\u043d\u0438 \u043f\u043e\u0437\u0432\u043e\u043b\u044f\u044e\u0442 \u0437\u043d\u0430\u0447\u0438\u0442\u0435\u043b\u044c\u043d\u043e \u0441\u043d\u0438\u0437\u0438\u0442\u044c \u0437\u0430\u0442\u0440\u0430\u0442\u044b \u043d\u0430 \u043e\u0442\u043e\u043f\u043b\u0435\u043d\u0438\u0435. \u0427\u0430\u0449\u0435 \u0432\u0441\u0435\u0433\u043e \u0438\u0441\u043f\u043e\u043b\u044c\u0437\u0443\u044e\u0442\u0441\u044f \u043c\u0430\u0442\u0435\u0440\u0438\u0430\u043b\u044b \u043e\u0442 \u043f\u0440\u043e\u0438\u0437\u0432\u043e\u0434\u0438\u0442\u0435\u043b\u0435\u0439 DECTON, Silestone, NEOBOND, ALUBOND, DIBOND, ALBOND, Laminam, GranitiFiandre.<\/p><p><strong>\u041f\u0440\u0435\u0438\u043c\u0443\u0449\u0435\u0441\u0442\u0432\u0430 \u0432\u0435\u043d\u0442\u0438\u043b\u0438\u0440\u0443\u0435\u043c\u044b\u0445 \u0444\u0430\u0441\u0430\u0434\u043e\u0432:<\/strong><\/p><ul><li>\u0432\u0435\u043d\u0442\u0438\u043b\u0438\u0440\u0443\u0435\u043c\u044b\u0439 \u0444\u0430\u0441\u0430\u0434, \u043a\u0430\u043a \u044d\u043b\u0435\u043c\u0435\u043d\u0442 \u0434\u0438\u0437\u0430\u0439\u043d\u0430, \u043a\u043e\u0442\u043e\u0440\u044b\u0439 \u043f\u0440\u0438\u0434\u0430\u0441\u0442 \u0438\u043d\u0434\u0438\u0432\u0438\u0434\u0443\u0430\u043b\u044c\u043d\u043e\u0441\u0442\u044c \u0432\u0430\u0448\u0435\u043c\u0443 \u0437\u0434\u0430\u043d\u0438\u044e;<\/li><li>\u0432\u0435\u043d\u0442\u0438\u043b\u0438\u0440\u0443\u0435\u043c\u044b\u0439 \u0444\u0430\u0441\u0430\u0434, \u043a\u0430\u043a \u0440\u0435\u0448\u0435\u043d\u0438\u0435 \u043e\u0442 \u043d\u0430\u0433\u0440\u0435\u0432\u0430 \u0437\u0434\u0430\u043d\u0438\u044f \u0438 \u0434\u043b\u044f \u0432\u0435\u043d\u0442\u0438\u043b\u0438\u0440\u043e\u0432\u0430\u043d\u0438\u044f \u043a\u043e\u043d\u0434\u0435\u043d\u0441\u0430\u0442\u0430;<\/li><li>\u0432\u0435\u043d\u0442\u0438\u043b\u0438\u0440\u0443\u0435\u043c\u044b\u0439 \u0444\u0430\u0441\u0430\u0434, \u043a\u0430\u043a \u0440\u0435\u0448\u0435\u043d\u0438\u0435 \u0434\u043b\u044f \u0440\u0435\u043d\u043e\u0432\u0430\u0446\u0438\u0438 \u0441\u0442\u0430\u0440\u044b\u0445 \u0444\u0430\u0441\u0430\u0434\u043e\u0432 \u0437\u0434\u0430\u043d\u0438\u0439;<\/li><li>\u0432\u0435\u043d\u0442\u0438\u043b\u0438\u0440\u0443\u0435\u043c\u044b\u0439 \u0444\u0430\u0441\u0430\u0434, \u043a\u0430\u043a \u0434\u043e\u0441\u0442\u0430\u0442\u043e\u0447\u043d\u043e \u0431\u044b\u0441\u0442\u0440\u043e\u0435 \u0440\u0435\u0448\u0435\u043d\u0438\u0435 \u0432 \u0441\u0442\u0440\u043e\u0438\u0442\u0435\u043b\u044c\u0441\u0442\u0432\u0435 \u0437\u0434\u0430\u043d\u0438\u0439 \u0438 \u0438\u0445 \u043e\u0442\u0434\u0435\u043b\u043a\u0435; <\/li><\/ul><\/div>\t\t\t\t\t<\/div>\n\t\t\t\t\t\t<\/div>\n\t\t\t\t<\/div>\n\t\t\t\t\t\t<\/div>\n\t\t\t\t\t<\/div>\n\t\t<\/div>\n\t\t\t\t\t\t\t\t<\/div>\n\t\t\t\t\t<\/div>\n\t\t<\/section>\n\t\t\t\t\t\t<\/div>\n\t\t\t\t\t<\/div>\n\t\t<\/div>\n\t\t\t\t\t\t\t\t<\/div>\n\t\t\t\t\t<\/div>\n\t\t<\/section>\n\t\t\t\t\t\t<\/div>\n\t\t\t\t\t\t<\/div>\n\t\t\t\t\t<\/div>\n\t\t","protected":false},"excerpt":{"rendered":"<p>\u00a0 \u00a0 \u0412\u0435\u043d\u0442\u0438\u043b\u0438\u0440\u0443\u0435\u043c\u044b\u0435 \u0444\u0430\u0441\u0430\u0434\u044b (\u0438\u043d\u043e\u0433\u0434\u0430 \u043d\u0430\u0437\u044b\u0432\u0430\u0435\u043c\u044b\u0435 \u043d\u0430\u0432\u0435\u0441\u043d\u044b\u043c\u0438 \u0444\u0430\u0441\u0430\u0434\u0430\u043c\u0438) &#8212; \u044d\u0442\u043e \u0444\u0430\u0441\u0430\u0434\u043d\u0430\u044f \u0441\u0438\u0441\u0442\u0435\u043c\u0430, \u0441\u043e\u0441\u0442\u043e\u044f\u0449\u0430\u044f \u0438\u0437 \u043e\u0442\u0434\u0435\u043b\u043e\u0447\u043d\u043e\u0433\u043e \u043c\u0430\u0442\u0435\u0440\u0438\u0430\u043b\u0430, \u043a\u043e\u0442\u043e\u0440\u044b\u0439 \u043a\u0440\u0435\u043f\u0438\u0442\u0441\u044f \u043a \u0430\u043b\u044e\u043c\u0438\u043d\u0438\u0435\u0432\u043e\u043c\u0443 \u043a\u0430\u0440\u043a\u0430\u0441\u0443. \u0412 \u043a\u0430\u0447\u0435\u0441\u0442\u0432\u0435 \u043e\u0442\u0434\u0435\u043b\u043e\u0447\u043d\u043e\u0433\u043e \u043c\u0430\u0442\u0435\u0440\u0438\u0430\u043b\u0430 \u0438\u0441\u043f\u043e\u043b\u044c\u0437\u0443\u0435\u0442\u0441\u044f \u043a\u043e\u043c\u043f\u043e\u0437\u0438\u0442\u043d\u044b\u0439 \u043c\u0430\u0442\u0435\u0440\u0438\u0430\u043b, \u043a\u0440\u0443\u043f\u043d\u043e\u0444\u043e\u0440\u043c\u0430\u0442\u043d\u0430\u044f \u043f\u043b\u0438\u0442\u043a\u0430 \u0438\u043b\u0438 \u0430\u043b\u044e\u043c\u0438\u043d\u0438\u0435\u0432\u044b\u0439 \u043a\u043e\u043c\u043f\u043e\u0437\u0438\u0442. \u041e\u0441\u043d\u043e\u0432\u043d\u043e\u0435 \u043e\u0442\u043b\u0438\u0447\u0438\u0435 \u0432\u0435\u043d\u0442\u0438\u043b\u0438\u0440\u0443\u0435\u043c\u043e\u0433\u043e \u0444\u0430\u0441\u0430\u0434\u0430 \u043e\u0442 \u043e\u0431\u044b\u0447\u043d\u043e\u0433\u043e \u043e\u0448\u0442\u0443\u043a\u0430\u0442\u0443\u0440\u0435\u043d\u043d\u043e\u0433\u043e \u0444\u0430\u0441\u0430\u0434\u0430 \u0437\u0430\u043a\u043b\u044e\u0447\u0430\u0435\u0442\u0441\u044f \u0432 \u0442\u043e\u043c, \u0447\u0442\u043e \u0432\u043e\u0437\u0434\u0443\u0445 \u0441\u0432\u043e\u0431\u043e\u0434\u043d\u043e \u0446\u0438\u0440\u043a\u0443\u043b\u0438\u0440\u0443\u0435\u0442 \u043c\u0435\u0436\u0434\u0443 \u043e\u0442\u0434\u0435\u043b\u043e\u0447\u043d\u044b\u043c \u043c\u0430\u0442\u0435\u0440\u0438\u0430\u043b\u043e\u043c \u0438 \u0441\u0442\u0435\u043d\u043e\u0439, \u0447\u0442\u043e \u043f\u0440\u0435\u0434\u043e\u0442\u0432\u0440\u0430\u0449\u0430\u0435\u0442 [&hellip;]<\/p>\n","protected":false},"author":1,"featured_media":0,"parent":0,"menu_order":0,"comment_status":"closed","ping_status":"closed","template":"","meta":{"footnotes":""},"class_list":["post-8135","page","type-page","status-publish","hentry"],"_links":{"self":[{"href":"https:\/\/videa.lv\/ru\/wp-json\/wp\/v2\/pages\/8135","targetHints":{"allow":["GET"]}}],"collection":[{"href":"https:\/\/videa.lv\/ru\/wp-json\/wp\/v2\/pages"}],"about":[{"href":"https:\/\/videa.lv\/ru\/wp-json\/wp\/v2\/types\/page"}],"author":[{"embeddable":true,"href":"https:\/\/videa.lv\/ru\/wp-json\/wp\/v2\/users\/1"}],"replies":[{"embeddable":true,"href":"https:\/\/videa.lv\/ru\/wp-json\/wp\/v2\/comments?post=8135"}],"version-history":[{"count":31,"href":"https:\/\/videa.lv\/ru\/wp-json\/wp\/v2\/pages\/8135\/revisions"}],"predecessor-version":[{"id":8995,"href":"https:\/\/videa.lv\/ru\/wp-json\/wp\/v2\/pages\/8135\/revisions\/8995"}],"wp:attachment":[{"href":"https:\/\/videa.lv\/ru\/wp-json\/wp\/v2\/media?parent=8135"}],"curies":[{"name":"wp","href":"https:\/\/api.w.org\/{rel}","templated":true}]}}