{"id":8236,"date":"2021-04-14T05:57:30","date_gmt":"2021-04-14T05:57:30","guid":{"rendered":"https:\/\/videa.lv\/?page_id=8236"},"modified":"2021-04-14T06:17:57","modified_gmt":"2021-04-14T06:17:57","slug":"privatuma-politika","status":"publish","type":"page","link":"https:\/\/videa.lv\/ru\/privatuma-politika\/","title":{"rendered":"Priv\u0101tuma politika"},"content":{"rendered":"\t\t<div data-elementor-type=\"wp-page\" data-elementor-id=\"8236\" class=\"elementor elementor-8236\" data-elementor-settings=\"[]\">\n\t\t\t\t\t\t<div class=\"elementor-inner\">\n\t\t\t\t\t\t\t<div class=\"elementor-section-wrap\">\n\t\t\t\t\t\t\t<section class=\"elementor-section elementor-top-section elementor-element elementor-element-ff1a82e elementor-section-boxed elementor-section-height-default elementor-section-height-default\" data-id=\"ff1a82e\" data-element_type=\"section\">\n\t\t\t\t\t\t<div class=\"elementor-container elementor-column-gap-default\">\n\t\t\t\t\t\t\t<div class=\"elementor-row\">\n\t\t\t\t\t<div class=\"elementor-column elementor-col-100 elementor-top-column elementor-element elementor-element-c4d8ebe\" data-id=\"c4d8ebe\" data-element_type=\"column\">\n\t\t\t<div class=\"elementor-column-wrap elementor-element-populated\">\n\t\t\t\t\t\t\t<div class=\"elementor-widget-wrap\">\n\t\t\t\t\t\t<div class=\"elementor-element elementor-element-a876136 elementor-widget elementor-widget-heading\" data-id=\"a876136\" data-element_type=\"widget\" data-widget_type=\"heading.default\">\n\t\t\t\t<div class=\"elementor-widget-container\">\n\t\t\t<h2 class=\"elementor-heading-title elementor-size-default\">Priv\u0101tuma politika <br>\ninterneta vietnei http:\/\/www.digitalserviss.lv\n\n<\/h2>\t\t<\/div>\n\t\t\t\t<\/div>\n\t\t\t\t<div class=\"elementor-element elementor-element-df761bc elementor-widget elementor-widget-text-editor\" data-id=\"df761bc\" data-element_type=\"widget\" data-widget_type=\"text-editor.default\">\n\t\t\t\t<div class=\"elementor-widget-container\">\n\t\t\t\t\t\t\t\t<div class=\"elementor-text-editor elementor-clearfix\">\n\t\t\t\t<ol><li>T\u012bmek\u013ca vietne https:\/\/<strong>www.videa.lv<\/strong>\u00a0(turpm\u0101k \u2013 Vietne) tiek v\u0101kti dati par Vietnes apmekl\u0113t\u0101jiem, t\u0101d\u0113j\u0101di g\u016bstot iesp\u0113ju izv\u0113rt\u0113t, cik noder\u012bga ir Vietne, un k\u0101 to var\u0113tu uzlabot.<\/li><li>P\u0101rzinis, kas Vietn\u0113 v\u0101c datus par Vietnes apmekl\u0113t\u0101jiem, ir SIA \u201cViDEA\u201d, Re\u0123.Nr. 40103669712 turpm\u0101k \u2013 P\u0101rzinis).<\/li><li>P\u0101rzi\u0146a adrese Br\u012bv\u012bbas gatve 211-79, R\u012bga, Latvija, LV-1039<br \/>, Latvija, e-pasts videa@videa.lv, t\u0101lrunis +371 28300400.<\/li><li>P\u0101rzinis nemit\u012bgi pilnveido Vietni, ar m\u0113r\u0137i, uzlabot t\u0101s lieto\u0161anu, t\u0101p\u0113c P\u0101rzinim ir j\u0101zina, k\u0101da inform\u0101cija ir svar\u012bga Vietnes apmekl\u0113t\u0101jiem, cik bie\u017ei vi\u0146i \u0161o Vietni apmekl\u0113, k\u0101du ier\u012bci un p\u0101rl\u016bkprogrammu vi\u0146i izmanto, no k\u0101da re\u0123iona n\u0101k apmekl\u0113t\u0101ji, un k\u0101du saturu lasa.<\/li><li>P\u0101rzinis izmanto sist\u0113mu Google Analytics, kas \u013cauj P\u0101rzinim analiz\u0113t, k\u0101 apmekl\u0113t\u0101ji izmanto Vietni. Par to, k\u0101 darbojas Google Analytics pamatprincipi, iesp\u0113jams uzzin\u0101t \u0161eit:\u00a0<a href=\"https:\/\/support.google.com\/analytics\/answer\/1012034?hl=lten&amp;ref_topic=6157800\">https:\/\/support.google.com\/analytics\/answer\/1012034?hl=lten&amp;ref_topic=6157800<\/a>. P\u0101rzinis izmanto sav\u0101ktos datus sav\u0101s tiesiskaj\u0101s interes\u0113s, lai uzlabotu izpratni par Vietnes apmekl\u0113t\u0101ju vajadz\u012bb\u0101m un uzlabotu pieejam\u012bbu P\u0101rzi\u0146a publiskotajai inform\u0101cijai. \u00a0Apmekl\u0113t\u0101js jebkur\u0101 laik\u0101 var p\u0101rtraukt datu v\u0101k\u0161anu Google Analytics, k\u0101 tas ir aprakst\u012bts \u0161eit:\u00a0<a href=\"https:\/\/tools.google.com\/dlpage\/gaoptout\/\">https:\/\/tools.google.com\/dlpage\/gaoptout\/<\/a>.<\/li><li>Serveris, kur\u0101 izvietota Vietne, var re\u0123istr\u0113t apmekl\u0113t\u0101ja nos\u016bt\u012btos piepras\u012bjumus (izmantot\u0101 ier\u012bce, \u00a0p\u0101rl\u016bkprogramma, IP adrese, piek\u013cuves laiks). \u0160ie dati tiek izmantoti tikai tehniskajiem nol\u016bkiem: lai nodro\u0161in\u0101tu Vietnes pien\u0101c\u012bgu funkcion\u0113\u0161anu un dro\u0161\u012bbu un izmekl\u0113tu iesp\u0113jamos dro\u0161\u012bbas incidentus. T\u0101du datu v\u0101k\u0161anas pamats ir P\u0101rzi\u0146a tiesisk\u0101 interese nodro\u0161in\u0101t Vietnes tehnisku pieejam\u012bbu.<\/li><li>S\u012bkdatnes ir nelieli faili, kurus, katru reizi, kad apmekl\u0113t\u0101js apmekl\u0113 Vietni, p\u0101rl\u016bkprogramma saglab\u0101 apmekl\u0113t\u0101ja dator\u0101 t\u0101d\u0101 apm\u0113r\u0101, k\u0101 nor\u0101d\u012bts apmekl\u0113t\u0101ja datora p\u0101rl\u016bkprogrammas iestat\u012bjumos. Atsevi\u0161\u0137as s\u012bkdatnes tiek izmantotas, lai atlas\u012btu un piem\u0113rotu apmekl\u0113t\u0101jam pied\u0101v\u0101jamo inform\u0101ciju un rekl\u0101mas, pamatojoties uz saturu, ko apmekl\u0113t\u0101js apl\u016bkojis agr\u0101k, un t\u0101d\u0113j\u0101di veidotu apmekl\u0113t\u0101jiem Vietnes lieto\u0161anu vienk\u0101r\u0161u, \u0113rtu un individu\u0101li piem\u0113rotu. Papildu inform\u0101ciju par s\u012bkdatn\u0113m, k\u0101 ar\u012b to dz\u0113\u0161anu un p\u0101rvald\u012b\u0161anu, var ieg\u016bt m\u0101jaslap\u0101\u00a0<a href=\"http:\/\/www.aboutcookies.org\/\">www.aboutcookies.org<\/a>.<\/li><li>Vietne izmanto s\u012bkdatnes, lai v\u0101ktu lietot\u0101ja IP adreses un p\u0101rl\u016bko\u0161anas inform\u0101ciju un \u013cautu Vietnei atcer\u0113ties apmekl\u0113t\u0101ja izv\u0113li. S\u012bkdatnes \u013cauj P\u0101rzinim sekot l\u012bdzi Vietnes datu pl\u016bsmai un lietot\u0101ju mijiedarb\u012bbai ar Vietni \u2013 P\u0101rzinis izmanto \u0161os datus, lai analiz\u0113tu apmekl\u0113t\u0101ju uzved\u012bbu un uzlabotu Vietni. S\u012bkdat\u0146u izmanto\u0161anas tiesiskais pamats ir P\u0101rzi\u0146a le\u0123it\u012bm\u0101 interese nodro\u0161in\u0101t Vietnes funkcionalit\u0101ti.<\/li><li>Apmekl\u0113t\u0101js var kontrol\u0113t un\/vai dz\u0113st s\u012bkdatnes p\u0113c savas izv\u0113les. Pla\u0161\u0101ka inform\u0101cija pieejama \u0161eit\u00a0<a href=\"http:\/\/www.aboutcookies.org\/\">www.aboutcookies.org<\/a>. Apmekl\u0113t\u0101js var izdz\u0113st visas s\u012bkdatnes, kuras ir vi\u0146a dator\u0101, un liel\u0101ko da\u013cu p\u0101rl\u016bkprogrammu var iestat\u012bt t\u0101, lai tiktu blo\u0137\u0113ta s\u012bkdat\u0146u ievieto\u0161ana dator\u0101. Ta\u010du t\u0101d\u0101 gad\u012bjum\u0101 apmekl\u0113t\u0101jam manu\u0101li b\u016bs j\u0101piel\u0101go iestat\u012bjumi ikreiz, kad tiks apmekl\u0113ta Vietne, turkl\u0101t past\u0101v iesp\u0113jam\u012bba, ka da\u017ei pakalpojumi un funkcijas nedarbosies.<\/li><li>Statistikas datiem par Vietnes apmekl\u0113t\u0101jiem var piek\u013c\u016bt P\u0101rzi\u0146a darbinieki, kuri ir atbild\u012bgi par t\u0101du datu anal\u012bzi.<\/li><li>Ja nav noteikts cit\u0101di, s\u012bkdatnes tiek glab\u0101tas, kam\u0113r tiek izpild\u012bta darb\u012bba, k\u0101dam nol\u016bkam t\u0101s v\u0101ktas, un p\u0113c tam t\u0101s tiek dz\u0113stas.<\/li><li>P\u0101rzinis apliecina, ka s\u012bkdatnes un statistikas inform\u0101cija tiks apkopota, apstr\u0101d\u0101ta un glab\u0101ta saska\u0146\u0101 ar Eiropas Savien\u012bbas normat\u012bvo aktu pras\u012bb\u0101m.<\/li><li>Sazinoties ar P\u0101rzini par augst\u0101k nor\u0101d\u012bto e-pastu, lietot\u0101js var piepras\u012bt piek\u013c\u016bt saviem personas datiem, piepras\u012bt labot personas datus, piepras\u012bt dz\u0113st personas datus, k\u0101 ar\u012b atsaukt piekri\u0161anu personas datu apstr\u0101dei.<\/li><li>Apmekl\u0113t\u0101js var atteikties no s\u012bkdatn\u0113m p\u0101rl\u016bkprogrammas izv\u0113ln\u0113 vai\u00a0<a href=\"https:\/\/tools.google.com\/dlpage\/gaoptout\">https:\/\/tools.google.com\/dlpage\/gaoptout<\/a>.<\/li><li>P\u0101rzinis patur ties\u012bbas jebkur\u0101 br\u012bd\u012b main\u012bt \u0161os noteikumus. Vietnes apmekl\u0113t\u0101ja pien\u0101kums ir patst\u0101v\u012bgi p\u0101rbaud\u012bt Vietnes saturu, lai iepaz\u012btos ar noteikumu izmai\u0146\u0101m.<\/li><\/ol>\t\t\t\t\t<\/div>\n\t\t\t\t\t\t<\/div>\n\t\t\t\t<\/div>\n\t\t\t\t\t\t<\/div>\n\t\t\t\t\t<\/div>\n\t\t<\/div>\n\t\t\t\t\t\t\t\t<\/div>\n\t\t\t\t\t<\/div>\n\t\t<\/section>\n\t\t\t\t\t\t<\/div>\n\t\t\t\t\t\t<\/div>\n\t\t\t\t\t<\/div>\n\t\t","protected":false},"excerpt":{"rendered":"<p>Priv\u0101tuma politika interneta vietnei http:\/\/www.digitalserviss.lv T\u012bmek\u013ca vietne https:\/\/www.videa.lv\u00a0(turpm\u0101k \u2013 Vietne) tiek v\u0101kti dati par Vietnes apmekl\u0113t\u0101jiem, t\u0101d\u0113j\u0101di g\u016bstot iesp\u0113ju izv\u0113rt\u0113t, cik noder\u012bga ir Vietne, un k\u0101 to var\u0113tu uzlabot. P\u0101rzinis, kas Vietn\u0113 v\u0101c datus par Vietnes apmekl\u0113t\u0101jiem, ir SIA \u201cViDEA\u201d, Re\u0123.Nr. 40103669712 turpm\u0101k \u2013 P\u0101rzinis). P\u0101rzi\u0146a adrese Br\u012bv\u012bbas gatve 211-79, R\u012bga, Latvija, LV-1039, Latvija, e-pasts [&hellip;]<\/p>\n","protected":false},"author":1,"featured_media":0,"parent":0,"menu_order":0,"comment_status":"closed","ping_status":"closed","template":"","meta":{"footnotes":""},"class_list":["post-8236","page","type-page","status-publish","hentry"],"_links":{"self":[{"href":"https:\/\/videa.lv\/ru\/wp-json\/wp\/v2\/pages\/8236","targetHints":{"allow":["GET"]}}],"collection":[{"href":"https:\/\/videa.lv\/ru\/wp-json\/wp\/v2\/pages"}],"about":[{"href":"https:\/\/videa.lv\/ru\/wp-json\/wp\/v2\/types\/page"}],"author":[{"embeddable":true,"href":"https:\/\/videa.lv\/ru\/wp-json\/wp\/v2\/users\/1"}],"replies":[{"embeddable":true,"href":"https:\/\/videa.lv\/ru\/wp-json\/wp\/v2\/comments?post=8236"}],"version-history":[{"count":7,"href":"https:\/\/videa.lv\/ru\/wp-json\/wp\/v2\/pages\/8236\/revisions"}],"predecessor-version":[{"id":8250,"href":"https:\/\/videa.lv\/ru\/wp-json\/wp\/v2\/pages\/8236\/revisions\/8250"}],"wp:attachment":[{"href":"https:\/\/videa.lv\/ru\/wp-json\/wp\/v2\/media?parent=8236"}],"curies":[{"name":"wp","href":"https:\/\/api.w.org\/{rel}","templated":true}]}}