{"id":8649,"date":"2021-04-28T12:36:21","date_gmt":"2021-04-28T12:36:21","guid":{"rendered":"https:\/\/videa.lv\/?page_id=8649"},"modified":"2021-05-06T09:13:05","modified_gmt":"2021-05-06T09:13:05","slug":"gridu-un-sienu-ieklasana-ar-flizem-marmoru-granitu","status":"publish","type":"page","link":"https:\/\/videa.lv\/ru\/gridu-un-sienu-ieklasana-ar-flizem-marmoru-granitu\/","title":{"rendered":"Gr\u012bdu un sienu iekl\u0101\u0161ana ar fl\u012bz\u0113m, marmoru, gran\u012btu"},"content":{"rendered":"\t\t<div data-elementor-type=\"wp-page\" data-elementor-id=\"8649\" class=\"elementor elementor-8649\" data-elementor-settings=\"[]\">\n\t\t\t\t\t\t<div class=\"elementor-inner\">\n\t\t\t\t\t\t\t<div class=\"elementor-section-wrap\">\n\t\t\t\t\t\t\t<section class=\"elementor-section elementor-top-section elementor-element elementor-element-3134734 elementor-section-boxed elementor-section-height-default elementor-section-height-default\" data-id=\"3134734\" data-element_type=\"section\">\n\t\t\t\t\t\t<div class=\"elementor-container elementor-column-gap-no\">\n\t\t\t\t\t\t\t<div class=\"elementor-row\">\n\t\t\t\t\t<div class=\"elementor-column elementor-col-100 elementor-top-column elementor-element elementor-element-5c5eb45\" data-id=\"5c5eb45\" data-element_type=\"column\">\n\t\t\t<div class=\"elementor-column-wrap elementor-element-populated\">\n\t\t\t\t\t\t\t<div class=\"elementor-widget-wrap\">\n\t\t\t\t\t\t<section class=\"elementor-section elementor-inner-section elementor-element elementor-element-13cea0f elementor-section-height-min-height elementor-section-boxed elementor-section-height-default\" data-id=\"13cea0f\" data-element_type=\"section\">\n\t\t\t\t\t\t<div class=\"elementor-container elementor-column-gap-default\">\n\t\t\t\t\t\t\t<div class=\"elementor-row\">\n\t\t\t\t\t<div class=\"elementor-column elementor-col-50 elementor-inner-column elementor-element elementor-element-c95a7d0\" data-id=\"c95a7d0\" data-element_type=\"column\" data-settings=\"{&quot;background_background&quot;:&quot;classic&quot;}\">\n\t\t\t<div class=\"elementor-column-wrap elementor-element-populated\">\n\t\t\t\t\t\t\t<div class=\"elementor-widget-wrap\">\n\t\t\t\t\t\t<div class=\"elementor-element elementor-element-c74a423 elementor-widget elementor-widget-image\" data-id=\"c74a423\" data-element_type=\"widget\" data-widget_type=\"image.default\">\n\t\t\t\t<div class=\"elementor-widget-container\">\n\t\t\t\t\t\t\t\t<div class=\"elementor-image\">\n\t\t\t\t\t\t\t\t\t\t\t\t<img loading=\"lazy\" decoding=\"async\" width=\"800\" height=\"593\" src=\"https:\/\/videa.lv\/wp-content\/uploads\/2021\/04\/2-1024x759.jpg\" class=\"attachment-large size-large\" alt=\"\" srcset=\"https:\/\/videa.lv\/wp-content\/uploads\/2021\/04\/2-1024x759.jpg 1024w, https:\/\/videa.lv\/wp-content\/uploads\/2021\/04\/2-300x222.jpg 300w, https:\/\/videa.lv\/wp-content\/uploads\/2021\/04\/2-768x569.jpg 768w, https:\/\/videa.lv\/wp-content\/uploads\/2021\/04\/2.jpg 1029w\" sizes=\"auto, (max-width: 800px) 100vw, 800px\" \/>\t\t\t\t\t\t\t\t\t\t\t\t\t\t<\/div>\n\t\t\t\t\t\t<\/div>\n\t\t\t\t<\/div>\n\t\t\t\t\t\t<\/div>\n\t\t\t\t\t<\/div>\n\t\t<\/div>\n\t\t\t\t<div class=\"elementor-column elementor-col-50 elementor-inner-column elementor-element elementor-element-b8278f6\" data-id=\"b8278f6\" data-element_type=\"column\" data-settings=\"{&quot;background_background&quot;:&quot;classic&quot;}\">\n\t\t\t<div class=\"elementor-column-wrap elementor-element-populated\">\n\t\t\t\t\t\t\t<div class=\"elementor-widget-wrap\">\n\t\t\t\t\t\t<div class=\"elementor-element elementor-element-e208353 elementor-widget elementor-widget-heading\" data-id=\"e208353\" data-element_type=\"widget\" data-widget_type=\"heading.default\">\n\t\t\t\t<div class=\"elementor-widget-container\">\n\t\t\t<h1 class=\"elementor-heading-title elementor-size-default\"> \u0423\u043a\u043b\u0430\u0434\u043a\u0430 \u0441\u0442\u0435\u043d \u0438 \u043f\u043e\u043b\u043e\u0432 \u043f\u043b\u0438\u0442\u043a\u043e\u0439, \u043c\u0440\u0430\u043c\u043e\u0440\u043e\u043c \u0438 \u0433\u0440\u0430\u043d\u0438\u0442\u043e\u043c-<\/h1>\t\t<\/div>\n\t\t\t\t<\/div>\n\t\t\t\t<div class=\"elementor-element elementor-element-c3ef3f3 elementor-widget elementor-widget-text-editor\" data-id=\"c3ef3f3\" data-element_type=\"widget\" data-widget_type=\"text-editor.default\">\n\t\t\t\t<div class=\"elementor-widget-container\">\n\t\t\t\t\t\t\t\t<div class=\"elementor-text-editor elementor-clearfix\">\n\t\t\t\t<div class=\"left\"><p> \u00a0 \u00a0 \u0423\u043a\u043b\u0430\u0434\u043a\u0430 \u043f\u043b\u0438\u0442\u043a\u0438 \u043d\u0430 \u043f\u043e\u043b \u0438 \u0441\u0442\u0435\u043d\u044b &#8212; \u0441\u043b\u043e\u0436\u043d\u044b\u0439 \u0438 \u0442\u0440\u0443\u0434\u043e\u0435\u043c\u043a\u0438\u0439 \u043f\u0440\u043e\u0446\u0435\u0441\u0441. \u041d\u0430 \u043f\u0440\u043e\u0442\u044f\u0436\u0435\u043d\u0438\u0438 \u0432\u0441\u0435\u0433\u043e \u044d\u0442\u043e\u0433\u043e \u043f\u0440\u043e\u0446\u0435\u0441\u0441\u0430 \u043e\u0441\u043e\u0431\u043e \u0432\u0430\u0436\u043d\u0430 \u0432\u044b\u0441\u043e\u043a\u0430\u044f \u043a\u0432\u0430\u043b\u0438\u0444\u0438\u043a\u0430\u0446\u0438\u044f \u043c\u0430\u0441\u0442\u0435\u0440\u0430, \u043f\u0440\u043e\u0444\u0435\u0441\u0441\u0438\u043e\u043d\u0430\u043b\u044c\u043d\u044b\u0435 \u0438\u043d\u0441\u0442\u0440\u0443\u043c\u0435\u043d\u0442\u044b, \u0441\u043e\u043e\u0442\u0432\u0435\u0442\u0441\u0442\u0432\u0443\u044e\u0449\u0438\u0435 \u043c\u0430\u0442\u0435\u0440\u0438\u0430\u043b\u044b, \u043f\u0440\u0438\u043c\u0435\u043d\u0438\u043c\u044b\u0435 \u0432 \u043f\u043e\u0434\u0445\u043e\u0434\u044f\u0449\u0435\u0439 \u0441\u0438\u0442\u0443\u0430\u0446\u0438\u0438. \u0423\u0447\u0438\u0442\u044b\u0432\u0430\u044f \u043f\u043e\u0441\u043b\u0435\u0434\u043d\u0438\u0435 \u0442\u0435\u043d\u0434\u0435\u043d\u0446\u0438\u0438 \u0432 \u043e\u0431\u043b\u0430\u0441\u0442\u0438 \u043f\u043b\u0438\u0442\u043a\u0438, \u043a\u043e\u0433\u0434\u0430 \u0437\u0430\u043a\u0430\u0437\u0447\u0438\u043a \u043c\u043e\u0436\u0435\u0442 \u0432\u044b\u0431\u0440\u0430\u0442\u044c \u043c\u0430\u0442\u0435\u0440\u0438\u0430\u043b, \u043e\u0442 \u043c\u043e\u0437\u0430\u0438\u043a\u0438 \u0434\u043e \u043a\u0440\u0443\u043f\u043d\u043e\u0444\u043e\u0440\u043c\u0430\u0442\u043d\u043e\u0433\u043e \u0440\u0435\u0448\u0435\u043d\u0438\u044f, \u0432\u0430\u0436\u043d\u043e \u0432\u044b\u043f\u043e\u043b\u043d\u0438\u0442\u044c \u043c\u043e\u043d\u0442\u0430\u0436 \u043c\u0430\u0442\u0435\u0440\u0438\u0430\u043b\u0430 &#8212; \u043f\u0440\u043e\u0444\u0435\u0441\u0441\u0438\u043e\u043d\u0430\u043b\u044c\u043d\u043e. \u041d\u0430\u043f\u043e\u043b\u044c\u043d\u044b\u0435 \u043f\u043e\u043a\u0440\u044b\u0442\u0438\u044f \u0438\u0437 \u043d\u0430\u0442\u0443\u0440\u0430\u043b\u044c\u043d\u043e\u0433\u043e \u043a\u0430\u043c\u043d\u044f &#8212; \u043e\u0434\u043d\u043e \u0438\u0437 \u043b\u0443\u0447\u0448\u0438\u0445 \u0440\u0435\u0448\u0435\u043d\u0438\u0439, \u0435\u0441\u043b\u0438 \u0432\u0430\u043c \u043d\u0443\u0436\u043d\u043e \u0434\u043e\u043b\u0433\u043e\u0432\u0435\u0447\u043d\u043e\u0435, \u043f\u0440\u043e\u0447\u043d\u043e\u0435, \u044d\u0441\u0442\u0435\u0442\u0438\u0447\u043d\u043e\u0435 \u0438 \u043f\u0440\u0435\u0441\u0442\u0438\u0436\u043d\u043e\u0435 \u043d\u0430\u043f\u043e\u043b\u044c\u043d\u043e\u0435 \u043f\u043e\u043a\u0440\u044b\u0442\u0438\u0435. \u041d\u0435\u0434\u0430\u0440\u043e\u043c \u043a\u0430\u043c\u0435\u043d\u043d\u044b\u0435 \u043f\u043e\u043b\u044b \u0432\u0435\u043a\u0430\u043c\u0438 \u0443\u043a\u0440\u0430\u0448\u0430\u043b\u0438 \u043f\u043e\u043c\u0435\u0449\u0435\u043d\u0438\u044f \u0437\u0430\u043c\u043a\u043e\u0432, \u0443\u0441\u0430\u0434\u0435\u0431 \u0438 \u0446\u0435\u0440\u043a\u0432\u0435\u0439, \u0441\u043e\u0437\u0434\u0430\u043d\u0438\u0435 \u043a\u043e\u0442\u043e\u0440\u044b\u0445 \u0431\u044b\u043b\u043e \u043f\u043e\u0440\u0443\u0447\u0435\u043d\u043e \u043b\u0443\u0447\u0448\u0438\u043c \u043c\u0430\u0441\u0442\u0435\u0440\u0430\u043c \u0442\u043e\u0433\u043e \u0432\u0440\u0435\u043c\u0435\u043d\u0438. \u0421\u0435\u0433\u043e\u0434\u043d\u044f \u0442\u0430\u043a\u0438\u043c\u0438 \u0438\u0441\u0442\u043e\u0440\u0438\u0447\u0435\u0441\u043a\u0438\u043c\u0438 \u0437\u0434\u0430\u043d\u0438\u044f\u043c\u0438 \u0432\u043e\u0441\u0445\u0438\u0449\u0430\u044e\u0442\u0441\u044f \u0432\u043e \u0432\u0441\u0435\u043c \u043c\u0438\u0440\u0435, \u0438 \u0434\u0438\u0437\u0430\u0439\u043d\u0435\u0440\u044b \u043d\u0430\u0445\u043e\u0434\u044f\u0442 \u0432\u0434\u043e\u0445\u043d\u043e\u0432\u0435\u043d\u0438\u0435 \u0432 \u0438\u0441\u043f\u043e\u043b\u044c\u0437\u043e\u0432\u0430\u043d\u0438\u0438 \u043f\u0440\u0438\u0440\u043e\u0434\u043d\u043e\u0433\u043e \u043a\u0430\u043c\u043d\u044f \u0432 \u043d\u043e\u0432\u044b\u0445 \u043f\u0440\u043e\u0435\u043a\u0442\u0430\u0445. \u0412 \u041b\u0430\u0442\u0432\u0438\u0438 \u0442\u0430\u043a\u0436\u0435 \u0440\u0430\u0441\u0442\u0435\u0442 \u0441\u043f\u0440\u043e\u0441 \u043d\u0430 \u043a\u0430\u043c\u0435\u043d\u043d\u044b\u0435 \u043d\u0430\u043f\u043e\u043b\u044c\u043d\u044b\u0435 \u043f\u043e\u043a\u0440\u044b\u0442\u0438\u044f \u0438 \u0440\u0430\u0434\u0443\u0435\u0442 \u0442\u043e, \u0447\u0442\u043e \u043a\u0430\u043c\u0435\u043d\u043d\u044b\u0435 \u043f\u043e\u043b\u044b, \u0443\u0441\u0442\u0430\u043d\u043e\u0432\u043b\u0435\u043d\u043d\u044b\u0435 \u0432 \u0441\u0442\u0430\u0440\u044b\u0445 \u0437\u0434\u0430\u043d\u0438\u044f\u0445 \u0435\u0449\u0451 \u0441\u043e\u0442\u043d\u0438 \u043b\u0435\u0442 \u043d\u0430\u0437\u0430\u0434, \u043d\u0435 \u0440\u0430\u0437\u0431\u0438\u0440\u0430\u044e\u0442\u0441\u044f, \u0430 \u0442\u0449\u0430\u0442\u0435\u043b\u044c\u043d\u043e \u0440\u0435\u0441\u0442\u0430\u0432\u0440\u0438\u0440\u0443\u044e\u0442\u0441\u044f. \u041d\u0435\u0432\u043e\u0437\u043c\u043e\u0436\u043d\u043e \u0441\u0440\u0430\u0432\u043d\u0438\u0432\u0430\u0442\u044c \u043d\u0430\u0442\u0443\u0440\u0430\u043b\u044c\u043d\u044b\u0439 \u0438 \u0438\u0441\u043a\u0443\u0441\u0441\u0442\u0432\u0435\u043d\u043d\u044b\u0439 \u043a\u0430\u043c\u0435\u043d\u044c \u043f\u043e\u0442\u043e\u043c\u0443, \u0447\u0442\u043e \u044d\u0442\u043e \u0441\u043e\u0432\u0435\u0440\u0448\u0435\u043d\u043d\u043e \u0434\u0432\u0430 \u0440\u0430\u0437\u043d\u044b\u0445 \u043c\u0430\u0442\u0435\u0440\u0438\u0430\u043b\u0430, \u043d\u043e \u0443 \u043a\u043e\u0442\u043e\u0440\u044b\u0445 \u0435\u0441\u0442\u044c \u0438 \u043c\u043d\u043e\u0433\u043e \u043e\u0431\u0449\u0435\u0433\u043e.\u00a0\u00a0<\/p><p><strong>\u041f\u0440\u0435\u0438\u043c\u0443\u0449\u0435\u0441\u0442\u0432\u0430 \u043f\u043e\u043b\u043e\u0432 \u0438\u0437 \u043d\u0430\u0442\u0443\u0440\u0430\u043b\u044c\u043d\u043e\u0433\u043e \u043a\u0430\u043c\u043d\u044f \u0438 \u043f\u043b\u0438\u0442\u043a\u0438:<\/strong><\/p><ul><li>\u043f\u043e\u043b\u044b \u0438\u0437 \u043d\u0430\u0442\u0443\u0440\u0430\u043b\u044c\u043d\u043e\u0433\u043e \u043a\u0430\u043c\u043d\u044f, \u043f\u043e\u043b\u044b \u0438\u0437 \u043f\u043b\u0438\u0442\u043a\u0438 &#8212; \u0443\u0441\u0442\u043e\u0439\u0447\u0438\u0432\u044b \u043a \u0432\u044b\u0441\u043e\u043a\u0438\u043c \u043c\u0435\u0445\u0430\u043d\u0438\u0447\u0435\u0441\u043a\u0438\u043c \u043d\u0430\u0433\u0440\u0443\u0437\u043a\u0430\u043c;<\/li><li>\u043f\u043e\u043b\u044b \u0438\u0437 \u043d\u0430\u0442\u0443\u0440\u0430\u043b\u044c\u043d\u043e\u0433\u043e \u043a\u0430\u043c\u043d\u044f, \u043f\u043e\u043b\u044b \u0438\u0437 \u043f\u043b\u0438\u0442\u043a\u0438 &#8212; \u0443\u0434\u0430\u0440\u043e\u043f\u0440\u043e\u0447\u043d\u044b\u0435;<\/li><li>\u043f\u043e\u043b\u044b \u0438\u0437 \u043d\u0430\u0442\u0443\u0440\u0430\u043b\u044c\u043d\u043e\u0433\u043e \u043a\u0430\u043c\u043d\u044f, \u043f\u043e\u043b\u044b \u0438\u0437 \u043f\u043b\u0438\u0442\u043a\u0438 &#8212; \u0441 \u043d\u0438\u0437\u043a\u0438\u043c \u0432\u043e\u0434\u043e\u043f\u043e\u0433\u043b\u043e\u0449\u0435\u043d\u0438\u0435\u043c (\u0443 \u043d\u0430\u0442\u0443\u0440\u0430\u043b\u044c\u043d\u043e\u0433\u043e \u043a\u0430\u043c\u043d\u044f \u043e\u043d\u043e \u0432\u044b\u0448\u043e\u0442\u043e\u043c\u0443 \u0447\u0442\u043e \u043c\u0430\u0442\u0435\u0440\u0438\u0430\u043b \u043d\u0430\u0442\u0443\u0440\u0430\u043b\u044c\u043d\u044b\u0439);<\/li><li>\u043f\u043e\u043b\u044b \u0438\u0437 \u043d\u0430\u0442\u0443\u0440\u0430\u043b\u044c\u043d\u043e\u0433\u043e \u043a\u0430\u043c\u043d\u044f, \u043f\u043e\u043b\u044b \u0438\u0437 \u043f\u043b\u0438\u0442\u043a\u0438 &#8212; \u043e\u0433\u043d\u0435\u0441\u0442\u043e\u0439\u043a\u0438\u0435;<\/li><li>\u043f\u043e\u043b\u044b \u0438\u0437 \u043d\u0430\u0442\u0443\u0440\u0430\u043b\u044c\u043d\u043e\u0433\u043e \u043a\u0430\u043c\u043d\u044f, \u043f\u043e\u043b\u044b \u0438\u0437 \u043f\u043b\u0438\u0442\u043a\u0438 &#8212; \u0438\u0437\u043d\u043e\u0441\u043e\u0441\u0442\u043e\u0439\u043a\u0438\u0435;<\/li><li>\u043f\u043e\u043b\u044b \u0438\u0437 \u043d\u0430\u0442\u0443\u0440\u0430\u043b\u044c\u043d\u043e\u0433\u043e \u043a\u0430\u043c\u043d\u044f, \u043a\u0430\u0444\u0435\u043b\u044c\u043d\u044b\u0435 \u043f\u043e\u043b\u044b &#8212; \u0448\u0438\u0440\u043e\u043a\u043e \u0438\u0441\u043f\u043e\u043b\u044c\u0437\u0443\u044e\u0442\u0441\u044f \u0432 \u0434\u0438\u0437\u0430\u0439\u043d\u0435; \u00a0<\/li><\/ul><\/div>\t\t\t\t\t<\/div>\n\t\t\t\t\t\t<\/div>\n\t\t\t\t<\/div>\n\t\t\t\t\t\t<\/div>\n\t\t\t\t\t<\/div>\n\t\t<\/div>\n\t\t\t\t\t\t\t\t<\/div>\n\t\t\t\t\t<\/div>\n\t\t<\/section>\n\t\t\t\t\t\t<\/div>\n\t\t\t\t\t<\/div>\n\t\t<\/div>\n\t\t\t\t\t\t\t\t<\/div>\n\t\t\t\t\t<\/div>\n\t\t<\/section>\n\t\t\t\t\t\t<\/div>\n\t\t\t\t\t\t<\/div>\n\t\t\t\t\t<\/div>\n\t\t","protected":false},"excerpt":{"rendered":"<p>\u0423\u043a\u043b\u0430\u0434\u043a\u0430 \u0441\u0442\u0435\u043d \u0438 \u043f\u043e\u043b\u043e\u0432 \u043f\u043b\u0438\u0442\u043a\u043e\u0439, \u043c\u0440\u0430\u043c\u043e\u0440\u043e\u043c \u0438 \u0433\u0440\u0430\u043d\u0438\u0442\u043e\u043c- \u00a0 \u00a0 \u0423\u043a\u043b\u0430\u0434\u043a\u0430 \u043f\u043b\u0438\u0442\u043a\u0438 \u043d\u0430 \u043f\u043e\u043b \u0438 \u0441\u0442\u0435\u043d\u044b &#8212; \u0441\u043b\u043e\u0436\u043d\u044b\u0439 \u0438 \u0442\u0440\u0443\u0434\u043e\u0435\u043c\u043a\u0438\u0439 \u043f\u0440\u043e\u0446\u0435\u0441\u0441. \u041d\u0430 \u043f\u0440\u043e\u0442\u044f\u0436\u0435\u043d\u0438\u0438 \u0432\u0441\u0435\u0433\u043e \u044d\u0442\u043e\u0433\u043e \u043f\u0440\u043e\u0446\u0435\u0441\u0441\u0430 \u043e\u0441\u043e\u0431\u043e \u0432\u0430\u0436\u043d\u0430 \u0432\u044b\u0441\u043e\u043a\u0430\u044f \u043a\u0432\u0430\u043b\u0438\u0444\u0438\u043a\u0430\u0446\u0438\u044f \u043c\u0430\u0441\u0442\u0435\u0440\u0430, \u043f\u0440\u043e\u0444\u0435\u0441\u0441\u0438\u043e\u043d\u0430\u043b\u044c\u043d\u044b\u0435 \u0438\u043d\u0441\u0442\u0440\u0443\u043c\u0435\u043d\u0442\u044b, \u0441\u043e\u043e\u0442\u0432\u0435\u0442\u0441\u0442\u0432\u0443\u044e\u0449\u0438\u0435 \u043c\u0430\u0442\u0435\u0440\u0438\u0430\u043b\u044b, \u043f\u0440\u0438\u043c\u0435\u043d\u0438\u043c\u044b\u0435 \u0432 \u043f\u043e\u0434\u0445\u043e\u0434\u044f\u0449\u0435\u0439 \u0441\u0438\u0442\u0443\u0430\u0446\u0438\u0438. \u0423\u0447\u0438\u0442\u044b\u0432\u0430\u044f \u043f\u043e\u0441\u043b\u0435\u0434\u043d\u0438\u0435 \u0442\u0435\u043d\u0434\u0435\u043d\u0446\u0438\u0438 \u0432 \u043e\u0431\u043b\u0430\u0441\u0442\u0438 \u043f\u043b\u0438\u0442\u043a\u0438, \u043a\u043e\u0433\u0434\u0430 \u0437\u0430\u043a\u0430\u0437\u0447\u0438\u043a \u043c\u043e\u0436\u0435\u0442 \u0432\u044b\u0431\u0440\u0430\u0442\u044c \u043c\u0430\u0442\u0435\u0440\u0438\u0430\u043b, \u043e\u0442 \u043c\u043e\u0437\u0430\u0438\u043a\u0438 \u0434\u043e \u043a\u0440\u0443\u043f\u043d\u043e\u0444\u043e\u0440\u043c\u0430\u0442\u043d\u043e\u0433\u043e \u0440\u0435\u0448\u0435\u043d\u0438\u044f, [&hellip;]<\/p>\n","protected":false},"author":1,"featured_media":0,"parent":0,"menu_order":0,"comment_status":"closed","ping_status":"closed","template":"","meta":{"footnotes":""},"class_list":["post-8649","page","type-page","status-publish","hentry"],"_links":{"self":[{"href":"https:\/\/videa.lv\/ru\/wp-json\/wp\/v2\/pages\/8649","targetHints":{"allow":["GET"]}}],"collection":[{"href":"https:\/\/videa.lv\/ru\/wp-json\/wp\/v2\/pages"}],"about":[{"href":"https:\/\/videa.lv\/ru\/wp-json\/wp\/v2\/types\/page"}],"author":[{"embeddable":true,"href":"https:\/\/videa.lv\/ru\/wp-json\/wp\/v2\/users\/1"}],"replies":[{"embeddable":true,"href":"https:\/\/videa.lv\/ru\/wp-json\/wp\/v2\/comments?post=8649"}],"version-history":[{"count":46,"href":"https:\/\/videa.lv\/ru\/wp-json\/wp\/v2\/pages\/8649\/revisions"}],"predecessor-version":[{"id":9004,"href":"https:\/\/videa.lv\/ru\/wp-json\/wp\/v2\/pages\/8649\/revisions\/9004"}],"wp:attachment":[{"href":"https:\/\/videa.lv\/ru\/wp-json\/wp\/v2\/media?parent=8649"}],"curies":[{"name":"wp","href":"https:\/\/api.w.org\/{rel}","templated":true}]}}