{"id":8654,"date":"2021-04-28T12:38:07","date_gmt":"2021-04-28T12:38:07","guid":{"rendered":"https:\/\/videa.lv\/?page_id=8654"},"modified":"2021-09-14T10:56:21","modified_gmt":"2021-09-14T10:56:21","slug":"lielformata-flizu-ieklasana-sarezgitos-projektos","status":"publish","type":"page","link":"https:\/\/videa.lv\/ru\/lielformata-flizu-ieklasana-sarezgitos-projektos\/","title":{"rendered":"Lielform\u0101ta fl\u012b\u017eu iekl\u0101\u0161ana sare\u017e\u0123\u012btos projektos"},"content":{"rendered":"\t\t<div data-elementor-type=\"wp-page\" data-elementor-id=\"8654\" class=\"elementor elementor-8654\" data-elementor-settings=\"[]\">\n\t\t\t\t\t\t<div class=\"elementor-inner\">\n\t\t\t\t\t\t\t<div class=\"elementor-section-wrap\">\n\t\t\t\t\t\t\t<section class=\"elementor-section elementor-top-section elementor-element elementor-element-3449048 elementor-section-boxed elementor-section-height-default elementor-section-height-default\" data-id=\"3449048\" data-element_type=\"section\">\n\t\t\t\t\t\t<div class=\"elementor-container elementor-column-gap-no\">\n\t\t\t\t\t\t\t<div class=\"elementor-row\">\n\t\t\t\t\t<div class=\"elementor-column elementor-col-100 elementor-top-column elementor-element elementor-element-da1c3f0\" data-id=\"da1c3f0\" data-element_type=\"column\">\n\t\t\t<div class=\"elementor-column-wrap elementor-element-populated\">\n\t\t\t\t\t\t\t<div class=\"elementor-widget-wrap\">\n\t\t\t\t\t\t<section class=\"elementor-section elementor-inner-section elementor-element elementor-element-24ee839 elementor-section-height-min-height elementor-section-boxed elementor-section-height-default\" data-id=\"24ee839\" data-element_type=\"section\">\n\t\t\t\t\t\t<div class=\"elementor-container elementor-column-gap-default\">\n\t\t\t\t\t\t\t<div class=\"elementor-row\">\n\t\t\t\t\t<div class=\"elementor-column elementor-col-50 elementor-inner-column elementor-element elementor-element-0182f9f\" data-id=\"0182f9f\" data-element_type=\"column\" data-settings=\"{&quot;background_background&quot;:&quot;classic&quot;}\">\n\t\t\t<div class=\"elementor-column-wrap elementor-element-populated\">\n\t\t\t\t\t\t\t<div class=\"elementor-widget-wrap\">\n\t\t\t\t\t\t<div class=\"elementor-element elementor-element-e125758 elementor-widget elementor-widget-image\" data-id=\"e125758\" data-element_type=\"widget\" data-widget_type=\"image.default\">\n\t\t\t\t<div class=\"elementor-widget-container\">\n\t\t\t\t\t\t\t\t<div class=\"elementor-image\">\n\t\t\t\t\t\t\t\t\t\t\t\t<img loading=\"lazy\" decoding=\"async\" width=\"800\" height=\"600\" src=\"https:\/\/videa.lv\/wp-content\/uploads\/2021\/04\/4-1.jpg\" class=\"attachment-large size-large\" alt=\"\" srcset=\"https:\/\/videa.lv\/wp-content\/uploads\/2021\/04\/4-1.jpg 1024w, https:\/\/videa.lv\/wp-content\/uploads\/2021\/04\/4-1-300x225.jpg 300w, https:\/\/videa.lv\/wp-content\/uploads\/2021\/04\/4-1-768x576.jpg 768w\" sizes=\"auto, (max-width: 800px) 100vw, 800px\" \/>\t\t\t\t\t\t\t\t\t\t\t\t\t\t<\/div>\n\t\t\t\t\t\t<\/div>\n\t\t\t\t<\/div>\n\t\t\t\t\t\t<\/div>\n\t\t\t\t\t<\/div>\n\t\t<\/div>\n\t\t\t\t<div class=\"elementor-column elementor-col-50 elementor-inner-column elementor-element elementor-element-ab02329\" data-id=\"ab02329\" data-element_type=\"column\" data-settings=\"{&quot;background_background&quot;:&quot;classic&quot;}\">\n\t\t\t<div class=\"elementor-column-wrap elementor-element-populated\">\n\t\t\t\t\t\t\t<div class=\"elementor-widget-wrap\">\n\t\t\t\t\t\t<div class=\"elementor-element elementor-element-4aef3e0 elementor-widget elementor-widget-heading\" data-id=\"4aef3e0\" data-element_type=\"widget\" data-widget_type=\"heading.default\">\n\t\t\t\t<div class=\"elementor-widget-container\">\n\t\t\t<h1 class=\"elementor-heading-title elementor-size-default\"> \u0423\u043a\u043b\u0430\u0434\u043a\u0430 \u043a\u0440\u0443\u043f\u043d\u043e\u0444\u043e\u0440\u043c\u0430\u0442\u043d\u043e\u0439 \u043f\u043b\u0438\u0442\u043a\u0438 \u0432 \u0441\u043b\u043e\u0436\u043d\u044b\u0445 \u043e\u0431\u044c\u0435\u043a\u0442\u0430\u0445 -<\/h1>\t\t<\/div>\n\t\t\t\t<\/div>\n\t\t\t\t<div class=\"elementor-element elementor-element-359a55a elementor-widget elementor-widget-text-editor\" data-id=\"359a55a\" data-element_type=\"widget\" data-widget_type=\"text-editor.default\">\n\t\t\t\t<div class=\"elementor-widget-container\">\n\t\t\t\t\t\t\t\t<div class=\"elementor-text-editor elementor-clearfix\">\n\t\t\t\t<div class=\"left\"><p class=\"p1\"> \u00a0 \u00a0 \u0423\u043a\u043b\u0430\u0434\u043a\u0430 \u043f\u043b\u0438\u0442\u043a\u0438 \u043d\u0430 \u043f\u043e\u043b \u0438 \u0441\u0442\u0435\u043d\u044b &#8212; \u0441\u043b\u043e\u0436\u043d\u044b\u0439 \u0438 \u0442\u0440\u0443\u0434\u043e\u0435\u043c\u043a\u0438\u0439 \u043f\u0440\u043e\u0446\u0435\u0441\u0441. \u041d\u0430 \u043f\u0440\u043e\u0442\u044f\u0436\u0435\u043d\u0438\u0438 \u0432\u0441\u0435\u0433\u043e \u044d\u0442\u043e\u0433\u043e \u043f\u0440\u043e\u0446\u0435\u0441\u0441\u0430 \u0432\u0430\u0436\u043d\u0430 \u0432\u044b\u0441\u043e\u043a\u0430\u044f \u043a\u0432\u0430\u043b\u0438\u0444\u0438\u043a\u0430\u0446\u0438\u044f \u043c\u0430\u0441\u0442\u0435\u0440\u0430, \u043f\u0440\u043e\u0444\u0435\u0441\u0441\u0438\u043e\u043d\u0430\u043b\u044c\u043d\u044b\u0435 \u0438\u043d\u0441\u0442\u0440\u0443\u043c\u0435\u043d\u0442\u044b, \u0441\u043e\u043e\u0442\u0432\u0435\u0442\u0441\u0442\u0432\u0443\u044e\u0449\u0438\u0435 \u043c\u0430\u0442\u0435\u0440\u0438\u0430\u043b\u044b, \u043f\u0440\u0438\u043c\u0435\u043d\u0438\u043c\u044b\u0435 \u0432 \u043f\u043e\u0434\u0445\u043e\u0434\u044f\u0449\u0435\u0439 \u0441\u0438\u0442\u0443\u0430\u0446\u0438\u0438. \u0423\u0447\u0438\u0442\u044b\u0432\u0430\u044f \u043f\u043e\u0441\u043b\u0435\u0434\u043d\u0438\u0435 \u0442\u0435\u043d\u0434\u0435\u043d\u0446\u0438\u0438 \u0432 \u043e\u0431\u043b\u0430\u0441\u0442\u0438 \u043f\u043b\u0438\u0442\u043a\u0438, \u043a\u043e\u0433\u0434\u0430 \u0437\u0430\u043a\u0430\u0437\u0447\u0438\u043a \u0447\u0430\u0441\u0442\u043e \u0432\u044b\u0431\u0438\u0440\u0430\u0435\u0442 \u043a\u0440\u0443\u043f\u043d\u043e\u0444\u043e\u0440\u043c\u0430\u0442\u043d\u0443\u044e \u043f\u043b\u0438\u0442\u043a\u0443, \u0432\u0430\u0436\u043d\u043e \u043f\u0440\u0438 \u0443\u043a\u043b\u0430\u0434\u043a\u0435 \u0441\u043e\u0431\u043b\u044e\u0434\u0430\u0442\u044c \u0432\u0441\u0435 \u0442\u0435\u0445\u043d\u043e\u043b\u043e\u0433\u0438\u0438. \u041f\u0440\u0438 \u0443\u043a\u043b\u0430\u0434\u043a\u0435 \u043a\u0440\u0443\u043f\u043d\u043e\u0444\u043e\u0440\u043c\u0430\u0442\u043d\u043e\u0439 \u043f\u043b\u0438\u0442\u043a\u0438 \u043e\u0447\u0435\u043d\u044c \u0432\u0430\u0436\u043d\u0430 \u043a\u0432\u0430\u043b\u0438\u0444\u0438\u043a\u0430\u0446\u0438\u044f \u0438 \u043e\u043f\u044b\u0442 \u043c\u0430\u0441\u0442\u0435\u0440\u0430, \u043f\u0440\u043e\u0444\u0435\u0441\u0441\u0438\u043e\u043d\u0430\u043b\u044c\u043d\u044b\u0435 \u0438\u043d\u0441\u0442\u0440\u0443\u043c\u0435\u043d\u0442\u044b \u0434\u043b\u044f \u0440\u0435\u0437\u043a\u0438 \u043f\u043b\u0438\u0442\u043a\u0438, \u0432\u044b\u0431\u043e\u0440 \u043f\u043e\u0434\u0445\u043e\u0434\u044f\u0449\u0435\u0433\u043e \u043f\u043b\u0438\u0442\u043e\u0447\u043d\u043e\u0433\u043e \u043a\u043b\u0435\u044f, \u043f\u0440\u0430\u0432\u0438\u043b\u044c\u043d\u043e\u0435 \u0437\u0430\u043f\u043e\u043b\u043d\u0435\u043d\u0438\u0435 \u043c\u0435\u0436 \u043f\u043b\u0438\u0442\u043e\u0447\u043d\u044b\u0445 \u0448\u0432\u043e\u0432. \u0423\u043a\u043b\u0430\u0434\u043a\u0430 \u043a\u0440\u0443\u043f\u043d\u043e\u0444\u043e\u0440\u043c\u0430\u0442\u043d\u043e\u0439 \u043f\u043b\u0438\u0442\u043a\u0438 \u0432\u0441\u0435\u0433\u0434\u0430 \u0431\u0443\u0434\u0435\u0442 \u0431\u043e\u043b\u0435\u0435 \u0437\u0430\u0442\u0440\u0430\u0442\u043d\u044b\u043c \u043f\u0440\u043e\u0446\u0435\u0441\u0441\u043e\u043c, \u0432\u0435\u0434\u044c \u0434\u0430\u0436\u0435 \u0434\u043e\u0441\u0442\u0430\u0432\u043a\u0430 \u043d\u0430 \u043e\u0431\u044a\u0435\u043a\u0442 \u043f\u043e\u0442\u0440\u0435\u0431\u0443\u0435\u0442 \u043e\u043f\u0440\u0435\u0434\u0435\u043b\u0435\u043d\u043d\u044b\u0445 \u043d\u0430\u0432\u044b\u043a\u043e\u0432 \u0438 \u043e\u043f\u044b\u0442\u0430. \u041d\u0430\u0448\u0438\u043c\u0438 \u043e\u0441\u043d\u043e\u0432\u043d\u044b\u043c\u0438 \u043f\u0430\u0440\u0442\u043d\u0451\u0440\u0430\u043c\u0438 \u044f\u0432\u043b\u044f\u044e\u0442\u0441\u044f: Graniti Fiandre, Laminam, DECTON, Ragno.<\/p><p>\u0412\u043e\u0437\u043c\u043e\u0436\u043d\u043e\u0441\u0442\u0438 \u043a\u0440\u0443\u043f\u043d\u043e\u0444\u043e\u0440\u043c\u0430\u0442\u043d\u043e\u0439 \u043f\u043b\u0438\u0442\u043a\u0438:<\/p><ul><li>\u041a\u0440\u0443\u043f\u043d\u043e\u0444\u043e\u0440\u043c\u0430\u0442\u043d\u0430\u044f \u043f\u043b\u0438\u0442\u043a\u0430 &#8212; \u043f\u0440\u0438\u0432\u043b\u0435\u043a\u0430\u0442\u0435\u043b\u044c\u043d\u044b\u0439 \u0434\u0438\u0437\u0430\u0439\u043d\u0435\u0440\u0441\u043a\u0438\u0439 \u043f\u0440\u043e\u0434\u0443\u043a\u0442<\/li><li>\u041a\u0440\u0443\u043f\u043d\u043e\u0444\u043e\u0440\u043c\u0430\u0442\u043d\u0430\u044f \u043f\u043b\u0438\u0442\u043a\u0430 &#8212; \u043c\u0430\u0442\u0435\u0440\u0438\u0430\u043b \u0441 \u043c\u0438\u043d\u0438\u043c\u0430\u043b\u044c\u043d\u044b\u043c \u043a\u043e\u043b\u0438\u0447\u0435\u0441\u0442\u0432\u043e\u043c \u0448\u0432\u043e\u0432<\/li><li>\u041a\u0440\u0443\u043f\u043d\u043e\u0444\u043e\u0440\u043c\u0430\u0442\u043d\u0430\u044f \u043f\u043b\u0438\u0442\u043a\u0430 &#8212; \u043c\u043e\u0436\u0435\u0442 \u0438\u0441\u043f\u043e\u043b\u044c\u0437\u043e\u0432\u0430\u0442\u044c\u0441\u044f \u043d\u0430 \u0441\u0442\u0435\u043d\u0430\u0445 \u0438 \u043f\u043e\u043b\u0430\u0445<\/li><li>\u041a\u0440\u0443\u043f\u043d\u043e\u0444\u043e\u0440\u043c\u0430\u0442\u043d\u0430\u044f \u043f\u043b\u0438\u0442\u043a\u0430 &#8212; \u0441\u043b\u0443\u0436\u0438\u0442 \u043e\u0442\u043b\u0438\u0447\u043d\u044b\u043c \u0440\u0435\u0448\u0435\u043d\u0438\u0435\u043c \u0434\u043b\u044f \u043e\u0431\u043a\u043b\u0435\u0438\u0432\u0430\u043d\u0438\u044f \u0434\u0432\u0435\u0440\u0435\u0439, \u0441\u0442\u043e\u043b\u043e\u0432 \u0438 \u0431\u0430\u0440\u043d\u044b\u0445 \u0441\u0442\u043e\u0435\u043a<\/li><li>\u041a\u0440\u0443\u043f\u043d\u043e\u0444\u043e\u0440\u043c\u0430\u0442\u043d\u0430\u044f \u043f\u043b\u0438\u0442\u043a\u0430 &#8212; \u043c\u0430\u0442\u0435\u0440\u0438\u0430\u043b, \u043a\u043e\u0442\u043e\u0440\u044b\u0439 \u043b\u0435\u0433\u043a\u043e \u043e\u0431\u0440\u0430\u0431\u043e\u0442\u0430\u0442\u044c \u0438\u043c\u0435\u044f \u043f\u0440\u043e\u0444\u0435\u0441\u0441\u0438\u043e\u043d\u0430\u043b\u044c\u043d\u044b\u0439 \u0438\u043d\u0441\u0442\u0440\u0443\u043c\u0435\u043d\u0442 \u0438 \u0441\u043e\u043e\u0442\u0432\u0435\u0442\u0441\u0442\u0432\u0443\u044e\u0449\u0438\u0435 \u0437\u043d\u0430\u043d\u0438\u044f<\/li><li>\u041a\u0440\u0443\u043f\u043d\u043e\u0444\u043e\u0440\u043c\u0430\u0442\u043d\u0430\u044f \u043f\u043b\u0438\u0442\u043a\u0430 &#8212; \u0448\u0438\u0440\u043e\u043a\u043e \u043f\u0440\u0438\u043c\u0435\u043d\u044f\u0435\u0442\u0441\u044f \u0432 \u0438\u043d\u0442\u0435\u0440\u044c\u0435\u0440\u0435 \u0438 \u044d\u043a\u0441\u0442\u0435\u0440\u044c\u0435\u0440\u0435 <\/li><\/ul><p class=\"p1\">\u00a0<\/p><\/div>\t\t\t\t\t<\/div>\n\t\t\t\t\t\t<\/div>\n\t\t\t\t<\/div>\n\t\t\t\t\t\t<\/div>\n\t\t\t\t\t<\/div>\n\t\t<\/div>\n\t\t\t\t\t\t\t\t<\/div>\n\t\t\t\t\t<\/div>\n\t\t<\/section>\n\t\t\t\t\t\t<\/div>\n\t\t\t\t\t<\/div>\n\t\t<\/div>\n\t\t\t\t\t\t\t\t<\/div>\n\t\t\t\t\t<\/div>\n\t\t<\/section>\n\t\t\t\t\t\t<\/div>\n\t\t\t\t\t\t<\/div>\n\t\t\t\t\t<\/div>\n\t\t","protected":false},"excerpt":{"rendered":"<p>\u0423\u043a\u043b\u0430\u0434\u043a\u0430 \u043a\u0440\u0443\u043f\u043d\u043e\u0444\u043e\u0440\u043c\u0430\u0442\u043d\u043e\u0439 \u043f\u043b\u0438\u0442\u043a\u0438 \u0432 \u0441\u043b\u043e\u0436\u043d\u044b\u0445 \u043e\u0431\u044c\u0435\u043a\u0442\u0430\u0445 &#8212; \u00a0 \u00a0 \u0423\u043a\u043b\u0430\u0434\u043a\u0430 \u043f\u043b\u0438\u0442\u043a\u0438 \u043d\u0430 \u043f\u043e\u043b \u0438 \u0441\u0442\u0435\u043d\u044b &#8212; \u0441\u043b\u043e\u0436\u043d\u044b\u0439 \u0438 \u0442\u0440\u0443\u0434\u043e\u0435\u043c\u043a\u0438\u0439 \u043f\u0440\u043e\u0446\u0435\u0441\u0441. \u041d\u0430 \u043f\u0440\u043e\u0442\u044f\u0436\u0435\u043d\u0438\u0438 \u0432\u0441\u0435\u0433\u043e \u044d\u0442\u043e\u0433\u043e \u043f\u0440\u043e\u0446\u0435\u0441\u0441\u0430 \u0432\u0430\u0436\u043d\u0430 \u0432\u044b\u0441\u043e\u043a\u0430\u044f \u043a\u0432\u0430\u043b\u0438\u0444\u0438\u043a\u0430\u0446\u0438\u044f \u043c\u0430\u0441\u0442\u0435\u0440\u0430, \u043f\u0440\u043e\u0444\u0435\u0441\u0441\u0438\u043e\u043d\u0430\u043b\u044c\u043d\u044b\u0435 \u0438\u043d\u0441\u0442\u0440\u0443\u043c\u0435\u043d\u0442\u044b, \u0441\u043e\u043e\u0442\u0432\u0435\u0442\u0441\u0442\u0432\u0443\u044e\u0449\u0438\u0435 \u043c\u0430\u0442\u0435\u0440\u0438\u0430\u043b\u044b, \u043f\u0440\u0438\u043c\u0435\u043d\u0438\u043c\u044b\u0435 \u0432 \u043f\u043e\u0434\u0445\u043e\u0434\u044f\u0449\u0435\u0439 \u0441\u0438\u0442\u0443\u0430\u0446\u0438\u0438. \u0423\u0447\u0438\u0442\u044b\u0432\u0430\u044f \u043f\u043e\u0441\u043b\u0435\u0434\u043d\u0438\u0435 \u0442\u0435\u043d\u0434\u0435\u043d\u0446\u0438\u0438 \u0432 \u043e\u0431\u043b\u0430\u0441\u0442\u0438 \u043f\u043b\u0438\u0442\u043a\u0438, \u043a\u043e\u0433\u0434\u0430 \u0437\u0430\u043a\u0430\u0437\u0447\u0438\u043a \u0447\u0430\u0441\u0442\u043e \u0432\u044b\u0431\u0438\u0440\u0430\u0435\u0442 \u043a\u0440\u0443\u043f\u043d\u043e\u0444\u043e\u0440\u043c\u0430\u0442\u043d\u0443\u044e \u043f\u043b\u0438\u0442\u043a\u0443, \u0432\u0430\u0436\u043d\u043e \u043f\u0440\u0438 \u0443\u043a\u043b\u0430\u0434\u043a\u0435 \u0441\u043e\u0431\u043b\u044e\u0434\u0430\u0442\u044c \u0432\u0441\u0435 \u0442\u0435\u0445\u043d\u043e\u043b\u043e\u0433\u0438\u0438. [&hellip;]<\/p>\n","protected":false},"author":1,"featured_media":0,"parent":0,"menu_order":0,"comment_status":"closed","ping_status":"closed","template":"","meta":{"footnotes":""},"class_list":["post-8654","page","type-page","status-publish","hentry"],"_links":{"self":[{"href":"https:\/\/videa.lv\/ru\/wp-json\/wp\/v2\/pages\/8654","targetHints":{"allow":["GET"]}}],"collection":[{"href":"https:\/\/videa.lv\/ru\/wp-json\/wp\/v2\/pages"}],"about":[{"href":"https:\/\/videa.lv\/ru\/wp-json\/wp\/v2\/types\/page"}],"author":[{"embeddable":true,"href":"https:\/\/videa.lv\/ru\/wp-json\/wp\/v2\/users\/1"}],"replies":[{"embeddable":true,"href":"https:\/\/videa.lv\/ru\/wp-json\/wp\/v2\/comments?post=8654"}],"version-history":[{"count":40,"href":"https:\/\/videa.lv\/ru\/wp-json\/wp\/v2\/pages\/8654\/revisions"}],"predecessor-version":[{"id":9761,"href":"https:\/\/videa.lv\/ru\/wp-json\/wp\/v2\/pages\/8654\/revisions\/9761"}],"wp:attachment":[{"href":"https:\/\/videa.lv\/ru\/wp-json\/wp\/v2\/media?parent=8654"}],"curies":[{"name":"wp","href":"https:\/\/api.w.org\/{rel}","templated":true}]}}