{"id":8662,"date":"2021-04-28T12:38:57","date_gmt":"2021-04-28T12:38:57","guid":{"rendered":"https:\/\/videa.lv\/?page_id=8662"},"modified":"2022-08-23T09:00:32","modified_gmt":"2022-08-23T09:00:32","slug":"kapnu-elementu-izgatavosana-un-uzstadisana","status":"publish","type":"page","link":"https:\/\/videa.lv\/ru\/kapnu-elementu-izgatavosana-un-uzstadisana\/","title":{"rendered":"K\u0101p\u0146u elementu izgatavo\u0161ana un uzst\u0101d\u012b\u0161ana"},"content":{"rendered":"\t\t<div data-elementor-type=\"wp-page\" data-elementor-id=\"8662\" class=\"elementor elementor-8662\" data-elementor-settings=\"[]\">\n\t\t\t\t\t\t<div class=\"elementor-inner\">\n\t\t\t\t\t\t\t<div class=\"elementor-section-wrap\">\n\t\t\t\t\t\t\t<section class=\"elementor-section elementor-top-section elementor-element elementor-element-d8f4e7a elementor-section-boxed elementor-section-height-default elementor-section-height-default\" data-id=\"d8f4e7a\" data-element_type=\"section\">\n\t\t\t\t\t\t<div class=\"elementor-container elementor-column-gap-no\">\n\t\t\t\t\t\t\t<div class=\"elementor-row\">\n\t\t\t\t\t<div class=\"elementor-column elementor-col-100 elementor-top-column elementor-element elementor-element-40636bb\" data-id=\"40636bb\" data-element_type=\"column\">\n\t\t\t<div class=\"elementor-column-wrap elementor-element-populated\">\n\t\t\t\t\t\t\t<div class=\"elementor-widget-wrap\">\n\t\t\t\t\t\t<section class=\"elementor-section elementor-inner-section elementor-element elementor-element-8f0f922 elementor-section-height-min-height elementor-section-boxed elementor-section-height-default\" data-id=\"8f0f922\" data-element_type=\"section\">\n\t\t\t\t\t\t<div class=\"elementor-container elementor-column-gap-default\">\n\t\t\t\t\t\t\t<div class=\"elementor-row\">\n\t\t\t\t\t<div class=\"elementor-column elementor-col-50 elementor-inner-column elementor-element elementor-element-74cc577\" data-id=\"74cc577\" data-element_type=\"column\" data-settings=\"{&quot;background_background&quot;:&quot;classic&quot;}\">\n\t\t\t<div class=\"elementor-column-wrap elementor-element-populated\">\n\t\t\t\t\t\t\t<div class=\"elementor-widget-wrap\">\n\t\t\t\t\t\t<div class=\"elementor-element elementor-element-c4b9407 elementor-widget elementor-widget-image\" data-id=\"c4b9407\" data-element_type=\"widget\" data-widget_type=\"image.default\">\n\t\t\t\t<div class=\"elementor-widget-container\">\n\t\t\t\t\t\t\t\t<div class=\"elementor-image\">\n\t\t\t\t\t\t\t\t\t\t\t\t<img loading=\"lazy\" decoding=\"async\" width=\"768\" height=\"1024\" src=\"https:\/\/videa.lv\/wp-content\/uploads\/2021\/04\/3.jpg\" class=\"attachment-large size-large\" alt=\"\" srcset=\"https:\/\/videa.lv\/wp-content\/uploads\/2021\/04\/3.jpg 768w, https:\/\/videa.lv\/wp-content\/uploads\/2021\/04\/3-225x300.jpg 225w\" sizes=\"auto, (max-width: 768px) 100vw, 768px\" \/>\t\t\t\t\t\t\t\t\t\t\t\t\t\t<\/div>\n\t\t\t\t\t\t<\/div>\n\t\t\t\t<\/div>\n\t\t\t\t\t\t<\/div>\n\t\t\t\t\t<\/div>\n\t\t<\/div>\n\t\t\t\t<div class=\"elementor-column elementor-col-50 elementor-inner-column elementor-element elementor-element-a14e162\" data-id=\"a14e162\" data-element_type=\"column\" data-settings=\"{&quot;background_background&quot;:&quot;classic&quot;}\">\n\t\t\t<div class=\"elementor-column-wrap elementor-element-populated\">\n\t\t\t\t\t\t\t<div class=\"elementor-widget-wrap\">\n\t\t\t\t\t\t<div class=\"elementor-element elementor-element-5121246 elementor-widget elementor-widget-heading\" data-id=\"5121246\" data-element_type=\"widget\" data-widget_type=\"heading.default\">\n\t\t\t\t<div class=\"elementor-widget-container\">\n\t\t\t<h1 class=\"elementor-heading-title elementor-size-default\">  \u0418\u0437\u0433\u043e\u0442\u043e\u0432\u043b\u0435\u043d\u0438\u0435 \u0438 \u0443\u0441\u0442\u0430\u043d\u043e\u0432\u043a\u0430 \u044d\u043b\u0435\u043c\u0435\u043d\u0442\u043e\u0432 \u043b\u0435\u0441\u0442\u043d\u0438\u0446\u044b -<\/h1>\t\t<\/div>\n\t\t\t\t<\/div>\n\t\t\t\t<div class=\"elementor-element elementor-element-67456d2 elementor-widget elementor-widget-text-editor\" data-id=\"67456d2\" data-element_type=\"widget\" data-widget_type=\"text-editor.default\">\n\t\t\t\t<div class=\"elementor-widget-container\">\n\t\t\t\t\t\t\t\t<div class=\"elementor-text-editor elementor-clearfix\">\n\t\t\t\t<div class=\"left\"><p class=\"p1\"> \u00a0 \u00a0 \u0412 \u043b\u044e\u0431\u043e\u043c \u043e\u0431\u044a\u0435\u043a\u0442\u0435 \u043b\u0435\u0441\u0442\u043d\u0438\u0446\u0430 &#8212; \u043e\u0434\u0438\u043d \u0438\u0437 \u0432\u0430\u0436\u043d\u0435\u0439\u0448\u0438\u0445 \u044d\u043b\u0435\u043c\u0435\u043d\u0442\u043e\u0432. \u041f\u043e \u0441\u0443\u0442\u0438, \u043c\u044b \u043c\u043e\u0436\u0435\u043c \u0440\u0430\u0437\u0434\u0435\u043b\u0438\u0442\u044c \u043b\u0435\u0441\u0442\u043d\u0438\u0446\u044b \u043d\u0430 \u0442\u0435, \u043a\u043e\u0442\u043e\u0440\u044b\u0435 \u0438\u0437\u0433\u043e\u0442\u043e\u0432\u043b\u0435\u043d\u044b \u0438\u0437 \u043d\u0430\u0442\u0443\u0440\u0430\u043b\u044c\u043d\u043e\u0433\u043e \u043a\u0430\u043c\u043d\u044f, \u0438\u0437 \u043f\u043b\u0438\u0442\u043a\u0438, \u0438\u0437 \u043a\u0432\u0430\u0440\u0446\u0430 \u0438\u043b\u0438 \u0430\u0433\u043b\u043e\u043c\u0435\u0440\u0430\u0442\u0430 \u0438\u043b\u0438 \u0434\u0435\u0440\u0435\u0432\u044f\u043d\u043d\u044b\u0435 \u043b\u0435\u0441\u0442\u043d\u0438\u0446\u044b.<\/p><p>\u00a0 \u00a0 \u041c\u044b \u043f\u0440\u0435\u0434\u043b\u0430\u0433\u0430\u0435\u043c \u043b\u0435\u0441\u0442\u043d\u0438\u0446\u044b \u0438\u0437 \u043d\u0430\u0442\u0443\u0440\u0430\u043b\u044c\u043d\u043e\u0433\u043e \u043a\u0430\u043c\u043d\u044f, \u043b\u0435\u0441\u0442\u043d\u0438\u0446\u044b \u0438\u0437 \u043f\u043b\u0438\u0442\u043a\u0438 (\u0441\u0442\u0443\u043f\u0435\u043d\u0438 \u0441 \u043e\u0442\u0434\u0435\u043b\u043a\u043e\u0439 \u043f\u043b\u0438\u0442\u043a\u043e\u0439), \u043b\u0435\u0441\u0442\u043d\u0438\u0446\u044b \u0438\u0437 \u043a\u0432\u0430\u0440\u0446\u0430 \u0438\u043b\u0438 \u0430\u0433\u043b\u043e\u043c\u0435\u0440\u0430\u0442\u0430. \u041b\u0435\u0441\u0442\u043d\u0438\u0446\u044b \u043a\u043e\u0442\u043e\u0440\u044b\u0435 \u043f\u0440\u043e\u0438\u0437\u0432\u0435\u0434\u0435\u043d\u044b \u0438\u0437 \u0432\u0441\u0435\u0445 \u044d\u0442\u0438\u0445 \u043c\u0430\u0442\u0435\u0440\u0438\u0430\u043b\u043e\u0432 \u044f\u0432\u043b\u044f\u044e\u0442\u0441\u044f \u043f\u0440\u043e\u0447\u043d\u044b\u043c\u0438, \u043c\u043e\u0433\u0443\u0442 \u0438\u043c\u0435\u0442\u044c \u0440\u0430\u0437\u043d\u0443\u044e \u0441\u0442\u0440\u0443\u043a\u0442\u0443\u0440\u0443 \u043f\u043e\u0432\u0435\u0440\u0445\u043d\u043e\u0441\u0442\u0438 \u0438 \u0440\u0430\u0437\u043d\u044b\u0439 \u0434\u0438\u0437\u0430\u0439\u043d. \u041f\u0440\u0438 \u0441\u043e\u0437\u0434\u0430\u043d\u0438\u0438 \u043b\u0435\u0441\u0442\u043d\u0438\u0446\u044b \u044d\u043b\u0435\u043c\u0435\u043d\u0442\u044b \u0441\u0442\u0443\u043f\u0435\u043d\u0438 \u043c\u043e\u0433\u0443\u0442 \u0431\u044b\u0442\u044c: \u044d\u043b\u0435\u043c\u0435\u043d\u0442\u044b \u0438\u0437 \u043f\u043b\u0438\u0442\u043a\u0438 \u0441 \u043e\u0431\u0440\u0430\u0431\u043e\u044c\u0430\u043d\u043d\u044b\u043c\u0438 \u043a\u0440\u0430\u044f\u043c\u0438, \u044d\u043b\u0435\u043c\u0435\u043d\u0442\u044b \u0441\u0442\u0443\u043f\u0435\u043d\u0435\u0439 \u0438\u0437 \u043f\u043b\u0438\u0442\u043a\u0438, \u043a\u043e\u0442\u043e\u0440\u044b\u0435 \u0438\u0437\u0433\u043e\u0442\u043e\u0432\u043b\u0435\u043d\u044b \u043d\u0430 \u043f\u0440\u043e\u0438\u0437\u0432\u043e\u0434\u0441\u0442\u0432\u0435, \u0441\u043a\u043b\u0435\u0435\u043d\u043d\u044b\u0435 \u0441\u0442\u0443\u043f\u0435\u043d\u0438, \u044d\u043b\u0435\u043c\u0435\u043d\u0442\u044b \u043c\u043e\u043d\u043e\u043b\u0438\u0442\u043d\u044b\u0435 \u044d\u043b\u0435\u043c\u0435\u043d\u0442\u044b \u0441\u0442\u0443\u043f\u0435\u043d\u0438. \u0421\u0442\u0443\u043f\u0435\u043d\u0438 \u043c\u043e\u0436\u043d\u043e \u0443\u0441\u0442\u0430\u043d\u0430\u0432\u043b\u0438\u0432\u0430\u0442\u044c \u043d\u0430 \u0431\u0435\u0442\u043e\u043d\u043d\u043e\u0435 \u043e\u0441\u043d\u043e\u0432\u0430\u043d\u0438\u0435 \u0438\u043b\u0438 \u043c\u0435\u0442\u0430\u043b\u043b\u0438\u0447\u0435\u0441\u043a\u0438\u0435 \u043a\u043e\u043d\u0441\u0442\u0440\u0443\u043a\u0446\u0438\u0438.<\/p><p>\u0412\u0430\u0440\u0438\u0430\u043d\u0442\u044b \u043b\u0435\u0441\u0442\u043d\u0438\u0446:<\/p><ul><li>\u041a\u0430\u043c\u0435\u043d\u043d\u0430\u044f \u043b\u0435\u0441\u0442\u043d\u0438\u0446\u0430 &#8212; \u0441\u0442\u0443\u043f\u0435\u043d\u0438 \u0438\u0437 \u043c\u0440\u0430\u043c\u043e\u0440\u0430 \u0438\u043b\u0438 \u0433\u0440\u0430\u043d\u0438\u0442\u0430, \u0441 \u043f\u043e\u0434\u0441\u0442\u0443\u043f\u0435\u043d\u043a\u043e\u0439 \u0438\u043b\u0438 \u0431\u0435\u0437 \u043d\u0435\u0451;<\/li><li>\u041b\u0435\u0441\u0442\u043d\u0438\u0446\u0430 \u0438\u0437 \u043f\u043b\u0438\u0442\u043a\u0438 &#8212; \u0441\u0442\u0443\u043f\u0435\u043d\u0438 \u0438\u0437 \u043f\u043b\u0438\u0442\u043a\u0438 \u2013 \u0438\u0437\u0433\u043e\u0442\u043e\u0432\u043b\u0435\u043d\u043d\u044b\u0435 \u043d\u0430 \u0437\u0430\u0432\u043e\u0434\u0435 \u0441\u043f\u0435\u0446\u0438\u0430\u043b\u044c\u043d\u044b\u0435 \u044d\u043b\u0435\u043c\u0435\u043d\u0442\u044b, \u044d\u043b\u0435\u043c\u0435\u043d\u0442\u044b \u0441\u0442\u0443\u043f\u0435\u043d\u0435\u0439 \u0438\u0437\u0433\u043e\u0442\u043e\u0432\u043b\u0435\u043d\u043d\u044b\u0435 \u043d\u0430 \u0437\u0430\u043a\u0430\u0437 \u0441\u043e\u0435\u0434\u0438\u043d\u044f\u044f \u0443\u0433\u043b\u044b \u043f\u043e\u0434 45 \u0433\u0440\u0430\u0434\u0443\u0441\u043e\u0432 \u0438\u043b\u0438 \u043f\u043e \u043d\u0435\u043e\u0431\u0445\u043e\u0434\u0438\u043c\u043e\u0441\u0442\u0438<\/li><li>\u041b\u0435\u0441\u0442\u043d\u0438\u0446\u0430 \u0438\u0437 \u043a\u0432\u0430\u0440\u0446\u0430, \u043b\u0435\u0441\u0442\u043d\u0438\u0446\u0430 \u0438\u0437 \u0430\u0433\u043b\u043e\u043c\u0435\u0440\u0430\u0442\u0430 &#8212; \u043c\u043e\u043d\u043e\u043b\u0438\u0442\u043d\u044b\u0435 \u0441\u0442\u0443\u043f\u0435\u043d\u0438 \u0438\u0437 \u043a\u0432\u0430\u0440\u0446\u0430 \u0438\u043b\u0438 \u0430\u0433\u043b\u043e\u043c\u0435\u0440\u0430\u0442\u0430, \u043e\u0447\u0435\u043d\u044c \u0443\u0441\u0442\u043e\u0439\u0447\u0438\u0432\u044b\u0435 \u043a \u0434\u0435\u0444\u043e\u0440\u043c\u0438\u0440\u043e\u0432\u0430\u043d\u0438\u044e (\u0432\u044b\u0433\u0438\u0431\u0430\u043d\u0438\u044e) \u0438 \u0440\u0430\u0437\u0440\u0443\u0448\u0435\u043d\u0438\u044e <\/li><\/ul><\/div>\t\t\t\t\t<\/div>\n\t\t\t\t\t\t<\/div>\n\t\t\t\t<\/div>\n\t\t\t\t\t\t<\/div>\n\t\t\t\t\t<\/div>\n\t\t<\/div>\n\t\t\t\t\t\t\t\t<\/div>\n\t\t\t\t\t<\/div>\n\t\t<\/section>\n\t\t\t\t\t\t<\/div>\n\t\t\t\t\t<\/div>\n\t\t<\/div>\n\t\t\t\t\t\t\t\t<\/div>\n\t\t\t\t\t<\/div>\n\t\t<\/section>\n\t\t\t\t\t\t<\/div>\n\t\t\t\t\t\t<\/div>\n\t\t\t\t\t<\/div>\n\t\t","protected":false},"excerpt":{"rendered":"<p>\u0418\u0437\u0433\u043e\u0442\u043e\u0432\u043b\u0435\u043d\u0438\u0435 \u0438 \u0443\u0441\u0442\u0430\u043d\u043e\u0432\u043a\u0430 \u044d\u043b\u0435\u043c\u0435\u043d\u0442\u043e\u0432 \u043b\u0435\u0441\u0442\u043d\u0438\u0446\u044b &#8212; \u00a0 \u00a0 \u0412 \u043b\u044e\u0431\u043e\u043c \u043e\u0431\u044a\u0435\u043a\u0442\u0435 \u043b\u0435\u0441\u0442\u043d\u0438\u0446\u0430 &#8212; \u043e\u0434\u0438\u043d \u0438\u0437 \u0432\u0430\u0436\u043d\u0435\u0439\u0448\u0438\u0445 \u044d\u043b\u0435\u043c\u0435\u043d\u0442\u043e\u0432. \u041f\u043e \u0441\u0443\u0442\u0438, \u043c\u044b \u043c\u043e\u0436\u0435\u043c \u0440\u0430\u0437\u0434\u0435\u043b\u0438\u0442\u044c \u043b\u0435\u0441\u0442\u043d\u0438\u0446\u044b \u043d\u0430 \u0442\u0435, \u043a\u043e\u0442\u043e\u0440\u044b\u0435 \u0438\u0437\u0433\u043e\u0442\u043e\u0432\u043b\u0435\u043d\u044b \u0438\u0437 \u043d\u0430\u0442\u0443\u0440\u0430\u043b\u044c\u043d\u043e\u0433\u043e \u043a\u0430\u043c\u043d\u044f, \u0438\u0437 \u043f\u043b\u0438\u0442\u043a\u0438, \u0438\u0437 \u043a\u0432\u0430\u0440\u0446\u0430 \u0438\u043b\u0438 \u0430\u0433\u043b\u043e\u043c\u0435\u0440\u0430\u0442\u0430 \u0438\u043b\u0438 \u0434\u0435\u0440\u0435\u0432\u044f\u043d\u043d\u044b\u0435 \u043b\u0435\u0441\u0442\u043d\u0438\u0446\u044b. \u00a0 \u00a0 \u041c\u044b \u043f\u0440\u0435\u0434\u043b\u0430\u0433\u0430\u0435\u043c \u043b\u0435\u0441\u0442\u043d\u0438\u0446\u044b \u0438\u0437 \u043d\u0430\u0442\u0443\u0440\u0430\u043b\u044c\u043d\u043e\u0433\u043e \u043a\u0430\u043c\u043d\u044f, \u043b\u0435\u0441\u0442\u043d\u0438\u0446\u044b \u0438\u0437 \u043f\u043b\u0438\u0442\u043a\u0438 (\u0441\u0442\u0443\u043f\u0435\u043d\u0438 \u0441 \u043e\u0442\u0434\u0435\u043b\u043a\u043e\u0439 \u043f\u043b\u0438\u0442\u043a\u043e\u0439), \u043b\u0435\u0441\u0442\u043d\u0438\u0446\u044b [&hellip;]<\/p>\n","protected":false},"author":1,"featured_media":0,"parent":0,"menu_order":0,"comment_status":"closed","ping_status":"closed","template":"","meta":{"footnotes":""},"class_list":["post-8662","page","type-page","status-publish","hentry"],"_links":{"self":[{"href":"https:\/\/videa.lv\/ru\/wp-json\/wp\/v2\/pages\/8662","targetHints":{"allow":["GET"]}}],"collection":[{"href":"https:\/\/videa.lv\/ru\/wp-json\/wp\/v2\/pages"}],"about":[{"href":"https:\/\/videa.lv\/ru\/wp-json\/wp\/v2\/types\/page"}],"author":[{"embeddable":true,"href":"https:\/\/videa.lv\/ru\/wp-json\/wp\/v2\/users\/1"}],"replies":[{"embeddable":true,"href":"https:\/\/videa.lv\/ru\/wp-json\/wp\/v2\/comments?post=8662"}],"version-history":[{"count":22,"href":"https:\/\/videa.lv\/ru\/wp-json\/wp\/v2\/pages\/8662\/revisions"}],"predecessor-version":[{"id":10869,"href":"https:\/\/videa.lv\/ru\/wp-json\/wp\/v2\/pages\/8662\/revisions\/10869"}],"wp:attachment":[{"href":"https:\/\/videa.lv\/ru\/wp-json\/wp\/v2\/media?parent=8662"}],"curies":[{"name":"wp","href":"https:\/\/api.w.org\/{rel}","templated":true}]}}